{"id":14233,"date":"2025-12-10T20:09:08","date_gmt":"2025-12-10T18:09:08","guid":{"rendered":"https:\/\/tea-shop.md\/product\/masala-chernyj\/"},"modified":"2026-03-31T22:07:25","modified_gmt":"2026-03-31T19:07:25","slug":"masala-chernyj","status":"publish","type":"product","link":"https:\/\/tea-shop.md\/ro\/produs\/masala-chernyj\/","title":{"rendered":"Masala (negru)"},"content":{"rendered":"<p>O b\u0103utur\u0103 picant\u0103 legendar\u0103 tradi\u021bional\u0103 din India magic\u0103 bazat\u0103 pe ceaiul Assam. Compozi\u021bia include condimente &#8222;\u00eenc\u0103lzitoare&#8221;: scor\u021bi\u0219oar\u0103, ghimbir, cui\u0219oare, cardamom verde \u0219i frunze de dafin. La b\u0103utura preparat\u0103 se adaug\u0103 lapte \u0219i miere.  <\/p>\n<p>Aceast\u0103 b\u0103utur\u0103 este o b\u0103utur\u0103 na\u021bional\u0103 \u00een India \u0219i este cunoscut\u0103 pentru aroma sa unic\u0103 \u0219i propriet\u0103\u021bile revigorante, create prin ad\u0103ugarea unui amestec de condimente aromate \u0219i ierburi la frunzele ceaiului negru (acest amestec se nume\u0219te de fapt &#8222;masala&#8221;).<\/p>\n<p>Condimentele nu numai c\u0103 confer\u0103 un gust \u0219i o arom\u0103 deosebite, dar au \u0219i propriet\u0103\u021bi antibacteriene, antiinflamatorii \u0219i antioxidante, accelereaz\u0103 metabolismul, \u00eent\u0103resc sistemul imunitar, au un efect terapeutic asupra tractului gastro-intestinal \u0219i a sistemului nervos, \u00eembun\u0103t\u0103\u021besc func\u021bionarea organelor respiratorii, stabilizeaz\u0103 tensiunea arterial\u0103, cre\u0219te activitatea mental\u0103.<\/p>\n<p>Se toarn\u0103 1 linguri\u021b\u0103 de frunze de ceai \u00een ceainic. Se toarn\u0103 250 ml de ap\u0103 cald\u0103 95cc, insist\u0103 timp de 3-5 minute pentru a ob\u021bine o b\u0103utur\u0103 cu un gust delicat. <\/p>\n","protected":false},"excerpt":{"rendered":"<p>O b\u0103utur\u0103 picant\u0103 legendar\u0103 tradi\u021bional\u0103 din India magic\u0103 bazat\u0103 pe ceaiul Assam. Compozi\u021bia include condimente &#8222;\u00eenc\u0103lzitoare&#8221;: scor\u021bi\u0219oar\u0103, ghimbir, cui\u0219oare, cardamom<\/p>\n","protected":false},"featured_media":14232,"comment_status":"open","ping_status":"closed","template":"","meta":[],"product_brand":[],"product_cat":[346,348],"product_tag":[],"class_list":{"0":"post-14233","1":"product","2":"type-product","3":"status-publish","4":"has-post-thumbnail","6":"product_cat-chernyj-chaj","7":"product_cat-chernyj-s-dobavkami","9":"first","10":"instock","11":"shipping-taxable","12":"purchasable","13":"product-type-variable","14":"has-default-attributes"},"_links":{"self":[{"href":"https:\/\/tea-shop.md\/ro\/wp-json\/wp\/v2\/product\/14233","targetHints":{"allow":["GET"]}}],"collection":[{"href":"https:\/\/tea-shop.md\/ro\/wp-json\/wp\/v2\/product"}],"about":[{"href":"https:\/\/tea-shop.md\/ro\/wp-json\/wp\/v2\/types\/product"}],"replies":[{"embeddable":true,"href":"https:\/\/tea-shop.md\/ro\/wp-json\/wp\/v2\/comments?post=14233"}],"version-history":[{"count":1,"href":"https:\/\/tea-shop.md\/ro\/wp-json\/wp\/v2\/product\/14233\/revisions"}],"predecessor-version":[{"id":14956,"href":"https:\/\/tea-shop.md\/ro\/wp-json\/wp\/v2\/product\/14233\/revisions\/14956"}],"wp:featuredmedia":[{"embeddable":true,"href":"https:\/\/tea-shop.md\/ro\/wp-json\/wp\/v2\/media\/14232"}],"wp:attachment":[{"href":"https:\/\/tea-shop.md\/ro\/wp-json\/wp\/v2\/media?parent=14233"}],"wp:term":[{"taxonomy":"product_brand","embeddable":true,"href":"https:\/\/tea-shop.md\/ro\/wp-json\/wp\/v2\/product_brand?post=14233"},{"taxonomy":"product_cat","embeddable":true,"href":"https:\/\/tea-shop.md\/ro\/wp-json\/wp\/v2\/product_cat?post=14233"},{"taxonomy":"product_tag","embeddable":true,"href":"https:\/\/tea-shop.md\/ro\/wp-json\/wp\/v2\/product_tag?post=14233"}],"curies":[{"name":"wp","href":"https:\/\/api.w.org\/{rel}","templated":true}]}}