{"id":14238,"date":"2025-12-10T20:09:06","date_gmt":"2025-12-10T18:09:06","guid":{"rendered":"https:\/\/tea-shop.md\/product\/negru-earl-grey-bergamota\/"},"modified":"2026-03-31T22:05:41","modified_gmt":"2026-03-31T19:05:41","slug":"negru-earl-grey-bergamota","status":"publish","type":"product","link":"https:\/\/tea-shop.md\/ro\/produs\/negru-earl-grey-bergamota\/","title":{"rendered":"Negru Earl Grey (bergamot\u0103)"},"content":{"rendered":"<p>Ceai de Ceylon cu frunze mari cu ulei de bergamot\u0103.<\/p>\n<p>Earl grey cu arom\u0103 de bergamot\u0103 este cunoscut \u00een \u00eentreaga lume \u0219i este considerat cea mai preferat\u0103 b\u0103utur\u0103 a britanicilor. Se crede c\u0103 a fost numit dup\u0103 Earl Charles Grey. Cu toate acestea, datorit\u0103 traducerii distorsionate, b\u0103utura a dob\u00e2ndit al doilea nume &#8222;num\u0103r Gri&#8221;. Acesta este un ceai Assam de \u00eenalt\u0103 calitate, aromat cu ulei, care este ob\u021binut din coaja de bergamot. Infuzia finit\u0103 are un gust pl\u0103cut de fructe \u0219i o arom\u0103 delicat\u0103 floral-citric\u0103.    <\/p>\n<p>Earl grey cu bergamot\u0103 \u00eembun\u0103t\u0103\u021be\u0219te digestia, are propriet\u0103\u021bi calmante \u0219i antidepresive \u0219i este un bun antiseptic. \u00cen plus, bergamota apar\u021bine grupului celor mai puternici afrodisiaci, a\u0219a c\u0103 o cea\u0219c\u0103 din aceast\u0103 b\u0103utur\u0103 va completa pl\u0103cut o sear\u0103 romantic\u0103. <\/p>\n<p>Bun gust bogat, \u00een special pentru iubitorii de ceai cu arom\u0103 de bergamot\u0103.<\/p>\n<p>Se toarn\u0103 1 linguri\u021b\u0103 de frunze de ceai \u00een ceainic. Se toarn\u0103 250 ml de ap\u0103 cald\u0103 95cc, insist\u0103 timp de 3-5 minute pentru a ob\u021bine o b\u0103utur\u0103 cu un gust delicat. <\/p>\n","protected":false},"excerpt":{"rendered":"<p>Ceai de Ceylon cu frunze mari cu ulei de bergamot\u0103. Earl grey cu arom\u0103 de bergamot\u0103 este cunoscut \u00een \u00eentreaga<\/p>\n","protected":false},"featured_media":13591,"comment_status":"open","ping_status":"closed","template":"","meta":[],"product_brand":[],"product_cat":[346,348],"product_tag":[],"class_list":{"0":"post-14238","1":"product","2":"type-product","3":"status-publish","4":"has-post-thumbnail","6":"product_cat-chernyj-chaj","7":"product_cat-chernyj-s-dobavkami","9":"first","10":"instock","11":"shipping-taxable","12":"purchasable","13":"product-type-variable","14":"has-default-attributes"},"_links":{"self":[{"href":"https:\/\/tea-shop.md\/ro\/wp-json\/wp\/v2\/product\/14238","targetHints":{"allow":["GET"]}}],"collection":[{"href":"https:\/\/tea-shop.md\/ro\/wp-json\/wp\/v2\/product"}],"about":[{"href":"https:\/\/tea-shop.md\/ro\/wp-json\/wp\/v2\/types\/product"}],"replies":[{"embeddable":true,"href":"https:\/\/tea-shop.md\/ro\/wp-json\/wp\/v2\/comments?post=14238"}],"version-history":[{"count":1,"href":"https:\/\/tea-shop.md\/ro\/wp-json\/wp\/v2\/product\/14238\/revisions"}],"predecessor-version":[{"id":14954,"href":"https:\/\/tea-shop.md\/ro\/wp-json\/wp\/v2\/product\/14238\/revisions\/14954"}],"wp:featuredmedia":[{"embeddable":true,"href":"https:\/\/tea-shop.md\/ro\/wp-json\/wp\/v2\/media\/13591"}],"wp:attachment":[{"href":"https:\/\/tea-shop.md\/ro\/wp-json\/wp\/v2\/media?parent=14238"}],"wp:term":[{"taxonomy":"product_brand","embeddable":true,"href":"https:\/\/tea-shop.md\/ro\/wp-json\/wp\/v2\/product_brand?post=14238"},{"taxonomy":"product_cat","embeddable":true,"href":"https:\/\/tea-shop.md\/ro\/wp-json\/wp\/v2\/product_cat?post=14238"},{"taxonomy":"product_tag","embeddable":true,"href":"https:\/\/tea-shop.md\/ro\/wp-json\/wp\/v2\/product_tag?post=14238"}],"curies":[{"name":"wp","href":"https:\/\/api.w.org\/{rel}","templated":true}]}}