{"id":14245,"date":"2025-12-10T20:09:13","date_gmt":"2025-12-10T18:09:13","guid":{"rendered":"https:\/\/tea-shop.md\/product\/mojito\/"},"modified":"2026-03-31T22:13:00","modified_gmt":"2026-03-31T19:13:00","slug":"mojito","status":"publish","type":"product","link":"https:\/\/tea-shop.md\/ro\/produs\/mojito\/","title":{"rendered":"Mojito"},"content":{"rendered":"<p>Ceai negru Ceylon cu frunze de mure, petale de floarea soarelui, ment\u0103, hibiscus alb, lemongrass \u0219i lemn dulce.<\/p>\n<p>Mojito este practic sinonim cu cuv\u00e2ntul prospe\u021bime pentru majoritatea dintre noi. Arom\u0103 u\u0219oar\u0103 \u0219i gust pl\u0103cut, cu note citrice \u0219i florale. Acesta nu este doar un ceai aromat, ci \u0219i o b\u0103utur\u0103 de var\u0103 r\u0103coritoare, plin\u0103 de prospe\u021bime de l\u0103m\u00e2ie \u0219i ment\u0103.<\/p>\n<p>Infuzia are o arom\u0103 \u0219i un gust bogat de ment\u0103-citrice.<\/p>\n<p>Se toarn\u0103 1 linguri\u021b\u0103 de frunze de ceai \u00een ceainic. Se toarn\u0103 250 ml de ap\u0103 cald\u0103 95cc, insist\u0103 timp de 3-5 minute pentru a ob\u021bine o b\u0103utur\u0103 cu un gust delicat. <\/p>\n","protected":false},"excerpt":{"rendered":"<p>\u041c\u043e\u0445\u0438\u0442\u043e, \u044d\u0442\u043e \u043f\u0440\u0430\u043a\u0442\u0438\u0447\u0435\u0441\u043a\u0438 \u0441\u0438\u043d\u043e\u043d\u0438\u043c \u0441\u043b\u043e\u0432\u0430 \u0441\u0432\u0435\u0436\u0435\u0441\u0442\u044c \u0434\u043b\u044f \u0431\u043e\u043b\u044c\u0448\u0438\u043d\u0441\u0442\u0432\u0430 \u0438\u0437 \u043d\u0430\u0441. \u041b\u0451\u0433\u043a\u0438\u0439 \u0430\u0440\u043e\u043c\u0430\u0442 \u0438 \u043f\u0440\u0438\u044f\u0442\u043d\u044b\u0439 \u0432\u043a\u0443\u0441, \u0441 \u0446\u0438\u0442\u0440\u0443\u0441\u043e\u0432\u044b\u043c\u0438 \u0438 \u0446\u0432\u0435\u0442\u043e\u0447\u043d\u044b\u043c\u0438 \u043d\u043e\u0442\u043a\u0430\u043c\u0438. \u0427\u0430\u0439 \u0430\u0440\u043e\u043c\u0430\u0442\u0438\u0437\u0438\u0440\u043e\u0432\u0430\u043d \u043d\u0430\u0442\u0443\u0440\u0430\u043b\u044c\u043d\u044b\u043c\u0438 \u043c\u0430\u0441\u043b\u0430\u043c\u0438.  <\/p>\n<p>\u041b\u0438\u043c\u043e\u043d\u043d\u0430\u044f \u0446\u0435\u0434\u0440\u0430, \u043b\u0435\u043f\u0435\u0441\u0442\u043a\u0438 \u0432\u0430\u0441\u0438\u043b\u044c\u043a\u0430, \u043c\u044f\u0442\u0430 \u0438 \u0432\u0435\u043b\u0438\u043a\u043e\u043b\u0435\u043f\u043d\u044b\u0439 \u0447\u0451\u0440\u043d\u044b\u0439 \u0447\u0430\u0439 \u2013 \u043f\u0440\u0435\u0432\u043e\u0441\u0445\u043e\u0434\u043d\u043e\u0435 \u0441\u043e\u0447\u0435\u0442\u0430\u043d\u0438\u0435.<\/p>\n<p>\u042d\u0442\u043e \u043d\u0435 \u0442\u043e\u043b\u044c\u043a\u043e \u0430\u0440\u043e\u043c\u0430\u0442\u043d\u044b\u0439 \u0447\u0430\u0439, \u043d\u043e \u0438 \u043e\u0441\u0432\u0435\u0436\u0430\u044e\u0449\u0438\u0439 \u043b\u0435\u0442\u043d\u0438\u0439 \u043d\u0430\u043f\u0438\u0442\u043e\u043a, \u043f\u043e\u043b\u043d\u044b\u0439 \u043b\u0438\u043c\u043e\u043d\u043d\u043e-\u043c\u044f\u0442\u043d\u043e\u0439 \u0441\u0432\u0435\u0436\u0435\u0441\u0442\u0438.<\/p>\n<p>Ceai negru Ceylon cu frunze de mure, petale de floarea soarelui, ment\u0103, hibiscus alb, lemongrass \u0219i lemn dulce.<\/p>\n<p>\u041d\u0430\u0441\u0442\u043e\u0439 \u043e\u0431\u043b\u0430\u0434\u0430\u0435\u0442 \u043d\u0430\u0441\u044b\u0449\u0435\u043d\u043d\u044b\u043c \u043c\u044f\u0442\u043d\u043e-\u0446\u0438\u0442\u0440\u0443\u0441\u043e\u0432\u044b\u043c \u0430\u0440\u043e\u043c\u0430\u0442\u043e\u043c \u0438 \u0432\u043a\u0443\u0441\u043e\u043c\u041d\u0430\u0441\u0442\u043e\u0439 \u043e\u0431\u043b\u0430\u0434\u0430\u0435\u0442 \u043d\u0430\u0441\u044b\u0449\u0435\u043d\u043d\u044b\u043c \u043c\u044f\u0442\u043d\u043e-\u0446\u0438\u0442\u0440\u0443\u0441\u043e\u0432\u044b\u043c \u0430\u0440\u043e\u043c\u0430\u0442\u043e\u043c \u0438 \u0432\u043a\u0443\u0441\u043e\u043c.<\/p>\n<p>Se toarn\u0103 1 linguri\u021b\u0103 de frunze de ceai \u00een ceainic. Se toarn\u0103 250 ml de ap\u0103 cald\u0103 95cc, insist\u0103 timp de 3-5 minute pentru a ob\u021bine o b\u0103utur\u0103 cu un gust delicat. <\/p>\n","protected":false},"featured_media":1802,"comment_status":"open","ping_status":"closed","template":"","meta":[],"product_brand":[],"product_cat":[346,348],"product_tag":[],"class_list":{"0":"post-14245","1":"product","2":"type-product","3":"status-publish","4":"has-post-thumbnail","6":"product_cat-chernyj-chaj","7":"product_cat-chernyj-s-dobavkami","9":"first","10":"outofstock","11":"shipping-taxable","12":"purchasable","13":"product-type-variable","14":"has-default-attributes"},"_links":{"self":[{"href":"https:\/\/tea-shop.md\/ro\/wp-json\/wp\/v2\/product\/14245","targetHints":{"allow":["GET"]}}],"collection":[{"href":"https:\/\/tea-shop.md\/ro\/wp-json\/wp\/v2\/product"}],"about":[{"href":"https:\/\/tea-shop.md\/ro\/wp-json\/wp\/v2\/types\/product"}],"replies":[{"embeddable":true,"href":"https:\/\/tea-shop.md\/ro\/wp-json\/wp\/v2\/comments?post=14245"}],"version-history":[{"count":1,"href":"https:\/\/tea-shop.md\/ro\/wp-json\/wp\/v2\/product\/14245\/revisions"}],"predecessor-version":[{"id":14965,"href":"https:\/\/tea-shop.md\/ro\/wp-json\/wp\/v2\/product\/14245\/revisions\/14965"}],"wp:featuredmedia":[{"embeddable":true,"href":"https:\/\/tea-shop.md\/ro\/wp-json\/wp\/v2\/media\/1802"}],"wp:attachment":[{"href":"https:\/\/tea-shop.md\/ro\/wp-json\/wp\/v2\/media?parent=14245"}],"wp:term":[{"taxonomy":"product_brand","embeddable":true,"href":"https:\/\/tea-shop.md\/ro\/wp-json\/wp\/v2\/product_brand?post=14245"},{"taxonomy":"product_cat","embeddable":true,"href":"https:\/\/tea-shop.md\/ro\/wp-json\/wp\/v2\/product_cat?post=14245"},{"taxonomy":"product_tag","embeddable":true,"href":"https:\/\/tea-shop.md\/ro\/wp-json\/wp\/v2\/product_tag?post=14245"}],"curies":[{"name":"wp","href":"https:\/\/api.w.org\/{rel}","templated":true}]}}