{"id":14249,"date":"2025-12-10T20:09:06","date_gmt":"2025-12-10T18:09:06","guid":{"rendered":"https:\/\/tea-shop.md\/product\/cires-de-iarna\/"},"modified":"2026-03-31T22:05:02","modified_gmt":"2026-03-31T19:05:02","slug":"cires-de-iarna","status":"publish","type":"product","link":"https:\/\/tea-shop.md\/ro\/produs\/cires-de-iarna\/","title":{"rendered":"Cire\u0219 de iarn\u0103"},"content":{"rendered":"<p>Amestec de ceai din Ceylon \u0219i din China, cu buc\u0103\u021bi de cire\u0219e. Infuzia are un arom\u0103 intens\u0103 de cire\u0219e \u0219i un gust de ciocolat\u0103 \u0219i cire\u0219e. <\/p>\n<p>Se toarn\u0103 1 linguri\u021b\u0103 de frunze de ceai \u00een ceainic. Se toarn\u0103 250 ml de ap\u0103 cald\u0103 95cc, insist\u0103 timp de 3-5 minute pentru a ob\u021bine o b\u0103utur\u0103 cu un gust delicat. <\/p>\n<p>&nbsp;<\/p>\n","protected":false},"excerpt":{"rendered":"<p>Amestec de ceai din Ceylon \u0219i din China, cu buc\u0103\u021bi de cire\u0219e. Infuzia are un arom\u0103 intens\u0103 de cire\u0219e \u0219i<\/p>\n","protected":false},"featured_media":0,"comment_status":"open","ping_status":"closed","template":"","meta":[],"product_brand":[],"product_cat":[346,348],"product_tag":[],"class_list":{"0":"post-14249","1":"product","2":"type-product","3":"status-publish","5":"product_cat-chernyj-chaj","6":"product_cat-chernyj-s-dobavkami","8":"first","9":"outofstock","10":"shipping-taxable","11":"purchasable","12":"product-type-variable","13":"has-default-attributes"},"_links":{"self":[{"href":"https:\/\/tea-shop.md\/ro\/wp-json\/wp\/v2\/product\/14249","targetHints":{"allow":["GET"]}}],"collection":[{"href":"https:\/\/tea-shop.md\/ro\/wp-json\/wp\/v2\/product"}],"about":[{"href":"https:\/\/tea-shop.md\/ro\/wp-json\/wp\/v2\/types\/product"}],"replies":[{"embeddable":true,"href":"https:\/\/tea-shop.md\/ro\/wp-json\/wp\/v2\/comments?post=14249"}],"version-history":[{"count":1,"href":"https:\/\/tea-shop.md\/ro\/wp-json\/wp\/v2\/product\/14249\/revisions"}],"predecessor-version":[{"id":14953,"href":"https:\/\/tea-shop.md\/ro\/wp-json\/wp\/v2\/product\/14249\/revisions\/14953"}],"wp:attachment":[{"href":"https:\/\/tea-shop.md\/ro\/wp-json\/wp\/v2\/media?parent=14249"}],"wp:term":[{"taxonomy":"product_brand","embeddable":true,"href":"https:\/\/tea-shop.md\/ro\/wp-json\/wp\/v2\/product_brand?post=14249"},{"taxonomy":"product_cat","embeddable":true,"href":"https:\/\/tea-shop.md\/ro\/wp-json\/wp\/v2\/product_cat?post=14249"},{"taxonomy":"product_tag","embeddable":true,"href":"https:\/\/tea-shop.md\/ro\/wp-json\/wp\/v2\/product_tag?post=14249"}],"curies":[{"name":"wp","href":"https:\/\/api.w.org\/{rel}","templated":true}]}}