{"id":14253,"date":"2025-12-09T20:08:06","date_gmt":"2025-12-09T18:08:06","guid":{"rendered":"https:\/\/tea-shop.md\/product\/bai-hao-yin-zhen-ace-de-argint\/"},"modified":"2026-03-31T18:31:03","modified_gmt":"2026-03-31T15:31:03","slug":"bai-hao-yin-zhen-ace-de-argint","status":"publish","type":"product","link":"https:\/\/tea-shop.md\/ro\/produs\/bai-hao-yin-zhen-ace-de-argint\/","title":{"rendered":"Bai Hao Yin Zhen &#8222;Ace De Argint&#8221;"},"content":{"rendered":"<p>Celebrul ceai alb, pentru care se folosesc cei mai delicati muguri tineri, acoperit cu vilozit\u0103\u021bi alb-argintii, av\u00e2nd, dup\u0103 prelucrare, aspectul acelor lungi de pin. Recolta este cules\u0103 manual doar dou\u0103 zile pe an \u00een provincia Fujian, China. Infuzia galben pal a ceaiului finit are un gust rafinat bl\u00e2nd \u0219i dulce.  <\/p>\n<p>\u00cen China, se spune despre Bai Hao Yin Zhen:&#8221;alb ca un nor, verde ca un vis, pur ca Z\u0103pada, parfumat ca o orhidee.&#8221; Elegant, sofisticat \u0219i proasp\u0103t, cu note moi de flori de prim\u0103var\u0103, miere, fructe de p\u0103dure coapte \u0219i nuan\u021be de mere. Excelent pentru g\u0103tit la foc deschis. Se adun\u0103 pl\u0103cut, \u00eencurajeaz\u0103, se umple cu putere \u0219i energie, cre\u00e2nd \u00een acela\u0219i timp o atmosfer\u0103 de u\u0219urin\u021b\u0103 \u0219i lini\u0219te. Un ceai pl\u0103cut, rafinat pentru petreceri de ceai umplute \u0219i delicioase.    <\/p>\n<p>Parfumul este subtil, delicat, floral parfumat, cu un indiciu \u00eendep\u0103rtat de fructe de padure suculente.<\/p>\n<p>Se toarn\u0103 1 linguri\u021b\u0103 de frunze de ceai \u00een ceainic. Se toarn\u0103 250 ml de ap\u0103 cald\u0103 80cc, insist\u0103 timp de 3-5 minute pentru a ob\u021bine o b\u0103utur\u0103 cu un gust delicat. <\/p>\n<p>Aceea\u0219i b\u0103utur\u0103 poate fi turnat\u0103 de p\u00e2n\u0103 la 4 ori la r\u00e2nd, de fiecare dat\u0103 prelungind timpul de perfuzie cu aproximativ 1 minut. P\u0103stra\u021bi-l timp de maximum 5 minute, nu pute\u021bi insista mult timp, b\u0103utura va deveni tart\u0103. <\/p>\n","protected":false},"excerpt":{"rendered":"<p>Celebrul ceai alb, pentru care se folosesc cei mai delicati muguri tineri, acoperit cu vilozit\u0103\u021bi alb-argintii, av\u00e2nd, dup\u0103 prelucrare, aspectul acelor lungi de pin. Recolta este cules\u0103 manual doar dou\u0103 zile pe an \u00een provincia Fujian, China. Infuzia galben pal a ceaiului finit are un gust rafinat bl\u00e2nd \u0219i dulce.  <\/p>\n<p>\u00cen China, se spune despre Bai Hao Yin Zhen:&#8221;alb ca un nor, verde ca un vis, pur ca Z\u0103pada, parfumat ca o orhidee.&#8221; Elegant, sofisticat \u0219i proasp\u0103t, cu note moi de flori de prim\u0103var\u0103, miere, fructe de p\u0103dure coapte \u0219i nuan\u021be de mere. Excelent pentru g\u0103tit la foc deschis. Se adun\u0103 pl\u0103cut, \u00eencurajeaz\u0103, se umple cu putere \u0219i energie, cre\u00e2nd \u00een acela\u0219i timp o atmosfer\u0103 de u\u0219urin\u021b\u0103 \u0219i lini\u0219te. Un ceai pl\u0103cut, rafinat pentru petreceri de ceai umplute \u0219i delicioase.    <\/p>\n<p>Parfumul este subtil, delicat, floral parfumat, cu un indiciu \u00eendep\u0103rtat de fructe de padure suculente.<\/p>\n<p>Se toarn\u0103 1 linguri\u021b\u0103 de frunze de ceai \u00een ceainic. Se toarn\u0103 250 ml de ap\u0103 cald\u0103 80cc, insist\u0103 timp de 3-5 minute pentru a ob\u021bine o b\u0103utur\u0103 cu un gust delicat. <\/p>\n<p>Aceea\u0219i b\u0103utur\u0103 poate fi turnat\u0103 de p\u00e2n\u0103 la 4 ori la r\u00e2nd, de fiecare dat\u0103 prelungind timpul de perfuzie cu aproximativ 1 minut. P\u0103stra\u021bi-l timp de maximum 5 minute, nu pute\u021bi insista mult timp, b\u0103utura va deveni tart\u0103. <\/p>\n","protected":false},"featured_media":13587,"comment_status":"open","ping_status":"closed","template":"","meta":[],"product_brand":[],"product_cat":[330],"product_tag":[],"class_list":{"0":"post-14253","1":"product","2":"type-product","3":"status-publish","4":"has-post-thumbnail","6":"product_cat-belyj-chaj","8":"first","9":"instock","10":"shipping-taxable","11":"purchasable","12":"product-type-variable","13":"has-default-attributes"},"_links":{"self":[{"href":"https:\/\/tea-shop.md\/ro\/wp-json\/wp\/v2\/product\/14253","targetHints":{"allow":["GET"]}}],"collection":[{"href":"https:\/\/tea-shop.md\/ro\/wp-json\/wp\/v2\/product"}],"about":[{"href":"https:\/\/tea-shop.md\/ro\/wp-json\/wp\/v2\/types\/product"}],"replies":[{"embeddable":true,"href":"https:\/\/tea-shop.md\/ro\/wp-json\/wp\/v2\/comments?post=14253"}],"version-history":[{"count":1,"href":"https:\/\/tea-shop.md\/ro\/wp-json\/wp\/v2\/product\/14253\/revisions"}],"predecessor-version":[{"id":14819,"href":"https:\/\/tea-shop.md\/ro\/wp-json\/wp\/v2\/product\/14253\/revisions\/14819"}],"wp:featuredmedia":[{"embeddable":true,"href":"https:\/\/tea-shop.md\/ro\/wp-json\/wp\/v2\/media\/13587"}],"wp:attachment":[{"href":"https:\/\/tea-shop.md\/ro\/wp-json\/wp\/v2\/media?parent=14253"}],"wp:term":[{"taxonomy":"product_brand","embeddable":true,"href":"https:\/\/tea-shop.md\/ro\/wp-json\/wp\/v2\/product_brand?post=14253"},{"taxonomy":"product_cat","embeddable":true,"href":"https:\/\/tea-shop.md\/ro\/wp-json\/wp\/v2\/product_cat?post=14253"},{"taxonomy":"product_tag","embeddable":true,"href":"https:\/\/tea-shop.md\/ro\/wp-json\/wp\/v2\/product_tag?post=14253"}],"curies":[{"name":"wp","href":"https:\/\/api.w.org\/{rel}","templated":true}]}}