{"id":14258,"date":"2025-12-09T20:08:05","date_gmt":"2025-12-09T18:08:05","guid":{"rendered":"https:\/\/tea-shop.md\/product\/bai-long-ju-fire-de-argint\/"},"modified":"2026-03-31T18:26:09","modified_gmt":"2026-03-31T15:26:09","slug":"bai-long-ju-fire-de-argint","status":"publish","type":"product","link":"https:\/\/tea-shop.md\/ro\/produs\/bai-long-ju-fire-de-argint\/","title":{"rendered":"Bai long Ju &#8222;Fire de argint&#8221;"},"content":{"rendered":"<p>Bai long ju&#8221; fire de argint &#8221; este considerat cel mai rafinat, Cel mai delicat, cel mai delicat ceai alb. Din punct de vedere istoric, a fost ceaiul elitei Chineze. Nu toat\u0103 lumea \u0219i-a putut permite. La producerea acestui ceai se folose\u0219te doar mugurul superior cu dou\u0103 frunze. Acela\u0219i rinichi, care este acoperit cu o gr\u0103mad\u0103 alb\u0103 delicat\u0103, cu mii de fire de p\u0103r minuscule.    <\/p>\n<p>Acest ceai frumos este recoltat \u00een Mun\u021bii Tai Mu (provincia Fujian, China) la \u00eenceputul prim\u0103verii. Frunzele, r\u0103sucite cu grij\u0103 de m\u00e2ini, seam\u0103n\u0103 cu perle verzi cu argint. <\/p>\n<p>Infuzia acestui ceai este dulce \u0219i u\u0219oar\u0103, cu note de ierburi picante, prune uscate \u0219i miere, are un efect relaxant \u0219i armonizant.<\/p>\n<p>Se toarn\u0103 1 linguri\u021b\u0103 de frunze de ceai \u00een ceainic. Se toarn\u0103 250 ml de ap\u0103 cald\u0103 80cc, insist\u0103 timp de 3-5 minute pentru a ob\u021bine o b\u0103utur\u0103 cu un gust delicat. <\/p>\n<p>Aceea\u0219i b\u0103utur\u0103 poate fi turnat\u0103 de p\u00e2n\u0103 la 4 ori la r\u00e2nd, de fiecare dat\u0103 prelungind timpul de perfuzie cu aproximativ 1 minut. P\u0103stra\u021bi-l timp de maximum 5 minute, nu pute\u021bi insista mult timp, b\u0103utura va deveni tart\u0103. <\/p>\n","protected":false},"excerpt":{"rendered":"<p>Baichao Yinzhen este considerat cel mai rafinat, cel mai delicat \u0219i cel mai fin ceai alb. Din punct de vedere istoric, acesta era ceaiul elitei chineze. Nu toat\u0103 lumea \u00ee\u0219i putea permite s\u0103-l cumpere. La fabricarea acestui ceai se folose\u0219te doar mugurul superior. F\u0103r\u0103 frunze. Acel mugur care este acoperit cu un puf alb delicat \u2013 mii de fire de p\u0103r minuscule. Acest ceai se prepar\u0103 numai din astfel de muguri. Tocmai de aceea arat\u0103 a\u0219a. \u0218i tocmai de aceea este incredibil de laborios \u00een produc\u021bie. Efect: relaxant \u0219i armonizant.         <\/p>\n<p>Este alc\u0103tuit\u0103 din muguri albi pufo\u0219i \u0219i frunze.<\/p>\n<p>Dulce \u0219i u\u0219or, cu note de ierburi aromatice, prune uscate \u0219i miere.<\/p>\n<p>Se toarn\u0103 1 linguri\u021b\u0103 de frunze de ceai \u00een ceainic. Se toarn\u0103 250 ml de ap\u0103 cald\u0103 80cc, insist\u0103 timp de 3-5 minute pentru a ob\u021bine o b\u0103utur\u0103 cu un gust delicat. <\/p>\n<p>Aceea\u0219i b\u0103utur\u0103 poate fi turnat\u0103 de p\u00e2n\u0103 la 4 ori la r\u00e2nd, de fiecare dat\u0103 prelungind timpul de perfuzie cu aproximativ 1 minut. P\u0103stra\u021bi-l timp de maximum 5 minute, nu pute\u021bi insista mult timp, b\u0103utura va deveni tart\u0103. <\/p>\n","protected":false},"featured_media":13589,"comment_status":"open","ping_status":"closed","template":"","meta":[],"product_brand":[],"product_cat":[330],"product_tag":[],"class_list":{"0":"post-14258","1":"product","2":"type-product","3":"status-publish","4":"has-post-thumbnail","6":"product_cat-belyj-chaj","8":"first","9":"instock","10":"shipping-taxable","11":"purchasable","12":"product-type-variable","13":"has-default-attributes"},"_links":{"self":[{"href":"https:\/\/tea-shop.md\/ro\/wp-json\/wp\/v2\/product\/14258","targetHints":{"allow":["GET"]}}],"collection":[{"href":"https:\/\/tea-shop.md\/ro\/wp-json\/wp\/v2\/product"}],"about":[{"href":"https:\/\/tea-shop.md\/ro\/wp-json\/wp\/v2\/types\/product"}],"replies":[{"embeddable":true,"href":"https:\/\/tea-shop.md\/ro\/wp-json\/wp\/v2\/comments?post=14258"}],"version-history":[{"count":1,"href":"https:\/\/tea-shop.md\/ro\/wp-json\/wp\/v2\/product\/14258\/revisions"}],"predecessor-version":[{"id":14817,"href":"https:\/\/tea-shop.md\/ro\/wp-json\/wp\/v2\/product\/14258\/revisions\/14817"}],"wp:featuredmedia":[{"embeddable":true,"href":"https:\/\/tea-shop.md\/ro\/wp-json\/wp\/v2\/media\/13589"}],"wp:attachment":[{"href":"https:\/\/tea-shop.md\/ro\/wp-json\/wp\/v2\/media?parent=14258"}],"wp:term":[{"taxonomy":"product_brand","embeddable":true,"href":"https:\/\/tea-shop.md\/ro\/wp-json\/wp\/v2\/product_brand?post=14258"},{"taxonomy":"product_cat","embeddable":true,"href":"https:\/\/tea-shop.md\/ro\/wp-json\/wp\/v2\/product_cat?post=14258"},{"taxonomy":"product_tag","embeddable":true,"href":"https:\/\/tea-shop.md\/ro\/wp-json\/wp\/v2\/product_tag?post=14258"}],"curies":[{"name":"wp","href":"https:\/\/api.w.org\/{rel}","templated":true}]}}