{"id":14264,"date":"2025-12-10T20:09:08","date_gmt":"2025-12-10T18:09:08","guid":{"rendered":"https:\/\/tea-shop.md\/product\/negru-sou-sep\/"},"modified":"2026-03-31T22:07:53","modified_gmt":"2026-03-31T19:07:53","slug":"negru-sou-sep","status":"publish","type":"product","link":"https:\/\/tea-shop.md\/ro\/produs\/negru-sou-sep\/","title":{"rendered":"Negru Sou-sep"},"content":{"rendered":"<p>O b\u0103utur\u0103 care combin\u0103 aroma clasic\u0103 de ceai cu o arom\u0103 exotic\u0103 rafinat\u0103 dulce \u0219i acr\u0103. Astringen\u021ba sa bogat\u0103 este completat\u0103 cu succes de un gust discret al unui fruct tropical, care aminte\u0219te de o combina\u021bie de ananas \u0219i citrice. Buchetul de arom\u0103 este \u00eenmuiat de un postgust u\u0219or cremos. Compozi\u021bia include frunze de ceai negru de elit\u0103 selectat \u00eenmuiate \u00een uleiuri naturale de sou-sepa.   <\/p>\n<p>Deoarece se folosesc numai ingrediente naturale f\u0103r\u0103 ad\u0103ugarea de arome artificiale, b\u0103utura are un gust nobil rafinat \u0219i beneficii pentru s\u0103n\u0103tate: are un efect benefic asupra sistemului cardiovascular; se \u00eembog\u0103\u021be\u0219te cu vitaminele B \u0219i C; normalizeaz\u0103 tensiunea arterial\u0103; cre\u0219te propriet\u0103\u021bile protectoare ale corpului; revigoreaz\u0103, \u00eembun\u0103t\u0103\u021be\u0219te starea de spirit, cre\u0219te eficien\u021ba.<\/p>\n<p>Compozi\u021bia de ceai cu sou-sep este un compromis pentru iubitorii de ceai clasic \u0219i fanii amestecurilor aromatice. Gustul s\u0103u este original \u0219i proasp\u0103t, dar \u00een acela\u0219i timp moale \u0219i discret. <\/p>\n<p>Ceai negru cu frunze grosiere din Ceylon. Ceai cu aroma de fructe exotice sou-sep \u0219i gust r\u0103coritor. <\/p>\n<p>Se toarn\u0103 1 linguri\u021b\u0103 de frunze de ceai \u00een ceainic. Se toarn\u0103 250 ml de ap\u0103 cald\u0103 95cc, insist\u0103 timp de 3-5 minute pentru a ob\u021bine o b\u0103utur\u0103 cu un gust delicat. <\/p>\n","protected":false},"excerpt":{"rendered":"<p>O b\u0103utur\u0103 care combin\u0103 aroma clasic\u0103 de ceai cu o arom\u0103 exotic\u0103 rafinat\u0103 dulce \u0219i acr\u0103. Astringen\u021ba sa bogat\u0103 este<\/p>\n","protected":false},"featured_media":13455,"comment_status":"open","ping_status":"closed","template":"","meta":[],"product_brand":[],"product_cat":[346,348],"product_tag":[],"class_list":{"0":"post-14264","1":"product","2":"type-product","3":"status-publish","4":"has-post-thumbnail","6":"product_cat-chernyj-chaj","7":"product_cat-chernyj-s-dobavkami","9":"first","10":"instock","11":"shipping-taxable","12":"purchasable","13":"product-type-variable","14":"has-default-attributes"},"_links":{"self":[{"href":"https:\/\/tea-shop.md\/ro\/wp-json\/wp\/v2\/product\/14264","targetHints":{"allow":["GET"]}}],"collection":[{"href":"https:\/\/tea-shop.md\/ro\/wp-json\/wp\/v2\/product"}],"about":[{"href":"https:\/\/tea-shop.md\/ro\/wp-json\/wp\/v2\/types\/product"}],"replies":[{"embeddable":true,"href":"https:\/\/tea-shop.md\/ro\/wp-json\/wp\/v2\/comments?post=14264"}],"version-history":[{"count":1,"href":"https:\/\/tea-shop.md\/ro\/wp-json\/wp\/v2\/product\/14264\/revisions"}],"predecessor-version":[{"id":14957,"href":"https:\/\/tea-shop.md\/ro\/wp-json\/wp\/v2\/product\/14264\/revisions\/14957"}],"wp:featuredmedia":[{"embeddable":true,"href":"https:\/\/tea-shop.md\/ro\/wp-json\/wp\/v2\/media\/13455"}],"wp:attachment":[{"href":"https:\/\/tea-shop.md\/ro\/wp-json\/wp\/v2\/media?parent=14264"}],"wp:term":[{"taxonomy":"product_brand","embeddable":true,"href":"https:\/\/tea-shop.md\/ro\/wp-json\/wp\/v2\/product_brand?post=14264"},{"taxonomy":"product_cat","embeddable":true,"href":"https:\/\/tea-shop.md\/ro\/wp-json\/wp\/v2\/product_cat?post=14264"},{"taxonomy":"product_tag","embeddable":true,"href":"https:\/\/tea-shop.md\/ro\/wp-json\/wp\/v2\/product_tag?post=14264"}],"curies":[{"name":"wp","href":"https:\/\/api.w.org\/{rel}","templated":true}]}}