{"id":14270,"date":"2026-01-28T17:59:34","date_gmt":"2026-01-28T15:59:34","guid":{"rendered":"https:\/\/tea-shop.md\/product\/xiao-xiang-tian-dulceata-parfumat\/"},"modified":"2026-01-28T17:59:34","modified_gmt":"2026-01-28T15:59:34","slug":"xiao-xiang-tian-dulceata-parfumat","status":"publish","type":"product","link":"https:\/\/tea-shop.md\/ro\/produs\/xiao-xiang-tian-dulceata-parfumat\/","title":{"rendered":"Xiao Xiang Tian &#8222;Dulcea\u021b\u0103 Parfumat&#8221;"},"content":{"rendered":"<p>Ceaiul ro\u0219u \u00eemb\u0103tr\u00e2nit din provincia Yunnan v\u0103 invit\u0103 \u00eentr-o c\u0103l\u0103torie prin versan\u021bii mun\u021bilor din China. Aceast\u0103 cl\u0103tit\u0103 presat\u0103 p\u0103streaz\u0103 aroma fructelor coapte \u0219i gustul cald al mierii. Conform standardelor europene, acest ceai este considerat negru.  <\/p>\n<p>Infuzia are o arom\u0103 dulce de fructe uscate, miere floral\u0103, mere uscate, gem de zmeur\u0103 \u0219i pr\u0103jituri de cas\u0103. Un gust u\u0219or, cu mai multe fa\u021bete, cu note de caise uscate, curmale, ierburi aromate \u0219i am\u0103r\u0103ciunea semin\u021belor de prune. Postgustul este persistent \u0219i tart\u0103.  <\/p>\n<p>Te umple de energie, \u00ee\u021bi cur\u0103\u021b\u0103 g\u00e2ndurile \u0219i combate somnolen\u021ba \u0219i oboseala. Echilibreaz\u0103 \u0219i amuz\u0103. <\/p>\n<p>Se prepar\u0103 folosind metoda de turnare: rupe\u021bi o bucat\u0103 mic\u0103 (6-8 g) cu un cu\u021bit sau o lingur\u0103, pune\u021bi-o \u00eentr-o cea\u0219c\u0103 sau ceainic, turna\u021bi ap\u0103 clocotit\u0103 \u0219i l\u0103sa\u021bi-o s\u0103 stea timp de 10 p\u00e2n\u0103 la 40 de secunde. Apoi este necesar s\u0103 scurge\u021bi infuzia, turna\u021bi din nou ap\u0103 clocotit\u0103 peste ea. Procedura de preparare a berii poate fi efectuat\u0103 de p\u00e2n\u0103 la 7 ori. Pe str\u00e2mtoarea a 4-a, ceaiul \u00ee\u0219i dezv\u0103luie pe deplin aroma \u0219i propriet\u0103\u021bile aromatice. Dac\u0103 se prepar\u0103 necorespunz\u0103tor, poate ap\u0103rea am\u0103r\u0103ciune sau tartness (de obicei cu o b\u0103utur\u0103 lung\u0103 de o b\u0103utur\u0103).    <\/p>\n<p>Presa este de 100 de grame.<\/p>\n<p>Anul este 2020.<\/p>\n<p>&nbsp;<\/p>\n","protected":false},"excerpt":{"rendered":"<p>Ceaiul ro\u0219u \u00eemb\u0103tr\u00e2nit din provincia Yunnan v\u0103 invit\u0103 \u00eentr-o c\u0103l\u0103torie prin versan\u021bii mun\u021bilor din China. Aceast\u0103 cl\u0103tit\u0103 presat\u0103 p\u0103streaz\u0103 aroma<\/p>\n","protected":false},"featured_media":15155,"comment_status":"open","ping_status":"closed","template":"","meta":[],"product_brand":[],"product_cat":[334],"product_tag":[],"class_list":{"0":"post-14270","1":"product","2":"type-product","3":"status-publish","4":"has-post-thumbnail","6":"product_cat-krasnyj-chaj","8":"first","9":"instock","10":"shipping-taxable","11":"purchasable","12":"product-type-simple"},"_links":{"self":[{"href":"https:\/\/tea-shop.md\/ro\/wp-json\/wp\/v2\/product\/14270","targetHints":{"allow":["GET"]}}],"collection":[{"href":"https:\/\/tea-shop.md\/ro\/wp-json\/wp\/v2\/product"}],"about":[{"href":"https:\/\/tea-shop.md\/ro\/wp-json\/wp\/v2\/types\/product"}],"replies":[{"embeddable":true,"href":"https:\/\/tea-shop.md\/ro\/wp-json\/wp\/v2\/comments?post=14270"}],"version-history":[{"count":0,"href":"https:\/\/tea-shop.md\/ro\/wp-json\/wp\/v2\/product\/14270\/revisions"}],"wp:featuredmedia":[{"embeddable":true,"href":"https:\/\/tea-shop.md\/ro\/wp-json\/wp\/v2\/media\/15155"}],"wp:attachment":[{"href":"https:\/\/tea-shop.md\/ro\/wp-json\/wp\/v2\/media?parent=14270"}],"wp:term":[{"taxonomy":"product_brand","embeddable":true,"href":"https:\/\/tea-shop.md\/ro\/wp-json\/wp\/v2\/product_brand?post=14270"},{"taxonomy":"product_cat","embeddable":true,"href":"https:\/\/tea-shop.md\/ro\/wp-json\/wp\/v2\/product_cat?post=14270"},{"taxonomy":"product_tag","embeddable":true,"href":"https:\/\/tea-shop.md\/ro\/wp-json\/wp\/v2\/product_tag?post=14270"}],"curies":[{"name":"wp","href":"https:\/\/api.w.org\/{rel}","templated":true}]}}