{"id":14271,"date":"2025-12-10T20:09:20","date_gmt":"2025-12-10T18:09:20","guid":{"rendered":"https:\/\/tea-shop.md\/product\/melcul-de-aur-jin-lo-dian-hong\/"},"modified":"2026-03-31T22:24:21","modified_gmt":"2026-03-31T19:24:21","slug":"melcul-de-aur-jin-lo-dian-hong","status":"publish","type":"product","link":"https:\/\/tea-shop.md\/ro\/produs\/melcul-de-aur-jin-lo-dian-hong\/","title":{"rendered":"Melcul De Aur &#8222;Jin Lo Dian Hong&#8221;"},"content":{"rendered":"<p>Ceaiul este produs \u00een provincia Yunnan din primii muguri de prim\u0103var\u0103 acoperi\u021bi cu scame albe. \u00cen timpul fermenta\u021biei, rinichii dob\u00e2ndesc o culoare aurie. <\/p>\n<p>Ceaiul \u0219i-a luat numele din forma \u0219i culoarea frunzelor, r\u0103sucite \u00een form\u0103 de melc spiralat. Exist\u0103 mul\u021bi muguri aurii \u00een ceai. Ceaiul este rulat manual pentru a da o form\u0103 unic\u0103 \u0219i pentru a p\u0103stra aroma \u0219i calit\u0103\u021bile aromatice ale materiilor prime.  <\/p>\n<div class=\"FuturisMarkdown-Paragraph\">Aroma infuziei este miere-fructat\u0103, cald\u0103, cu note picante. Gustul are fructe uscate u\u0219or afumate, miere, piersici \u0219i o u\u0219oar\u0103 astringen\u021b\u0103 a nucilor. <\/div>\n<p>Se prepar\u0103 1 linguri\u021b\u0103 la 250 ml la o temperatur\u0103 a apei de 90 cp, se insist\u0103 timp de 3-5 minute pentru a ob\u021bine o b\u0103utur\u0103 cu un gust delicat.<\/p>\n<p>Aceea\u0219i b\u0103utur\u0103 poate fi turnat\u0103 de p\u00e2n\u0103 la 5-7 ori la r\u00e2nd, de fiecare dat\u0103 prelungind timpul de perfuzie cu aproximativ 1 minut. P\u0103stra\u021bi-l timp de maximum 5 minute, nu pute\u021bi insista mult timp, b\u0103utura va deveni tart\u0103. <\/p>\n","protected":false},"excerpt":{"rendered":"<p>\u042d\u043b\u0438\u0442\u043d\u044b\u0439 \u044e\u043d\u044c\u043d\u0430\u043d\u044c\u0441\u043a\u0438\u0439 \u043a\u0440\u0430\u0441\u043d\u044b\u0439 \u0447\u0430\u0439, \u0438\u0437\u0433\u043e\u0442\u043e\u0432\u043b\u0435\u043d\u043d\u044b\u0439 \u043d\u0430 \u0441\u0435\u0432\u0435\u0440\u0435 \u043f\u0440\u043e\u0432\u0438\u043d\u0446\u0438\u0438 \u042e\u043d\u044c\u043d\u0430\u043d\u044c, \u043e\u043a\u0440\u0443\u0433 \u041f\u0443\u044d\u0440. \u0421\u044b\u0440\u044c\u0451\u043c \u0434\u043b\u044f \u044d\u0442\u043e\u0433\u043e \u043f\u0440\u0435\u043a\u0440\u0430\u0441\u043d\u043e\u0433\u043e \u0447\u0430\u044f \u0441\u043b\u0443\u0436\u0430\u0442 \u0447\u0430\u0439\u043d\u044b\u0435 \u043f\u043e\u0447\u043a\u0438 \u0438 \u0432\u0435\u0440\u0445\u043d\u0438\u0435 \u043b\u0438\u0441\u0442\u0438\u043a\u0438, \u0441\u043e\u0431\u0440\u0430\u043d\u043d\u044b\u0435 \u0440\u0430\u043d\u043d\u0435\u0439 \u0432\u0435\u0441\u043d\u043e\u0439. \u0417\u043e\u043b\u043e\u0442\u0430\u044f \u0423\u043b\u0438\u0442\u043a\u0430 \u0431\u043e\u0433\u0430\u0442 \u0432\u0438\u0442\u0430\u043c\u0438\u043d\u043e\u043c \u0410, \u043a\u043e\u0442\u043e\u0440\u044b\u0439 \u043f\u0440\u0435\u043f\u044f\u0442\u0441\u0442\u0432\u0443\u0435\u0442 \u0443\u0445\u0443\u0434\u0448\u0435\u043d\u0438\u044e \u0437\u0440\u0435\u043d\u0438\u044f, \u043f\u0440\u043e\u0442\u0438\u0432\u043e\u0441\u0442\u043e\u0438\u0442 \u0438\u043d\u0444\u0435\u043a\u0446\u0438\u043e\u043d\u043d\u044b\u043c \u0437\u0430\u0431\u043e\u043b\u0435\u0432\u0430\u043d\u0438\u044f\u043c, \u0441\u043f\u043e\u0441\u043e\u0431\u0441\u0442\u0432\u0443\u0435\u0442 \u0440\u043e\u0441\u0442\u0443 \u0432\u043e\u043b\u043e\u0441 \u0438 \u043d\u043e\u0433\u0442\u0435\u0439, \u0443\u043a\u0440\u0435\u043f\u043b\u044f\u0435\u0442 \u043a\u043e\u0441\u0442\u0438. \u0412\u0438\u0442\u0430\u043c\u0438\u043d\u044b \u0433\u0440\u0443\u043f\u043f\u044b \u0412 \u0443\u043a\u0440\u0435\u043f\u043b\u044f\u044e\u0442 \u0441\u0442\u0435\u043d\u043a\u0438 \u0441\u043e\u0441\u0443\u0434\u043e\u0432, \u0432\u044b\u0432\u043e\u0434\u044f\u0442 \u0442\u043e\u043a\u0441\u0438\u043d\u044b, \u043e\u0447\u0438\u0449\u0430\u044e\u0442 \u043e\u0440\u0433\u0430\u043d\u0438\u0437\u043c \u043e\u0442 \u0448\u043b\u0430\u043a\u043e\u0432. \u041a\u0440\u0430\u0441\u043d\u044b\u0439 \u0447\u0430\u0439 \u0414\u044f\u043d\u044c \u0425\u0443\u043d \u0443\u0441\u043a\u043e\u0440\u044f\u0435\u0442 \u043c\u0435\u0442\u0430\u0431\u043e\u043b\u0438\u0437\u043c, \u0443\u043b\u0443\u0447\u0448\u0430\u0435\u0442 \u043c\u043e\u0437\u0433\u043e\u0432\u043e\u0435 \u043a\u0440\u043e\u0432\u043e\u043e\u0431\u0440\u0430\u0449\u0435\u043d\u0438\u0435, \u043f\u043e\u0437\u0438\u0442\u0438\u0432\u043d\u043e \u0432\u043b\u0438\u044f\u0435\u0442 \u043d\u0430 \u043e\u0431\u0449\u0435\u0435 \u0441\u043e\u0441\u0442\u043e\u044f\u043d\u0438\u0435 \u0437\u0434\u043e\u0440\u043e\u0432\u044c\u044f.    <\/p>\n<p>\u0412\u0435\u0441\u0435\u043d\u043d\u0438\u0435 \u0432\u0435\u0440\u0445\u043d\u0438\u0435 \u0447\u0430\u0439\u043d\u044b\u0435 \u043f\u043e\u0447\u043a\u0438 \u0441 \u0434\u0432\u0443\u043c\u044f \u043b\u0438\u0441\u0442\u043e\u0447\u043a\u0430\u043c\u0438 \u043a\u0440\u0443\u043f\u043d\u043e\u043b\u0438\u0441\u0442\u043e\u0432\u043e\u0433\u043e \u0447\u0430\u044f \u042e\u043d\u044c\u043d\u0430\u043d\u044c.<\/p>\n<p>\u0412\u043a\u0443\u0441 \u043d\u0430\u0441\u044b\u0449\u0435\u043d\u043d\u044b\u0439, \u0442\u044f\u0433\u0443\u0447\u0438\u0439, \u0441\u043b\u0435\u0433\u043a\u0430 \u043f\u044c\u044f\u043d\u044f\u0449\u0438\u0439 \u0444\u0440\u0443\u043a\u0442\u043e\u0432\u043e\u0439 \u043f\u0435\u0440\u0435\u0437\u0440\u0435\u043b\u043e\u0439 \u043c\u044f\u043a\u043e\u0442\u044c\u044e.<\/p>\n<p>\u0417\u0430\u0432\u0430\u0440\u0438\u0432\u0430\u0442\u044c 1 \u0447\u0430\u0439\u043d\u0443\u044e \u043b\u043e\u0436\u043a\u0443 \u043d\u0430 250\u043c\u043b \u043f\u0440\u0438 \u0442\u0435\u043c\u043f\u0435\u0440\u0430\u0442\u0443\u0440\u0435 \u0432\u043e\u0434\u044b 80 \u00b0C, \u043d\u0430\u0441\u0442\u043e\u044f\u0442\u044c \u0432 \u0442\u0435\u0447\u0435\u043d\u0438\u0435 3-5 \u043c\u0438\u043d, \u0447\u0442\u043e\u0431\u044b \u043f\u043e\u043b\u0443\u0447\u0438\u0442\u044c \u043d\u0430\u043f\u0438\u0442\u043e\u043a \u0441 \u0434\u0435\u043b\u0438\u043a\u0430\u0442\u043d\u044b\u043c \u0432\u043a\u0443\u0441\u043e\u043c.<\/p>\n<p>Aceea\u0219i b\u0103utur\u0103 poate fi turnat\u0103 de p\u00e2n\u0103 la 5-7 ori la r\u00e2nd, de fiecare dat\u0103 prelungind timpul de perfuzie cu aproximativ 1 minut. P\u0103stra\u021bi-l timp de maximum 5 minute, nu pute\u021bi insista mult timp, b\u0103utura va deveni tart\u0103. \u041c\u0430\u043a\u0441\u0438\u043c\u0430\u043b\u044c\u043d\u043e \u0434\u0435\u0440\u0436\u0430\u0442\u044c 5 \u043c\u0438\u043d, \u0434\u043e\u043b\u0433\u043e \u043d\u0430\u0441\u0442\u0430\u0438\u0432\u0430\u0442\u044c \u043d\u0435\u043b\u044c\u0437\u044f, \u043d\u0430\u043f\u0438\u0442\u043e\u043a \u0441\u0442\u0430\u043d\u0435\u0442 \u0442\u0435\u0440\u043f\u043a\u0438\u043c.<\/p>\n","protected":false},"featured_media":13365,"comment_status":"open","ping_status":"closed","template":"","meta":[],"product_brand":[],"product_cat":[334],"product_tag":[],"class_list":{"0":"post-14271","1":"product","2":"type-product","3":"status-publish","4":"has-post-thumbnail","6":"product_cat-krasnyj-chaj","8":"first","9":"instock","10":"shipping-taxable","11":"purchasable","12":"product-type-variable","13":"has-default-attributes"},"_links":{"self":[{"href":"https:\/\/tea-shop.md\/ro\/wp-json\/wp\/v2\/product\/14271","targetHints":{"allow":["GET"]}}],"collection":[{"href":"https:\/\/tea-shop.md\/ro\/wp-json\/wp\/v2\/product"}],"about":[{"href":"https:\/\/tea-shop.md\/ro\/wp-json\/wp\/v2\/types\/product"}],"replies":[{"embeddable":true,"href":"https:\/\/tea-shop.md\/ro\/wp-json\/wp\/v2\/comments?post=14271"}],"version-history":[{"count":1,"href":"https:\/\/tea-shop.md\/ro\/wp-json\/wp\/v2\/product\/14271\/revisions"}],"predecessor-version":[{"id":14975,"href":"https:\/\/tea-shop.md\/ro\/wp-json\/wp\/v2\/product\/14271\/revisions\/14975"}],"wp:featuredmedia":[{"embeddable":true,"href":"https:\/\/tea-shop.md\/ro\/wp-json\/wp\/v2\/media\/13365"}],"wp:attachment":[{"href":"https:\/\/tea-shop.md\/ro\/wp-json\/wp\/v2\/media?parent=14271"}],"wp:term":[{"taxonomy":"product_brand","embeddable":true,"href":"https:\/\/tea-shop.md\/ro\/wp-json\/wp\/v2\/product_brand?post=14271"},{"taxonomy":"product_cat","embeddable":true,"href":"https:\/\/tea-shop.md\/ro\/wp-json\/wp\/v2\/product_cat?post=14271"},{"taxonomy":"product_tag","embeddable":true,"href":"https:\/\/tea-shop.md\/ro\/wp-json\/wp\/v2\/product_tag?post=14271"}],"curies":[{"name":"wp","href":"https:\/\/api.w.org\/{rel}","templated":true}]}}