{"id":14277,"date":"2025-12-10T20:09:20","date_gmt":"2025-12-10T18:09:20","guid":{"rendered":"https:\/\/tea-shop.md\/product\/yunnanul-de-aur\/"},"modified":"2026-03-31T23:23:36","modified_gmt":"2026-03-31T20:23:36","slug":"yunnanul-de-aur","status":"publish","type":"product","link":"https:\/\/tea-shop.md\/ro\/produs\/yunnanul-de-aur\/","title":{"rendered":"Yunnanul De Aur"},"content":{"rendered":"<div class=\"FuturisMarkdown-Paragraph\">&#8222;Yunnanul de aur&#8221; este un ceai ro\u0219u chinezesc cu frunze mari din provincia Yunnan din sudul Chinei.<\/div>\n<p>Celebrul ceai ro\u0219u (\u00een terminologia European\u0103, negru) de prim\u0103var\u0103 din provincia Yunnan. Con\u021bine un num\u0103r mare de muguri de ceai nedeschise, care arat\u0103 ca ni\u0219te a\u0219chii de aur pe fundalul frunzelor r\u0103sucite \u00eentunecate. Infuzia aurie \u00eenchis\u0103, cristalin\u0103, se bucur\u0103 de un gust moale, catifelat, \u00eenv\u0103luitor. Fiecare \u00eenghi\u021bitur\u0103 las\u0103 un postgust str\u0103lucitor de miere \u0219i un nor de arom\u0103 subtil\u0103 cu indicii de fructe uscate. \u00cen ciuda u\u0219urin\u021bei gustului \u0219i aromei, acest ceai tonific\u0103 perfect, pentru care este uneori numit &#8222;ceai mocha&#8221;.    <\/p>\n<p>Ceaiul are un efect de \u00eenc\u0103lzire \u0219i tonic, are un efect benefic asupra sistemului cardiovascular \u0219i digestiv, activeaz\u0103 metabolismul, elimin\u0103 toxinele \u0219i \u00eembun\u0103t\u0103\u021be\u0219te imunitatea.<\/p>\n<p>Pune\u021bi 4 g de frunze de ceai \u00eentr-un ceainic. Turna\u021bi 250 ml de ap\u0103 fierbinte la 95 \u00b0C, l\u0103sa\u021bi la infuzat timp de 3-5 minute pentru a ob\u021bine o b\u0103utur\u0103 cu un gust delicat. <\/p>\n<p>Aceea\u0219i b\u0103utur\u0103 poate fi turnat\u0103 de p\u00e2n\u0103 la 4 ori la r\u00e2nd, de fiecare dat\u0103 prelungind timpul de perfuzie cu aproximativ 1 minut. P\u0103stra\u021bi-l timp de maximum 5 minute, nu pute\u021bi insista mult timp, b\u0103utura va deveni tart\u0103. <\/p>\n","protected":false},"excerpt":{"rendered":"<p>\u0412\u044b\u0441\u043e\u043a\u043e\u043a\u0430\u0447\u0435\u0441\u0442\u0432\u0435\u043d\u043d\u044b\u0439 \u0447\u0430\u0439 \u0438\u0437 \u043f\u0440\u043e\u0432\u0438\u043d\u0446\u0438\u0438 \u042e\u043d\u044c\u043d\u0430\u043d\u044c \u0441 \u0442\u0435\u043c\u043d\u043e-\u0437\u043e\u043b\u043e\u0442\u0438\u0441\u0442\u044b\u043c \u043f\u0440\u043e\u0437\u0440\u0430\u0447\u043d\u044b\u043c \u043d\u0430\u0441\u0442\u043e\u0435\u043c \u0433\u043e\u0442\u043e\u0432\u043e\u0433\u043e \u043d\u0430\u043f\u0438\u0442\u043a\u0430, \u0431\u0430\u0440\u0445\u0430\u0442\u0438\u0441\u0442\u044b\u043c, \u0432\u043a\u0443\u0441\u043e\u043c \u0441 \u043c\u044f\u0433\u043a\u0438\u043c \u043c\u0435\u0434\u043e\u0432\u044b\u043c \u043f\u043e\u0441\u043b\u0435\u0432\u043a\u0443\u0441\u0438\u0435\u043c \u0438 \u0442\u043e\u043d\u043a\u0438\u043c \u0430\u0440\u043e\u043c\u0430\u0442\u043e\u043c \u0441 \u043d\u043e\u0442\u0430\u043c\u0438 \u0441\u0443\u0445\u043e\u0444\u0440\u0443\u043a\u0442\u043e\u0432.<\/p>\n<p>\u0417\u043d\u0430\u043c\u0435\u043d\u0438\u0442\u044b\u0439 \u043a\u0440\u0430\u0441\u043d\u044b\u0439 (\u0432 \u0435\u0432\u0440\u043e\u043f\u0435\u0439\u0441\u043a\u043e\u0439 \u0442\u0435\u0440\u043c\u0438\u043d\u043e\u043b\u043e\u0433\u0438\u0438 \u2014 \u0447\u0435\u0440\u043d\u044b\u0439) \u0447\u0430\u0439 \u0432\u0435\u0441\u0435\u043d\u043d\u0435\u0433\u043e \u0441\u0431\u043e\u0440\u0430 \u0438\u0437 \u043f\u0440\u043e\u0432\u0438\u043d\u0446\u0438\u0438 \u042e\u043d\u044c\u043d\u0430\u043d\u044c. \u0421\u043e\u0434\u0435\u0440\u0436\u0438\u0442 \u0431\u043e\u043b\u044c\u0448\u043e\u0435 \u043a\u043e\u043b\u0438\u0447\u0435\u0441\u0442\u0432\u043e \u043d\u0435\u0440\u0430\u0441\u043a\u0440\u044b\u0442\u044b\u0445 \u0447\u0430\u0439\u043d\u044b\u0445 \u043f\u043e\u0447\u0435\u043a, \u043a\u043e\u0442\u043e\u0440\u044b\u0435 \u043d\u0430 \u0444\u043e\u043d\u0435 \u0442\u0435\u043c\u043d\u044b\u0445 \u0441\u043a\u0440\u0443\u0447\u0435\u043d\u043d\u044b\u0445 \u043b\u0438\u0441\u0442\u043e\u0447\u043a\u043e\u0432 \u0432\u044b\u0433\u043b\u044f\u0434\u044f\u0442 \u043a\u0430\u043a \u0437\u043e\u043b\u043e\u0442\u0430\u044f \u0441\u0442\u0440\u0443\u0436\u043a\u0430. \u0422\u0435\u043c\u043d\u043e-\u0437\u043e\u043b\u043e\u0442\u0438\u0441\u0442\u044b\u0439, \u043a\u0440\u0438\u0441\u0442\u0430\u043b\u044c\u043d\u043e \u043f\u0440\u043e\u0437\u0440\u0430\u0447\u043d\u044b\u0439 \u043d\u0430\u0441\u0442\u043e\u0439 \u0440\u0430\u0434\u0443\u0435\u0442 \u043c\u044f\u0433\u043a\u0438\u043c, \u0431\u0430\u0440\u0445\u0430\u0442\u0438\u0441\u0442\u044b\u043c, \u043e\u0431\u0432\u043e\u043b\u0430\u043a\u0438\u0432\u0430\u044e\u0449\u0438\u043c \u0432\u043a\u0443\u0441\u043e\u043c. \u041a\u0430\u0436\u0434\u044b\u0439 \u0433\u043b\u043e\u0442\u043e\u043a \u043e\u0441\u0442\u0430\u0432\u043b\u044f\u0435\u0442 \u044f\u0440\u043a\u043e\u0435 \u043c\u0435\u0434\u043e\u0432\u043e\u0435 \u043f\u043e\u0441\u043b\u0435\u0432\u043a\u0443\u0441\u0438\u0435 \u0438 \u043e\u0431\u043b\u0430\u043a\u043e \u0442\u043e\u043d\u043a\u043e\u0433\u043e \u0430\u0440\u043e\u043c\u0430\u0442\u0430 \u0441 \u043d\u043e\u0442\u043a\u0430\u043c\u0438 \u0441\u0443\u0445\u043e\u0444\u0440\u0443\u043a\u0442\u043e\u0432. \u041d\u0435\u0441\u043c\u043e\u0442\u0440\u044f \u043d\u0430 \u043b\u0435\u0433\u043a\u043e\u0441\u0442\u044c \u0432\u043a\u0443\u0441\u0430 \u0438 \u0430\u0440\u043e\u043c\u0430\u0442\u0430, \u044d\u0442\u043e\u0442 \u0447\u0430\u0439 \u043f\u0440\u0435\u043a\u0440\u0430\u0441\u043d\u043e \u0442\u043e\u043d\u0438\u0437\u0438\u0440\u0443\u0435\u0442, \u0437\u0430 \u0447\u0442\u043e \u0435\u0433\u043e \u0438\u043d\u043e\u0433\u0434\u0430 \u043d\u0430\u0437\u044b\u0432\u0430\u044e\u0442 \u00ab\u0447\u0430\u0439\u043d\u044b\u043c \u043c\u043e\u043a\u043a\u043e\u00bb.    <\/p>\n<p>\u0421\u043e\u0441\u0442\u043e\u0438\u0442 \u0438\u0437 \u043b\u0438\u0441\u0442\u044c\u0435\u0432 \u0438 \u0437\u043e\u043b\u043e\u0442\u044b\u0445 \u0442\u0438\u043f\u0441\u043e\u0432.<\/p>\n<p>\u0411\u0440\u0445\u0430\u0442\u0438\u0441\u0442\u044b\u0439 \u0432\u043a\u0443\u0441, \u0441 \u043c\u044f\u0433\u043a\u0438\u043c \u043c\u0435\u0434\u043e\u0432\u044b\u043c \u043f\u043e\u0441\u043b\u0435\u0432\u043a\u0443\u0441\u0438\u0435\u043c \u0438 \u0442\u043e\u043d\u043a\u0438\u043c \u0430\u0440\u043e\u043c\u0430\u0442\u043e\u043c \u0441 \u043d\u043e\u0442\u0430\u043c\u0438 \u0441\u0443\u0445\u043e\u0444\u0440\u0443\u043a\u0442\u043e\u0432.<\/p>\n<p>\u0412 \u0437\u0430\u0432\u0430\u0440\u043d\u0438\u043a \u0432\u0441\u044b\u043f\u0430\u0442\u044c 4 \u0433\u0440 \u0447\u0430\u0439\u043d\u044b\u0445 \u043b\u0438\u0441\u0442\u044c\u0435\u0432. \u0417\u0430\u043b\u0438\u0442\u044c \u0433\u043e\u0440\u044f\u0447\u0435\u0439 \u0432\u043e\u0434\u043e\u0439 250 \u043c\u043b 95 \u00b0C, \u043d\u0430\u0441\u0442\u043e\u044f\u0442\u044c \u0432 \u0442\u0435\u0447\u0435\u043d\u0438\u0435 3-5 \u043c\u0438\u043d, \u0447\u0442\u043e\u0431\u044b \u043f\u043e\u043b\u0443\u0447\u0438\u0442\u044c \u043d\u0430\u043f\u0438\u0442\u043e\u043a \u0441 \u0434\u0435\u043b\u0438\u043a\u0430\u0442\u043d\u044b\u043c \u0432\u043a\u0443\u0441\u043e\u043c. \u0417\u0430\u043b\u0438\u0442\u044c \u0433\u043e\u0440\u044f\u0447\u0435\u0439 \u0432\u043e\u0434\u043e\u0439 250 \u043c\u043b 95 \u00b0C, \u043d\u0430\u0441\u0442\u043e\u044f\u0442\u044c \u0432 \u0442\u0435\u0447\u0435\u043d\u0438\u0435 3-5 \u043c\u0438\u043d, \u0447\u0442\u043e\u0431\u044b \u043f\u043e\u043b\u0443\u0447\u0438\u0442\u044c \u043d\u0430\u043f\u0438\u0442\u043e\u043a \u0441 \u0434\u0435\u043b\u0438\u043a\u0430\u0442\u043d\u044b\u043c \u0432\u043a\u0443\u0441\u043e\u043c.<\/p>\n<p>Aceea\u0219i b\u0103utur\u0103 poate fi turnat\u0103 de p\u00e2n\u0103 la 4 ori la r\u00e2nd, de fiecare dat\u0103 prelungind timpul de perfuzie cu aproximativ 1 minut. P\u0103stra\u021bi-l timp de maximum 5 minute, nu pute\u021bi insista mult timp, b\u0103utura va deveni tart\u0103. <\/p>\n","protected":false},"featured_media":13372,"comment_status":"open","ping_status":"closed","template":"","meta":[],"product_brand":[],"product_cat":[334],"product_tag":[],"class_list":{"0":"post-14277","1":"product","2":"type-product","3":"status-publish","4":"has-post-thumbnail","6":"product_cat-krasnyj-chaj","8":"first","9":"instock","10":"shipping-taxable","11":"purchasable","12":"product-type-variable","13":"has-default-attributes"},"_links":{"self":[{"href":"https:\/\/tea-shop.md\/ro\/wp-json\/wp\/v2\/product\/14277","targetHints":{"allow":["GET"]}}],"collection":[{"href":"https:\/\/tea-shop.md\/ro\/wp-json\/wp\/v2\/product"}],"about":[{"href":"https:\/\/tea-shop.md\/ro\/wp-json\/wp\/v2\/types\/product"}],"replies":[{"embeddable":true,"href":"https:\/\/tea-shop.md\/ro\/wp-json\/wp\/v2\/comments?post=14277"}],"version-history":[{"count":1,"href":"https:\/\/tea-shop.md\/ro\/wp-json\/wp\/v2\/product\/14277\/revisions"}],"predecessor-version":[{"id":14977,"href":"https:\/\/tea-shop.md\/ro\/wp-json\/wp\/v2\/product\/14277\/revisions\/14977"}],"wp:featuredmedia":[{"embeddable":true,"href":"https:\/\/tea-shop.md\/ro\/wp-json\/wp\/v2\/media\/13372"}],"wp:attachment":[{"href":"https:\/\/tea-shop.md\/ro\/wp-json\/wp\/v2\/media?parent=14277"}],"wp:term":[{"taxonomy":"product_brand","embeddable":true,"href":"https:\/\/tea-shop.md\/ro\/wp-json\/wp\/v2\/product_brand?post=14277"},{"taxonomy":"product_cat","embeddable":true,"href":"https:\/\/tea-shop.md\/ro\/wp-json\/wp\/v2\/product_cat?post=14277"},{"taxonomy":"product_tag","embeddable":true,"href":"https:\/\/tea-shop.md\/ro\/wp-json\/wp\/v2\/product_tag?post=14277"}],"curies":[{"name":"wp","href":"https:\/\/api.w.org\/{rel}","templated":true}]}}