{"id":14283,"date":"2025-12-10T20:09:16","date_gmt":"2025-12-10T18:09:16","guid":{"rendered":"https:\/\/tea-shop.md\/product\/nai-xian-ceai-cu-lapte-rosu\/"},"modified":"2026-03-31T22:15:31","modified_gmt":"2026-03-31T19:15:31","slug":"nai-xian-ceai-cu-lapte-rosu","status":"publish","type":"product","link":"https:\/\/tea-shop.md\/ro\/produs\/nai-xian-ceai-cu-lapte-rosu\/","title":{"rendered":"Nai Xian Ceai Cu Lapte Ro\u0219u"},"content":{"rendered":"<p>Ceai delicios cu aroma laptelui topit, materii prime de foarte bun\u0103 calitate, doar frunzele \u0219i mugurii de sus. Este cultivat \u00een provincia Yunnan. <\/p>\n<p>Nai Xiang miroase a oolong l\u0103ptos, dar dup\u0103 preparare cap\u0103t\u0103 o arom\u0103 mai fumurie. Combina\u021bia de rumegu\u0219, lapte topit \u0219i mirosul unei b\u0103i ruse\u0219ti apare alternativ atunci c\u00e2nd be\u021bi ceai cu Nai Xiang. <\/p>\n<p>Este foarte aromat \u0219i bogat, gustul nu este intruziv, cu o arom\u0103 pronun\u021bat\u0103 de sm\u00e2nt\u00e2n\u0103, lapte, caramel.<\/p>\n<p>Se toarn\u0103 1 linguri\u021b\u0103 de frunze de ceai \u00een ceainic. Se toarn\u0103 250 ml de ap\u0103 cald\u0103 95cc, insist\u0103 timp de 3-5 minute pentru a ob\u021bine o b\u0103utur\u0103 cu un gust delicat. <\/p>\n","protected":false},"excerpt":{"rendered":"<p>Ceai delicios cu aroma laptelui topit, materii prime de foarte bun\u0103 calitate, doar frunzele \u0219i mugurii de sus. Este cultivat<\/p>\n","protected":false},"featured_media":13374,"comment_status":"open","ping_status":"closed","template":"","meta":[],"product_brand":[],"product_cat":[334],"product_tag":[],"class_list":{"0":"post-14283","1":"product","2":"type-product","3":"status-publish","4":"has-post-thumbnail","6":"product_cat-krasnyj-chaj","8":"first","9":"instock","10":"shipping-taxable","11":"purchasable","12":"product-type-variable","13":"has-default-attributes"},"_links":{"self":[{"href":"https:\/\/tea-shop.md\/ro\/wp-json\/wp\/v2\/product\/14283","targetHints":{"allow":["GET"]}}],"collection":[{"href":"https:\/\/tea-shop.md\/ro\/wp-json\/wp\/v2\/product"}],"about":[{"href":"https:\/\/tea-shop.md\/ro\/wp-json\/wp\/v2\/types\/product"}],"replies":[{"embeddable":true,"href":"https:\/\/tea-shop.md\/ro\/wp-json\/wp\/v2\/comments?post=14283"}],"version-history":[{"count":1,"href":"https:\/\/tea-shop.md\/ro\/wp-json\/wp\/v2\/product\/14283\/revisions"}],"predecessor-version":[{"id":14970,"href":"https:\/\/tea-shop.md\/ro\/wp-json\/wp\/v2\/product\/14283\/revisions\/14970"}],"wp:featuredmedia":[{"embeddable":true,"href":"https:\/\/tea-shop.md\/ro\/wp-json\/wp\/v2\/media\/13374"}],"wp:attachment":[{"href":"https:\/\/tea-shop.md\/ro\/wp-json\/wp\/v2\/media?parent=14283"}],"wp:term":[{"taxonomy":"product_brand","embeddable":true,"href":"https:\/\/tea-shop.md\/ro\/wp-json\/wp\/v2\/product_brand?post=14283"},{"taxonomy":"product_cat","embeddable":true,"href":"https:\/\/tea-shop.md\/ro\/wp-json\/wp\/v2\/product_cat?post=14283"},{"taxonomy":"product_tag","embeddable":true,"href":"https:\/\/tea-shop.md\/ro\/wp-json\/wp\/v2\/product_tag?post=14283"}],"curies":[{"name":"wp","href":"https:\/\/api.w.org\/{rel}","templated":true}]}}