{"id":14289,"date":"2025-12-10T20:09:14","date_gmt":"2025-12-10T18:09:14","guid":{"rendered":"https:\/\/tea-shop.md\/product\/zhengshan-xiaozhong-lapsang-souchong\/"},"modified":"2026-03-31T22:13:30","modified_gmt":"2026-03-31T19:13:30","slug":"zhengshan-xiaozhong-lapsang-souchong","status":"publish","type":"product","link":"https:\/\/tea-shop.md\/ro\/produs\/zhengshan-xiaozhong-lapsang-souchong\/","title":{"rendered":"Zhengshan Xiaozhong &#8222;Lapsang souchong&#8221;"},"content":{"rendered":"<p>Lapsan souchong este unul dintre cele mai renumite soiuri de ceai din sudul Chinei. Se mai nume\u0219te&#8221; ceai afumat &#8222;sau&#8221;ceai de gudron&#8221;. <\/p>\n<p>Acest soi v\u0103 poate surprinde, cuceri \u0219i v\u0103 poate face s\u0103 v\u0103 \u00eendr\u0103gosti\u021bi de voi \u00een\u0219iv\u0103. V\u0103 recomand\u0103m s\u0103 o \u00eencerca\u021bi \u00eencet, deoarece aceast\u0103 b\u0103utur\u0103 v\u0103 ofer\u0103 emo\u021bii incomparabile. Ceaiul se distinge printr-o tehnologie special\u0103 de produc\u021bie, care a fost inventat\u0103 \u00een provincia Fujian care cultiv\u0103 ceai: dup\u0103 fermentare, frunzele de ceai sunt \u00eenc\u0103lzite timp de 6-8 ore peste c\u0103rbuni parfuma\u021bi de brad p\u00e2n\u0103 c\u00e2nd toat\u0103 astringen\u021ba verde\u021burilor dispare din ele. Astfel, ceaiul pare a fi fumat, absorbind tot parfumul p\u0103durii de conifere.<\/p>\n<p>Are o infuzie de culoare bogat\u0103 ro\u0219u-visiniu, aroma fructelor Longyan din sud \u0219i un gust delicat de scor\u021bi\u0219oar\u0103, caramel \u0219i prune uscate.<\/p>\n<p>Se toarn\u0103 1 linguri\u021b\u0103 de frunze de ceai \u00een ceainic. Se toarn\u0103 250 ml de ap\u0103 cald\u0103 95cc, insist\u0103 timp de 3-5 minute pentru a ob\u021bine o b\u0103utur\u0103 cu un gust delicat.  Poate rezista la mai multe beri.<\/p>\n","protected":false},"excerpt":{"rendered":"<p>\u042d\u0442\u043e\u0442 \u0441\u043e\u0440\u0442 \u043c\u043e\u0436\u0435\u0442 \u0432\u0430\u0441 \u0443\u0434\u0438\u0432\u0438\u0442\u044c, \u043f\u043e\u043a\u043e\u0440\u0438\u0442\u044c \u0438 \u0432\u043b\u044e\u0431\u0438\u0442\u044c \u0432 \u0441\u0435\u0431\u044f. \u041c\u044b \u0440\u0435\u043a\u043e\u043c\u0435\u043d\u0434\u0443\u0435\u043c \u043d\u0435 \u0441\u043f\u0435\u0448\u0430 \u0440\u0430\u0441\u043f\u0440\u043e\u0431\u043e\u0432\u0430\u0442\u044c \u0435\u0433\u043e, \u0432\u0435\u0434\u044c \u044d\u0442\u043e\u0442 \u043d\u0430\u043f\u0438\u0442\u043e\u043a \u0434\u0430\u0440\u0438\u0442 \u043d\u0438 \u0441 \u0447\u0435\u043c \u043d\u0435 \u0441\u0440\u0430\u0432\u043d\u0438\u043c\u044b\u0435 \u044d\u043c\u043e\u0446\u0438\u0438. \u0427\u0430\u0439 \u043e\u0442\u043b\u0438\u0447\u0430\u0435\u0442\u0441\u044f \u043e\u0441\u043e\u0431\u0435\u043d\u043d\u043e\u0439 \u0442\u0435\u0445\u043d\u043e\u043b\u043e\u0433\u0438\u0435\u0439 \u043f\u0440\u043e\u0438\u0437\u0432\u043e\u0434\u0441\u0442\u0432\u0430, \u043a\u043e\u0442\u043e\u0440\u0443\u044e \u043f\u0440\u0438\u0434\u0443\u043c\u0430\u043b\u0438 \u043d\u0430 \u0441\u0435\u0432\u0435\u0440\u0435 \u0447\u0430\u0435\u0432\u043e\u0434\u0447\u0435\u0441\u043a\u043e\u0439 \u043f\u0440\u043e\u0432\u0438\u043d\u0446\u0438\u0438 \u0424\u0443\u0446\u0437\u044f\u043d\u044c: \u043f\u043e\u0441\u043b\u0435 \u0444\u0435\u0440\u043c\u0435\u043d\u0442\u0430\u0446\u0438\u0438 \u0447\u0430\u0439\u043d\u044b\u0435 \u043b\u0438\u0441\u0442\u044c\u044f 6-8 \u0447\u0430\u0441\u043e\u0432 \u043f\u0440\u043e\u0433\u0440\u0435\u0432\u0430\u044e\u0442\u0441\u044f \u043d\u0430\u0434 \u0430\u0440\u043e\u043c\u0430\u0442\u043d\u044b\u043c\u0438 \u0435\u043b\u043e\u0432\u044b\u043c\u0438 \u0443\u0433\u043b\u044f\u043c\u0438, \u043f\u043e\u043a\u0430 \u0438\u0437 \u043d\u0438\u0445 \u043d\u0435 \u0443\u0439\u0434\u0451\u0442 \u0432\u0441\u044f \u0442\u0435\u0440\u043f\u043a\u043e\u0441\u0442\u044c \u0437\u0435\u043b\u0435\u043d\u0438. \u0422\u0430\u043a\u0438\u043c \u043e\u0431\u0440\u0430\u0437\u043e\u043c, \u0447\u0430\u0439 \u0431\u0443\u0434\u0442\u043e \u0431\u044b \u043a\u043e\u043f\u0442\u0438\u0442\u0441\u044f, \u0432\u0431\u0438\u0440\u0430\u044f \u0432 \u0441\u0435\u0431\u044f \u0432\u0441\u0451 \u0431\u043b\u0430\u0433\u043e\u0443\u0445\u0430\u043d\u0438\u0435 \u0445\u0432\u043e\u0439\u043d\u043e\u0433\u043e \u043b\u0435\u0441\u0430.   <\/p>\n<p>\u041b\u0430\u043f\u0441\u0430\u043d \u0441\u0443\u0448\u043e\u043d\u0433 &#8211; \u043e\u0434\u0438\u043d \u0438\u0437 \u0441\u0430\u043c\u044b\u0445 \u0438\u0437\u0432\u0435\u0441\u0442\u043d\u044b\u0445 \u0441\u043e\u0440\u0442\u043e\u0432 \u0447\u0430\u044f \u0438\u0437 \u042e\u0436\u043d\u043e\u0433\u043e \u041a\u0438\u0442\u0430\u044f. \u041e\u043d \u0436\u0435 \u00ab\u043a\u043e\u043f\u0447\u0451\u043d\u044b\u0439 \u0447\u0430\u0439\u00bb \u0438\u043b\u0438 \u00ab\u0434\u0435\u0433\u0442\u044f\u0440\u043d\u044b\u0439 \u0447\u0430\u0439\u00bb. <\/p>\n<p>Are o infuzie de culoare bogat\u0103 ro\u0219u-visiniu, aroma fructelor Longyan din sud \u0219i un gust delicat de scor\u021bi\u0219oar\u0103, caramel \u0219i prune uscate.<\/p>\n<p>Pune\u021bi 1 linguri\u021b\u0103 de frunze de ceai \u00een ceainic. Turna\u021bi 250 ml de ap\u0103 fierbinte la 95 \u00b0C, l\u0103sa\u021bi la infuzat timp de 3-5 minute pentru a ob\u021bine o b\u0103utur\u0103 cu gust delicat. <\/p>\n","protected":false},"featured_media":13376,"comment_status":"open","ping_status":"closed","template":"","meta":[],"product_brand":[],"product_cat":[334],"product_tag":[],"class_list":{"0":"post-14289","1":"product","2":"type-product","3":"status-publish","4":"has-post-thumbnail","6":"product_cat-krasnyj-chaj","8":"first","9":"instock","10":"shipping-taxable","11":"purchasable","12":"product-type-variable","13":"has-default-attributes"},"_links":{"self":[{"href":"https:\/\/tea-shop.md\/ro\/wp-json\/wp\/v2\/product\/14289","targetHints":{"allow":["GET"]}}],"collection":[{"href":"https:\/\/tea-shop.md\/ro\/wp-json\/wp\/v2\/product"}],"about":[{"href":"https:\/\/tea-shop.md\/ro\/wp-json\/wp\/v2\/types\/product"}],"replies":[{"embeddable":true,"href":"https:\/\/tea-shop.md\/ro\/wp-json\/wp\/v2\/comments?post=14289"}],"version-history":[{"count":1,"href":"https:\/\/tea-shop.md\/ro\/wp-json\/wp\/v2\/product\/14289\/revisions"}],"predecessor-version":[{"id":14966,"href":"https:\/\/tea-shop.md\/ro\/wp-json\/wp\/v2\/product\/14289\/revisions\/14966"}],"wp:featuredmedia":[{"embeddable":true,"href":"https:\/\/tea-shop.md\/ro\/wp-json\/wp\/v2\/media\/13376"}],"wp:attachment":[{"href":"https:\/\/tea-shop.md\/ro\/wp-json\/wp\/v2\/media?parent=14289"}],"wp:term":[{"taxonomy":"product_brand","embeddable":true,"href":"https:\/\/tea-shop.md\/ro\/wp-json\/wp\/v2\/product_brand?post=14289"},{"taxonomy":"product_cat","embeddable":true,"href":"https:\/\/tea-shop.md\/ro\/wp-json\/wp\/v2\/product_cat?post=14289"},{"taxonomy":"product_tag","embeddable":true,"href":"https:\/\/tea-shop.md\/ro\/wp-json\/wp\/v2\/product_tag?post=14289"}],"curies":[{"name":"wp","href":"https:\/\/api.w.org\/{rel}","templated":true}]}}