{"id":14295,"date":"2025-12-09T23:37:43","date_gmt":"2025-12-09T21:37:43","guid":{"rendered":"https:\/\/tea-shop.md\/product\/da-hong-pao-halat-rosu-mare\/"},"modified":"2026-03-31T21:34:55","modified_gmt":"2026-03-31T18:34:55","slug":"da-hong-pao-halat-rosu-mare","status":"publish","type":"product","link":"https:\/\/tea-shop.md\/ro\/produs\/da-hong-pao-halat-rosu-mare\/","title":{"rendered":"Da Hong Pao &#8222;Halat Ro\u0219u Mare&#8221;"},"content":{"rendered":"<p>&#8222;Halatul ro\u0219u mare&#8221; este unul dintre cele mai faimoase \u0219i venerate oolong-uri chineze\u0219ti. Acest ceai combin\u0103 perfect caracteristicile ceaiului verde \u0219i negru, datorit\u0103 tehnologiei sale unice de fermentare incomplet\u0103. Spre deosebire de ceaiul verde, care practic nu este fermentat, \u0219i ceaiul negru, care sufer\u0103 o fermenta\u021bie complet\u0103, ceaiul oolong este \u00een mijlocul auriu: frunzele sale sufer\u0103 o fermenta\u021bie par\u021bial\u0103, ceea ce confer\u0103 b\u0103uturii un gust complex \u0219i bogat.  <\/p>\n<p>Numele &#8222;halat ro\u0219u mare&#8221; este asociat cu o legend\u0103 din dinastia Ming: conform legendei, mama \u00eemp\u0103ratului s-a \u00eemboln\u0103vit grav, dar a fost vindecat\u0103 dup\u0103 ce a b\u0103ut acest ceai unic. \u00cen semn de recuno\u0219tin\u021b\u0103 pentru vindecarea miraculoas\u0103, \u00eemp\u0103ratul a ordonat ca tufele de ceai s\u0103 fie \u00eenf\u0103\u0219urate \u00een haine ro\u0219ii pentru a le proteja de frigul iernii. Da Hong Pao are o serie de propriet\u0103\u021bi utile. \u00cembun\u0103t\u0103\u021be\u0219te digestia, \u00eenc\u0103lze\u0219te corpul \u0219i sufletul \u00een sezonul rece, iar parfumul s\u0103u ajut\u0103 la relaxarea \u0219i ameliorarea stresului, ceea ce este deosebit de important \u00een aceste momente dificile.   <\/p>\n<p>Gustul profund, bogat, cu note u\u0219oare de dulcea\u021b\u0103 lemnoas\u0103 \u0219i nuan\u021be fumurii este rezultatul muncii vechi de secole a mae\u0219trilor chinezi de ceai.<\/p>\n<p>Se toarn\u0103 1 linguri\u021b\u0103 de frunze de ceai \u00een ceainic. Se toarn\u0103 250 ml de ap\u0103 cald\u0103 95cc, insist\u0103 timp de 3-5 minute pentru a ob\u021bine o b\u0103utur\u0103 cu un gust delicat. Poate rezista p\u00e2n\u0103 la 4 beri.  <\/p>\n","protected":false},"excerpt":{"rendered":"<p>&#8222;Halatul ro\u0219u mare&#8221; este unul dintre cele mai faimoase \u0219i venerate oolong-uri chineze\u0219ti. Acest ceai combin\u0103 perfect caracteristicile ceaiului verde \u0219i negru, datorit\u0103 tehnologiei sale unice de fermentare incomplet\u0103. Spre deosebire de ceaiul verde, care practic nu este fermentat, \u0219i ceaiul negru, care sufer\u0103 o fermenta\u021bie complet\u0103, ceaiul oolong este \u00een mijlocul auriu: frunzele sale sufer\u0103 o fermenta\u021bie par\u021bial\u0103, ceea ce confer\u0103 b\u0103uturii un gust complex \u0219i bogat.  <\/p>\n<p>Numele &#8222;halat ro\u0219u mare&#8221; este asociat cu o legend\u0103 din dinastia Ming: conform legendei, mama \u00eemp\u0103ratului s-a \u00eemboln\u0103vit grav, dar a fost vindecat\u0103 dup\u0103 ce a b\u0103ut acest ceai unic. \u00cen semn de recuno\u0219tin\u021b\u0103 pentru vindecarea miraculoas\u0103, \u00eemp\u0103ratul a ordonat ca tufele de ceai s\u0103 fie \u00eenf\u0103\u0219urate \u00een haine ro\u0219ii pentru a le proteja de frigul iernii. Da Hong Pao are o serie de propriet\u0103\u021bi utile. \u00cembun\u0103t\u0103\u021be\u0219te digestia, \u00eenc\u0103lze\u0219te corpul \u0219i sufletul \u00een sezonul rece, iar parfumul s\u0103u ajut\u0103 la relaxarea \u0219i ameliorarea stresului, ceea ce este deosebit de important \u00een aceste momente dificile.   <\/p>\n<p>Gustul profund, bogat, cu note u\u0219oare de dulcea\u021b\u0103 lemnoas\u0103 \u0219i nuan\u021be fumurii este rezultatul muncii vechi de secole a mae\u0219trilor chinezi de ceai.<\/p>\n<p>Se toarn\u0103 1 linguri\u021b\u0103 de frunze de ceai \u00een ceainic. Se toarn\u0103 250 ml de ap\u0103 cald\u0103 95cc, insist\u0103 timp de 3-5 minute pentru a ob\u021bine o b\u0103utur\u0103 cu un gust delicat.  Rezist\u0103 la p\u00e2n\u0103 la 4 infuzii.<\/p>\n","protected":false},"featured_media":13363,"comment_status":"open","ping_status":"closed","template":"","meta":[],"product_brand":[],"product_cat":[334,344],"product_tag":[],"class_list":{"0":"post-14295","1":"product","2":"type-product","3":"status-publish","4":"has-post-thumbnail","6":"product_cat-krasnyj-chaj","7":"product_cat-uluny","9":"first","10":"instock","11":"shipping-taxable","12":"purchasable","13":"product-type-variable","14":"has-default-attributes"},"_links":{"self":[{"href":"https:\/\/tea-shop.md\/ro\/wp-json\/wp\/v2\/product\/14295","targetHints":{"allow":["GET"]}}],"collection":[{"href":"https:\/\/tea-shop.md\/ro\/wp-json\/wp\/v2\/product"}],"about":[{"href":"https:\/\/tea-shop.md\/ro\/wp-json\/wp\/v2\/types\/product"}],"replies":[{"embeddable":true,"href":"https:\/\/tea-shop.md\/ro\/wp-json\/wp\/v2\/comments?post=14295"}],"version-history":[{"count":2,"href":"https:\/\/tea-shop.md\/ro\/wp-json\/wp\/v2\/product\/14295\/revisions"}],"predecessor-version":[{"id":14926,"href":"https:\/\/tea-shop.md\/ro\/wp-json\/wp\/v2\/product\/14295\/revisions\/14926"}],"wp:featuredmedia":[{"embeddable":true,"href":"https:\/\/tea-shop.md\/ro\/wp-json\/wp\/v2\/media\/13363"}],"wp:attachment":[{"href":"https:\/\/tea-shop.md\/ro\/wp-json\/wp\/v2\/media?parent=14295"}],"wp:term":[{"taxonomy":"product_brand","embeddable":true,"href":"https:\/\/tea-shop.md\/ro\/wp-json\/wp\/v2\/product_brand?post=14295"},{"taxonomy":"product_cat","embeddable":true,"href":"https:\/\/tea-shop.md\/ro\/wp-json\/wp\/v2\/product_cat?post=14295"},{"taxonomy":"product_tag","embeddable":true,"href":"https:\/\/tea-shop.md\/ro\/wp-json\/wp\/v2\/product_tag?post=14295"}],"curies":[{"name":"wp","href":"https:\/\/api.w.org\/{rel}","templated":true}]}}