{"id":14302,"date":"2025-12-09T22:16:57","date_gmt":"2025-12-09T20:16:57","guid":{"rendered":"https:\/\/tea-shop.md\/product\/ceai-rosu-dian-hong\/"},"modified":"2026-03-31T21:09:37","modified_gmt":"2026-03-31T18:09:37","slug":"ceai-rosu-dian-hong","status":"publish","type":"product","link":"https:\/\/tea-shop.md\/ro\/produs\/ceai-rosu-dian-hong\/","title":{"rendered":"Ceai ro\u0219u &#8222;Dian Hong&#8221;"},"content":{"rendered":"<p>Frunzele din \u021bigl\u0103 sunt mari, \u00eentregi, cu vilozit\u0103\u021bi aurii sub\u021biri bine definite \u0219i muguri intercalate.<br \/>\nAroma ceaiului uscat este pronun\u021bat\u0103 floral cu note de miere \u0219i polen. Infuzia este de culoare portocalie-chihlimbar str\u0103lucitoare, transparent\u0103. C\u00e2nd este preparat, ceaiul nobil se dezv\u0103luie din plin: o baz\u0103 saturat\u0103 dens\u0103 stabil\u0103 este \u00eembog\u0103\u021bit\u0103 cu o arom\u0103 floral\u0103 puternic\u0103: o gr\u0103din\u0103 de prim\u0103var\u0103 nealiat\u0103 \u0219i parfumat\u0103 \u00een varietatea sa proasp\u0103t\u0103 de m\u0103r \u0219i floare de tei, cire\u0219, lotus \u0219i iasomie. Nuan\u021be pure \u00eemb\u0103tr\u00e2nite \u0219i note m\u0103t\u0103soase de miere \u0219i nuci. Postgustul nu se disipeaz\u0103 mult timp, fructe pline, dulci \u2013 uscate, miere floral\u0103, alune.    <\/p>\n<p>Se prepar\u0103 folosind metoda de turnare: rupe\u021bi o bucat\u0103 mic\u0103 (6-8 g) cu un cu\u021bit sau o lingur\u0103, pune\u021bi-o \u00eentr-o cea\u0219c\u0103 sau ceainic, turna\u021bi ap\u0103 clocotit\u0103 \u0219i l\u0103sa\u021bi-o s\u0103 stea timp de 10 p\u00e2n\u0103 la 40 de secunde. Apoi este necesar s\u0103 scurge\u021bi infuzia, turna\u021bi din nou ap\u0103 clocotit\u0103 peste ea. Procedura de preparare a berii poate fi efectuat\u0103 de p\u00e2n\u0103 la 7 ori. Pe str\u00e2mtoarea a 4-a, ceaiul \u00ee\u0219i dezv\u0103luie pe deplin aroma \u0219i propriet\u0103\u021bile aromatice.   <\/p>\n<p>Presa este de 50 de grame.<\/p>\n<p>Anul este 2021.<\/p>\n","protected":false},"excerpt":{"rendered":"<p>Frunzele din \u021bigl\u0103 sunt mari, \u00eentregi, cu vilozit\u0103\u021bi aurii sub\u021biri bine definite \u0219i muguri intercalate. Aroma ceaiului uscat este pronun\u021bat\u0103<\/p>\n","protected":false},"featured_media":13319,"comment_status":"open","ping_status":"closed","template":"","meta":[],"product_brand":[],"product_cat":[334],"product_tag":[],"class_list":{"0":"post-14302","1":"product","2":"type-product","3":"status-publish","4":"has-post-thumbnail","6":"product_cat-krasnyj-chaj","8":"first","9":"instock","10":"shipping-taxable","11":"purchasable","12":"product-type-simple"},"_links":{"self":[{"href":"https:\/\/tea-shop.md\/ro\/wp-json\/wp\/v2\/product\/14302","targetHints":{"allow":["GET"]}}],"collection":[{"href":"https:\/\/tea-shop.md\/ro\/wp-json\/wp\/v2\/product"}],"about":[{"href":"https:\/\/tea-shop.md\/ro\/wp-json\/wp\/v2\/types\/product"}],"replies":[{"embeddable":true,"href":"https:\/\/tea-shop.md\/ro\/wp-json\/wp\/v2\/comments?post=14302"}],"version-history":[{"count":1,"href":"https:\/\/tea-shop.md\/ro\/wp-json\/wp\/v2\/product\/14302\/revisions"}],"predecessor-version":[{"id":14891,"href":"https:\/\/tea-shop.md\/ro\/wp-json\/wp\/v2\/product\/14302\/revisions\/14891"}],"wp:featuredmedia":[{"embeddable":true,"href":"https:\/\/tea-shop.md\/ro\/wp-json\/wp\/v2\/media\/13319"}],"wp:attachment":[{"href":"https:\/\/tea-shop.md\/ro\/wp-json\/wp\/v2\/media?parent=14302"}],"wp:term":[{"taxonomy":"product_brand","embeddable":true,"href":"https:\/\/tea-shop.md\/ro\/wp-json\/wp\/v2\/product_brand?post=14302"},{"taxonomy":"product_cat","embeddable":true,"href":"https:\/\/tea-shop.md\/ro\/wp-json\/wp\/v2\/product_cat?post=14302"},{"taxonomy":"product_tag","embeddable":true,"href":"https:\/\/tea-shop.md\/ro\/wp-json\/wp\/v2\/product_tag?post=14302"}],"curies":[{"name":"wp","href":"https:\/\/api.w.org\/{rel}","templated":true}]}}