{"id":14303,"date":"2025-12-10T20:09:17","date_gmt":"2025-12-10T18:09:17","guid":{"rendered":"https:\/\/tea-shop.md\/product\/melcul-rosu-hong-zhen-luo\/"},"modified":"2026-03-31T22:16:33","modified_gmt":"2026-03-31T19:16:33","slug":"melcul-rosu-hong-zhen-luo","status":"publish","type":"product","link":"https:\/\/tea-shop.md\/ro\/produs\/melcul-rosu-hong-zhen-luo\/","title":{"rendered":"Melcul Ro\u0219u &#8222;Hong Zhen Luo&#8221;"},"content":{"rendered":"<p>Melcul ro\u0219u este numit astfel datorit\u0103 metodei sale de r\u0103sucire, c\u00e2nd frunzele de ceai se \u00eenf\u0103\u0219oar\u0103 \u00een spirale dense-bulg\u0103ri asem\u0103n\u0103toare cochiliilor de melc. \u00cen ciuda faptului c\u0103 numai ceaiul ro\u0219u apare \u00een nume, exist\u0103 un con\u021binut ridicat de muguri aurii (Jin), cu vilozit\u0103\u021bi conservate, conferind ceaiului o arom\u0103 caracteristic\u0103 de p\u00e2ine-floral\u0103 dulce bogat\u0103. <\/p>\n<p>Culoarea infuziei este ro\u0219u auriu. Gustul este lung, plin de corp, cu o u\u0219oar\u0103 aciditate \u00een postgust. Datorit\u0103 r\u0103sucirii str\u00e2nse, ceaiul poate rezista la multe scurgeri netede, deschiz\u00e2ndu-se treptat. Aroma este dulce \u0219i p\u00e2ine, dar nu cloying, dar generos aromatizat cu indicii proaspete de ceai t\u00e2n\u0103r. Pe vasele din por\u021belan, aroma r\u0103m\u00e2ne cu indicii de biscui\u021bi de secar\u0103. \u00cen ciuda str\u0103lucirii sale \u00eensorite, ceaiul este u\u0219or de preparat. Culoarea infuziei devine ro\u0219u-maroniu \u00eenchis, iar \u00een gust apare un efect astringent \u0219i o am\u0103r\u0103ciune bogat\u0103 de ceai ro\u0219u puternic.      <\/p>\n<p>Consumul de ceai cu acest ceai, indiferent de metoda de preparare a berii, las\u0103 \u00een urm\u0103 o dispozi\u021bie pozitiv\u0103 \u0219i \u00eensorit\u0103. Se \u00eenc\u0103lze\u0219te \u0219i se re\u00eemprosp\u0103teaz\u0103 \u00een acela\u0219i timp. Se bea mult timp \u0219i bogat, nu se deranjeaz\u0103.  <\/p>\n<p>Se toarn\u0103 1 linguri\u021b\u0103 de frunze de ceai \u00een ceainic. Se toarn\u0103 250 ml de ap\u0103 cald\u0103 95cc, insist\u0103 timp de 3-5 minute pentru a ob\u021bine o b\u0103utur\u0103 cu un gust delicat.  Poate rezista la mai multe beri, se recomand\u0103 prepararea \u00een scurgeri.<\/p>\n","protected":false},"excerpt":{"rendered":"<p>Hong Luo sau \u201eMelcul Ro\u0219u\u201d \u00ee\u0219i datoreaz\u0103 numele modului \u00een care este r\u0103sucit, frunzele de ceai form\u00e2nd spirale compacte, asem\u0103n\u0103toare cu carapacele melcilor. \u00cen ciuda faptului c\u0103 \u00een denumire apare doar ceaiul ro\u0219u, acesta are un con\u021binut ridicat de muguri aurii (Jin), cu peri\u0219ori p\u0103stra\u021bi, care confer\u0103 ceaiului un arom\u0103 caracteristic\u0103, dulce, intens\u0103, de p\u00e2ine \u0219i flori. <\/p>\n<p>Culoarea infuziei este ro\u0219u auriu. Gustul este lung, plin de corp, cu o u\u0219oar\u0103 aciditate \u00een postgust. Datorit\u0103 r\u0103sucirii str\u00e2nse, ceaiul poate rezista la multe scurgeri netede, deschiz\u00e2ndu-se treptat. Aroma este dulce \u0219i p\u00e2ine, dar nu cloying, dar generos aromatizat cu indicii proaspete de ceai t\u00e2n\u0103r. Pe vasele din por\u021belan, aroma r\u0103m\u00e2ne cu indicii de biscui\u021bi de secar\u0103. \u00cen ciuda str\u0103lucirii sale \u00eensorite, ceaiul este u\u0219or de preparat. Culoarea infuziei devine ro\u0219u-maroniu \u00eenchis, iar \u00een gust apare un efect astringent \u0219i o am\u0103r\u0103ciune bogat\u0103 de ceai ro\u0219u puternic.      <\/p>\n<p>Consumul de ceai cu acest ceai, indiferent de metoda de preparare a berii, las\u0103 \u00een urm\u0103 o dispozi\u021bie pozitiv\u0103 \u0219i \u00eensorit\u0103. Se \u00eenc\u0103lze\u0219te \u0219i se re\u00eemprosp\u0103teaz\u0103 \u00een acela\u0219i timp. Se bea mult timp \u0219i bogat, nu se deranjeaz\u0103.  <\/p>\n<p>R\u0103sucit ro\u0219u ceai din recolta de prim\u0103var\u0103.<\/p>\n<p>Lichiorul de culoarea coniacului are un gust \u0219i un arom\u0103 delicate \u0219i intense, cu u\u0219oare note de fructe uscate.<\/p>\n<p>Se toarn\u0103 1 linguri\u021b\u0103 de frunze de ceai \u00een ceainic. Se toarn\u0103 250 ml de ap\u0103 cald\u0103 95cc, insist\u0103 timp de 3-5 minute pentru a ob\u021bine o b\u0103utur\u0103 cu un gust delicat. <\/p>\n","protected":false},"featured_media":13367,"comment_status":"open","ping_status":"closed","template":"","meta":[],"product_brand":[],"product_cat":[334],"product_tag":[],"class_list":{"0":"post-14303","1":"product","2":"type-product","3":"status-publish","4":"has-post-thumbnail","6":"product_cat-krasnyj-chaj","8":"first","9":"instock","10":"shipping-taxable","11":"purchasable","12":"product-type-variable","13":"has-default-attributes"},"_links":{"self":[{"href":"https:\/\/tea-shop.md\/ro\/wp-json\/wp\/v2\/product\/14303","targetHints":{"allow":["GET"]}}],"collection":[{"href":"https:\/\/tea-shop.md\/ro\/wp-json\/wp\/v2\/product"}],"about":[{"href":"https:\/\/tea-shop.md\/ro\/wp-json\/wp\/v2\/types\/product"}],"replies":[{"embeddable":true,"href":"https:\/\/tea-shop.md\/ro\/wp-json\/wp\/v2\/comments?post=14303"}],"version-history":[{"count":1,"href":"https:\/\/tea-shop.md\/ro\/wp-json\/wp\/v2\/product\/14303\/revisions"}],"predecessor-version":[{"id":14971,"href":"https:\/\/tea-shop.md\/ro\/wp-json\/wp\/v2\/product\/14303\/revisions\/14971"}],"wp:featuredmedia":[{"embeddable":true,"href":"https:\/\/tea-shop.md\/ro\/wp-json\/wp\/v2\/media\/13367"}],"wp:attachment":[{"href":"https:\/\/tea-shop.md\/ro\/wp-json\/wp\/v2\/media?parent=14303"}],"wp:term":[{"taxonomy":"product_brand","embeddable":true,"href":"https:\/\/tea-shop.md\/ro\/wp-json\/wp\/v2\/product_brand?post=14303"},{"taxonomy":"product_cat","embeddable":true,"href":"https:\/\/tea-shop.md\/ro\/wp-json\/wp\/v2\/product_cat?post=14303"},{"taxonomy":"product_tag","embeddable":true,"href":"https:\/\/tea-shop.md\/ro\/wp-json\/wp\/v2\/product_tag?post=14303"}],"curies":[{"name":"wp","href":"https:\/\/api.w.org\/{rel}","templated":true}]}}