{"id":14310,"date":"2025-12-10T20:09:18","date_gmt":"2025-12-10T18:09:18","guid":{"rendered":"https:\/\/tea-shop.md\/product\/ceai-de-yoga\/"},"modified":"2026-03-31T22:21:03","modified_gmt":"2026-03-31T19:21:03","slug":"ceai-de-yoga","status":"publish","type":"product","link":"https:\/\/tea-shop.md\/ro\/produs\/ceai-de-yoga\/","title":{"rendered":"Ceai de Yoga"},"content":{"rendered":"<p>Un amestec tradi\u021bional Indian pe baz\u0103 de ceai negru Assam. Condimentele incluse \u00een compozi\u021bie (scor\u021bi\u0219oar\u0103, ghimbir, piper negru, cardamom verde \u0219i negru, cui\u0219oare) \u00eembog\u0103\u021besc infuzia cu propriet\u0103\u021bi \u0219i au un efect de \u00eenc\u0103lzire. <\/p>\n<p>C\u00e2nd este infuzat, fiecare ingredient confer\u0103 infuziei propria sa arom\u0103 special\u0103, gust \u0219i propriet\u0103\u021bi benefice. Gustul infuziei va dezv\u0103lui o palet\u0103 contrastant\u0103 de nuan\u021be picante, gustul este lung, u\u0219or astringent. <\/p>\n<p>Se toarn\u0103 1 linguri\u021b\u0103 de frunze de ceai \u00een ceainic. Se toarn\u0103 250 ml de ap\u0103 cald\u0103 95cc, insist\u0103 timp de 3-5 minute pentru a ob\u021bine o b\u0103utur\u0103 cu un gust delicat. <\/p>\n","protected":false},"excerpt":{"rendered":"<p>\u0411\u043e\u043b\u044c\u0448\u0438\u043d\u0441\u0442\u0432\u043e \u0439\u043e\u0433\u0438\u043d\u043e\u0432 \u0438\u0437\u0431\u0435\u0433\u0430\u044e\u0442 \u0443\u043f\u043e\u0442\u0440\u0435\u0431\u043b\u0435\u043d\u0438\u044f \u043a\u043e\u0444\u0435, \u0447\u0430\u044f \u0438 \u0434\u0440\u0443\u0433\u0438\u0445 \u043d\u0430\u043f\u0438\u0442\u043a\u043e\u0432, \u0441\u043e\u0434\u0435\u0440\u0436\u0430\u0449\u0438\u0445 \u043a\u043e\u0444\u0435\u0438\u043d. \u041a\u0430\u043a \u043f\u0440\u0430\u0432\u0438\u043b\u043e, \u0430\u043b\u044c\u0442\u0435\u0440\u043d\u0430\u0442\u0438\u0432\u043e\u0439 \u0441\u0442\u0430\u043d\u043e\u0432\u044f\u0442\u0441\u044f \u043d\u0430\u043f\u0438\u0442\u043a\u0438 \u0438\u0437 \u043f\u0440\u044f\u043d\u043e\u0441\u0442\u0435\u0439 \u0438\u043b\u0438 \u0442\u0440\u0430\u0432. \u00ab\u0419\u043e\u0433\u0430-\u0447\u0430\u0439\u00bb \u043f\u043e\u0434\u043e\u0439\u0434\u0451\u0442 \u043d\u0435 \u0442\u043e\u043b\u044c\u043a\u043e \u0434\u043b\u044f \u043f\u0440\u0438\u0432\u0435\u0440\u0436\u0435\u043d\u0446\u0435\u0432 \u0434\u0443\u0445\u043e\u0432\u043d\u044b\u0445 \u043f\u0440\u0430\u043a\u0442\u0438\u043a, \u043d\u043e \u0438 \u0434\u043b\u044f \u0432\u0441\u0435\u0445, \u043a\u0442\u043e \u0445\u043e\u0447\u0435\u0442 \u0440\u0430\u0441\u0441\u043b\u0430\u0431\u0438\u0442\u044c\u0441\u044f \u0438 \u0434\u043e\u0441\u0442\u0438\u0447\u044c \u0433\u0430\u0440\u043c\u043e\u043d\u0438\u0438.  <\/p>\n<p>Un amestec tradi\u021bional Indian pe baz\u0103 de ceai negru Assam. Condimentele incluse \u00een compozi\u021bie (scor\u021bi\u0219oar\u0103, ghimbir, piper negru, cardamom verde \u0219i negru, cui\u0219oare) \u00eembog\u0103\u021besc infuzia cu propriet\u0103\u021bi \u0219i au un efect de \u00eenc\u0103lzire. <\/p>\n<p>\u041f\u0440\u0438 \u043d\u0430\u0441\u0442\u0430\u0438\u0432\u0430\u043d\u0438\u0438 \u043a\u0430\u0436\u0434\u044b\u0439 \u0438\u043d\u0433\u0440\u0435\u0434\u0438\u0435\u043d\u0442 \u043e\u0442\u0434\u0430\u0435\u0442 \u043d\u0430\u0441\u0442\u043e\u044e \u0441\u0432\u043e\u0439 \u043e\u0441\u043e\u0431\u044b\u0439 \u0430\u0440\u043e\u043c\u0430\u0442, \u0432\u043a\u0443\u0441 \u0438 \u043f\u043e\u043b\u0435\u0437\u043d\u044b\u0435 \u0441\u0432\u043e\u0439\u0441\u0442\u0432\u0430. \u0412\u043a\u0443\u0441 \u043d\u0430\u0441\u0442\u043e\u044f \u0440\u0430\u0441\u043a\u0440\u043e\u0435\u0442\u0441\u044f \u043a\u043e\u043d\u0442\u0440\u0430\u0441\u0442\u043d\u043e\u0439 \u043f\u0430\u043b\u0438\u0442\u0440\u043e\u0439 \u0442\u0440\u0430\u0432\u044f\u043d\u044b\u0445 \u043e\u0442\u0442\u0435\u043d\u043a\u043e\u0432 \u2014 \u043f\u0440\u0438\u044f\u0442\u043d\u044b\u043c \u00ab\u0445\u043e\u043b\u043e\u0434\u043a\u043e\u043c\u00bb \u043c\u044f\u0442\u044b, \u0442\u0435\u043f\u043b\u043e\u043c \u0437\u0438\u0437\u0438\u0444\u043e\u0440\u044b \u0438 \u0441\u043b\u0430\u0434\u043e\u0441\u0442\u044c\u044e \u0440\u043e\u0437\u044b. \u041f\u043e\u0441\u043b\u0435\u0432\u043a\u0443\u0441\u0438\u0435 \u0434\u043e\u043b\u0433\u043e\u0435, \u0447\u0443\u0442\u044c \u0432\u044f\u0436\u0443\u0449\u0435\u0435.  <\/p>\n<p>Se toarn\u0103 1 linguri\u021b\u0103 de frunze de ceai \u00een ceainic. Se toarn\u0103 250 ml de ap\u0103 cald\u0103 95cc, insist\u0103 timp de 3-5 minute pentru a ob\u021bine o b\u0103utur\u0103 cu un gust delicat. <\/p>\n","protected":false},"featured_media":13439,"comment_status":"open","ping_status":"closed","template":"","meta":[],"product_brand":[],"product_cat":[346,348],"product_tag":[],"class_list":{"0":"post-14310","1":"product","2":"type-product","3":"status-publish","4":"has-post-thumbnail","6":"product_cat-chernyj-chaj","7":"product_cat-chernyj-s-dobavkami","9":"first","10":"instock","11":"shipping-taxable","12":"purchasable","13":"product-type-variable","14":"has-default-attributes"},"_links":{"self":[{"href":"https:\/\/tea-shop.md\/ro\/wp-json\/wp\/v2\/product\/14310","targetHints":{"allow":["GET"]}}],"collection":[{"href":"https:\/\/tea-shop.md\/ro\/wp-json\/wp\/v2\/product"}],"about":[{"href":"https:\/\/tea-shop.md\/ro\/wp-json\/wp\/v2\/types\/product"}],"replies":[{"embeddable":true,"href":"https:\/\/tea-shop.md\/ro\/wp-json\/wp\/v2\/comments?post=14310"}],"version-history":[{"count":1,"href":"https:\/\/tea-shop.md\/ro\/wp-json\/wp\/v2\/product\/14310\/revisions"}],"predecessor-version":[{"id":14973,"href":"https:\/\/tea-shop.md\/ro\/wp-json\/wp\/v2\/product\/14310\/revisions\/14973"}],"wp:featuredmedia":[{"embeddable":true,"href":"https:\/\/tea-shop.md\/ro\/wp-json\/wp\/v2\/media\/13439"}],"wp:attachment":[{"href":"https:\/\/tea-shop.md\/ro\/wp-json\/wp\/v2\/media?parent=14310"}],"wp:term":[{"taxonomy":"product_brand","embeddable":true,"href":"https:\/\/tea-shop.md\/ro\/wp-json\/wp\/v2\/product_brand?post=14310"},{"taxonomy":"product_cat","embeddable":true,"href":"https:\/\/tea-shop.md\/ro\/wp-json\/wp\/v2\/product_cat?post=14310"},{"taxonomy":"product_tag","embeddable":true,"href":"https:\/\/tea-shop.md\/ro\/wp-json\/wp\/v2\/product_tag?post=14310"}],"curies":[{"name":"wp","href":"https:\/\/api.w.org\/{rel}","templated":true}]}}