{"id":14316,"date":"2025-12-10T20:09:11","date_gmt":"2025-12-10T18:09:11","guid":{"rendered":"https:\/\/tea-shop.md\/product\/crazy-orange\/"},"modified":"2026-03-31T22:11:19","modified_gmt":"2026-03-31T19:11:19","slug":"crazy-orange","status":"publish","type":"product","link":"https:\/\/tea-shop.md\/ro\/produs\/crazy-orange\/","title":{"rendered":"Crazy Orange"},"content":{"rendered":"<p>Ceai negru Ceylon cu felii de ananas \u0219i papaya, petale de flori portocalii \u0219i coaj\u0103 de portocal\u0103. Infuzia preparat\u0103 are o arom\u0103 portocalie str\u0103lucitoare \u0219i un gust bogat. Aroma revigorant\u0103, elegant\u0103 \u0219i plin\u0103 de via\u021b\u0103 a acestui ceai v\u0103 va oferi o bun\u0103 dispozi\u021bie \u0219i prospe\u021bime pentru \u00eentreaga zi.  <\/p>\n<p>Se toarn\u0103 1 linguri\u021b\u0103 de frunze de ceai \u00een ceainic. Se toarn\u0103 250 ml de ap\u0103 cald\u0103 95cc, insist\u0103 timp de 3-5 minute pentru a ob\u021bine o b\u0103utur\u0103 cu un gust delicat. <\/p>\n<p>&nbsp;<\/p>\n","protected":false},"excerpt":{"rendered":"<p>\u0427\u0430\u0439 \u0447\u0435\u0440\u043d\u044b\u0439 \u0430\u0440\u043e\u043c\u0430\u0442\u0438\u0437\u0438\u0440\u043e\u0432\u0430\u043d\u043d\u044b\u0439 \u0417\u0430\u0432\u043e\u0434\u043d\u043e\u0439 \u0410\u043f\u0435\u043b\u044c\u0441\u0438\u043d &#8211; \u044d\u0442\u043e\u0442 \u043a\u0443\u043f\u0430\u0436\u2002\u2014\u2002\u043f\u043e\u0445\u043e\u0436 \u043d\u0430 \u0441\u043f\u0435\u043b\u044b\u0439, \u0441\u043e\u0447\u043d\u044b\u0439 \u0430\u043f\u0435\u043b\u044c\u0441\u0438\u043d. \u042f\u0440\u043a\u0438\u0435 \u0446\u0438\u0442\u0440\u0443\u0441\u043e\u0432\u044b\u0435 \u043d\u043e\u0442\u044b, \u043d\u0435\u0436\u043d\u043e\u0441\u0442\u044c \u0438 \u044d\u043b\u0435\u0433\u0430\u043d\u0442\u043d\u043e\u0441\u0442\u044c \u0438\u0441\u043f\u0430\u043d\u0441\u043a\u043e\u0433\u043e \u0430\u043d\u0438\u0441\u0430 \u0438 \u0438\u043d\u0434\u0438\u0439\u0441\u043a\u043e\u0439 \u043a\u043e\u0440\u0438\u0446\u044b. <\/p>\n<p>\u0421\u043e\u0441\u0442\u043e\u0438\u0442 \u0438\u0437: \u0447\u0435\u0440\u043d\u043e\u0433\u043e \u0446\u0435\u0439\u043b\u043e\u043d\u0441\u043a\u043e\u0433\u043e \u0438 \u0438\u043d\u0434\u0438\u0439\u0441\u043a\u043e\u0433\u043e \u043a\u0440\u0443\u043f\u043d\u043e\u043b\u0438\u0441\u0442\u043e\u0432\u043e\u0433\u043e \u0447\u0430\u044f, \u0446\u0435\u0434\u0440\u044b \u0438 \u043a\u0443\u0441\u043e\u0447\u043a\u043e\u0432 \u0430\u043f\u0435\u043b\u044c\u0441\u0438\u043d\u0430, \u0446\u0432\u0435\u0442\u043e\u0432 \u0433\u0440\u0430\u043d\u0430\u0442\u0430, \u043a\u0443\u0441\u043e\u0447\u043a\u043e\u0432 \u044f\u0431\u043b\u043e\u043a\u0430, \u0430\u043d\u0438\u0441\u0430, \u043a\u043e\u0440\u0438\u0446\u044b.<\/p>\n<p>\u0412 \u0447\u0430\u0439 \u0434\u043e\u0431\u0430\u0432\u043b\u0435\u043d \u043d\u0430\u0442\u0443\u0440\u0430\u043b\u044c\u043d\u044b\u0439 \u0430\u0440\u043e\u043c\u0430\u0442\u0438\u0437\u0430\u0442\u043e\u0440 \u0430\u043f\u0435\u043b\u044c\u0441\u0438\u043d\u0430 \u0438 \u0435\u0436\u0435\u0432\u0438\u043a\u0438.<\/p>\n<p>\u0411\u043e\u0434\u0440\u044f\u0449\u0438\u0439, \u044d\u043b\u0435\u0433\u0430\u043d\u0442\u043d\u044b\u0439 \u0438 \u0436\u0438\u0432\u043e\u0439 \u0430\u0440\u043e\u043c\u0430\u0442 \u044d\u0442\u043e\u0433\u043e \u0447\u0430\u044f \u043f\u043e\u0434\u0430\u0440\u0438\u0442 \u0432\u0430\u043c \u0445\u043e\u0440\u043e\u0448\u0435\u0435 \u043d\u0430\u0441\u0442\u0440\u043e\u0435\u043d\u0438\u0435 \u0438 \u0441\u0432\u0435\u0436\u0435\u0441\u0442\u044c \u043d\u0430 \u0432\u0435\u0441\u044c \u0434\u0435\u043d\u044c.<\/p>\n<p>\u0427\u0435\u0440\u043d\u043e\u0433\u043e \u0446\u0435\u0439\u043b\u043e\u043d\u0441\u043a\u043e\u0433\u043e \u0438 \u0438\u043d\u0434\u0438\u0439\u0441\u043a\u043e\u0433\u043e \u043a\u0440\u0443\u043f\u043d\u043e\u043b\u0438\u0441\u0442\u043e\u0432\u043e\u0433\u043e \u0447\u0430\u044f, \u0446\u0435\u0434\u0440\u044b \u0438 \u043a\u0443\u0441\u043e\u0447\u043a\u043e\u0432 \u0430\u043f\u0435\u043b\u044c\u0441\u0438\u043d\u0430, \u0446\u0432\u0435\u0442\u043e\u0432 \u0433\u0440\u0430\u043d\u0430\u0442\u0430, \u043a\u0443\u0441\u043e\u0447\u043a\u043e\u0432 \u044f\u0431\u043b\u043e\u043a\u0430, \u0430\u043d\u0438\u0441\u0430, \u043a\u043e\u0440\u0438\u0446\u044b.<\/p>\n<p>\u041d\u0430\u0441\u0442\u043e\u0439 \u0438\u043c\u0435\u0435\u0442 \u044f\u0440\u043a\u0438\u0439 \u0430\u0440\u043e\u043c\u0430\u0442 \u0430\u043f\u0435\u043b\u044c\u0441\u0438\u043d\u0430 \u0438 \u043d\u0430\u0441\u044b\u0449\u0435\u043d\u043d\u044b\u0439 \u0432\u043a\u0443\u0441.<\/p>\n<p>Se toarn\u0103 1 linguri\u021b\u0103 de frunze de ceai \u00een ceainic. Se toarn\u0103 250 ml de ap\u0103 cald\u0103 95cc, insist\u0103 timp de 3-5 minute pentru a ob\u021bine o b\u0103utur\u0103 cu un gust delicat. <\/p>\n<p>&nbsp;<\/p>\n","protected":false},"featured_media":13451,"comment_status":"open","ping_status":"closed","template":"","meta":[],"product_brand":[],"product_cat":[346,348],"product_tag":[],"class_list":{"0":"post-14316","1":"product","2":"type-product","3":"status-publish","4":"has-post-thumbnail","6":"product_cat-chernyj-chaj","7":"product_cat-chernyj-s-dobavkami","9":"first","10":"instock","11":"shipping-taxable","12":"purchasable","13":"product-type-variable","14":"has-default-attributes"},"_links":{"self":[{"href":"https:\/\/tea-shop.md\/ro\/wp-json\/wp\/v2\/product\/14316","targetHints":{"allow":["GET"]}}],"collection":[{"href":"https:\/\/tea-shop.md\/ro\/wp-json\/wp\/v2\/product"}],"about":[{"href":"https:\/\/tea-shop.md\/ro\/wp-json\/wp\/v2\/types\/product"}],"replies":[{"embeddable":true,"href":"https:\/\/tea-shop.md\/ro\/wp-json\/wp\/v2\/comments?post=14316"}],"version-history":[{"count":1,"href":"https:\/\/tea-shop.md\/ro\/wp-json\/wp\/v2\/product\/14316\/revisions"}],"predecessor-version":[{"id":14962,"href":"https:\/\/tea-shop.md\/ro\/wp-json\/wp\/v2\/product\/14316\/revisions\/14962"}],"wp:featuredmedia":[{"embeddable":true,"href":"https:\/\/tea-shop.md\/ro\/wp-json\/wp\/v2\/media\/13451"}],"wp:attachment":[{"href":"https:\/\/tea-shop.md\/ro\/wp-json\/wp\/v2\/media?parent=14316"}],"wp:term":[{"taxonomy":"product_brand","embeddable":true,"href":"https:\/\/tea-shop.md\/ro\/wp-json\/wp\/v2\/product_brand?post=14316"},{"taxonomy":"product_cat","embeddable":true,"href":"https:\/\/tea-shop.md\/ro\/wp-json\/wp\/v2\/product_cat?post=14316"},{"taxonomy":"product_tag","embeddable":true,"href":"https:\/\/tea-shop.md\/ro\/wp-json\/wp\/v2\/product_tag?post=14316"}],"curies":[{"name":"wp","href":"https:\/\/api.w.org\/{rel}","templated":true}]}}