{"id":14322,"date":"2025-12-10T20:09:10","date_gmt":"2025-12-10T18:09:10","guid":{"rendered":"https:\/\/tea-shop.md\/product\/extravaganta\/"},"modified":"2026-03-31T22:09:02","modified_gmt":"2026-03-31T19:09:02","slug":"extravaganta","status":"publish","type":"product","link":"https:\/\/tea-shop.md\/ro\/produs\/extravaganta\/","title":{"rendered":"Extravaganta"},"content":{"rendered":"<p>Ceai negru cu frunze medii, cu buc\u0103\u021bi de c\u0103p\u0219uni, mango \u0219i ananas, petale de trandafir \u0219i floarea de porumb.<\/p>\n<p>Ceaiul negru &#8222;Extravaganza&#8221; este un amestec luminos \u0219i expresiv creat pentru cei c\u0103rora le plac experien\u021bele bogate de ceai. Combin\u0103 baza puternic\u0103 a ceaiului negru cu aditivi rafina\u021bi, cre\u00e2nd un sentiment de s\u0103rb\u0103toare \u0219i versatilitate a gustului. B\u0103utura este potrivit\u0103 pentru consumul de ceai de diminea\u021b\u0103, precum \u0219i pentru o odihn\u0103 de dup\u0103-amiaz\u0103.  <\/p>\n<p>O infuzie cu aroma \u0219i gustul fructelor exotice.<\/p>\n<p>Se toarn\u0103 1 linguri\u021b\u0103 de frunze de ceai \u00een ceainic. Se toarn\u0103 250 ml de ap\u0103 cald\u0103 95cc, insist\u0103 timp de 3-5 minute pentru a ob\u021bine o b\u0103utur\u0103 cu un gust delicat. <\/p>\n","protected":false},"excerpt":{"rendered":"<p>Ceai negru cu frunze medii, cu buc\u0103\u021bi de c\u0103p\u0219uni, mango \u0219i ananas, petale de trandafir \u0219i floarea de porumb. Ceaiul<\/p>\n","protected":false},"featured_media":15093,"comment_status":"open","ping_status":"closed","template":"","meta":[],"product_brand":[],"product_cat":[346,348],"product_tag":[],"class_list":{"0":"post-14322","1":"product","2":"type-product","3":"status-publish","4":"has-post-thumbnail","6":"product_cat-chernyj-chaj","7":"product_cat-chernyj-s-dobavkami","9":"first","10":"instock","11":"shipping-taxable","12":"purchasable","13":"product-type-variable","14":"has-default-attributes"},"_links":{"self":[{"href":"https:\/\/tea-shop.md\/ro\/wp-json\/wp\/v2\/product\/14322","targetHints":{"allow":["GET"]}}],"collection":[{"href":"https:\/\/tea-shop.md\/ro\/wp-json\/wp\/v2\/product"}],"about":[{"href":"https:\/\/tea-shop.md\/ro\/wp-json\/wp\/v2\/types\/product"}],"replies":[{"embeddable":true,"href":"https:\/\/tea-shop.md\/ro\/wp-json\/wp\/v2\/comments?post=14322"}],"version-history":[{"count":1,"href":"https:\/\/tea-shop.md\/ro\/wp-json\/wp\/v2\/product\/14322\/revisions"}],"predecessor-version":[{"id":14959,"href":"https:\/\/tea-shop.md\/ro\/wp-json\/wp\/v2\/product\/14322\/revisions\/14959"}],"wp:featuredmedia":[{"embeddable":true,"href":"https:\/\/tea-shop.md\/ro\/wp-json\/wp\/v2\/media\/15093"}],"wp:attachment":[{"href":"https:\/\/tea-shop.md\/ro\/wp-json\/wp\/v2\/media?parent=14322"}],"wp:term":[{"taxonomy":"product_brand","embeddable":true,"href":"https:\/\/tea-shop.md\/ro\/wp-json\/wp\/v2\/product_brand?post=14322"},{"taxonomy":"product_cat","embeddable":true,"href":"https:\/\/tea-shop.md\/ro\/wp-json\/wp\/v2\/product_cat?post=14322"},{"taxonomy":"product_tag","embeddable":true,"href":"https:\/\/tea-shop.md\/ro\/wp-json\/wp\/v2\/product_tag?post=14322"}],"curies":[{"name":"wp","href":"https:\/\/api.w.org\/{rel}","templated":true}]}}