{"id":14326,"date":"2025-12-10T20:09:07","date_gmt":"2025-12-10T18:09:07","guid":{"rendered":"https:\/\/tea-shop.md\/product\/ceaiul-imparatului-negru\/"},"modified":"2026-03-31T22:06:12","modified_gmt":"2026-03-31T19:06:12","slug":"ceaiul-imparatului-negru","status":"publish","type":"product","link":"https:\/\/tea-shop.md\/ro\/produs\/ceaiul-imparatului-negru\/","title":{"rendered":"Ceaiul \u00eemp\u0103ratului (negru)"},"content":{"rendered":"<p>Ceai negru cu felii de ananas \u0219i mere, cruste de m\u0103ce\u0219e \u0219i coaj\u0103 de portocal\u0103, precum \u0219i petale de \u0219ofr\u0103nel.<\/p>\n<p>&#8222;\u00cemp\u0103ratul negru&#8221; este o b\u0103utur\u0103 cu adev\u0103rat regal\u0103 \u00eenmuiat\u0103 \u00een aroma de ceai bun, fructe de p\u0103dure \u0219i flori. \u00cen form\u0103 uscat\u0103, b\u0103utura arat\u0103 foarte str\u0103lucitoare, elegant\u0103 \u0219i chiar excentric\u0103, deoarece combin\u0103 \u00eentreaga palet\u0103 de culori suculente. <\/p>\n<p>Gustul \u0219i aroma b\u0103uturii au \u00een mod clar o not\u0103 de citrice, care dilueaz\u0103 u\u0219or Accentul de fructe de p\u0103dure, eviden\u021biindu-l cu o u\u0219oar\u0103 am\u0103r\u0103ciune \u00een postgust.<\/p>\n<p>O infuzie cu o arom\u0103 bogat\u0103 de fructe-citrice \u0219i un gust bogat u\u0219or tart\u0103.<\/p>\n<p>Se toarn\u0103 1 linguri\u021b\u0103 de frunze de ceai \u00een ceainic. Se toarn\u0103 250 ml de ap\u0103 cald\u0103 95cc, insist\u0103 timp de 3-5 minute pentru a ob\u021bine o b\u0103utur\u0103 cu un gust delicat. <\/p>\n<p>&nbsp;<\/p>\n","protected":false},"excerpt":{"rendered":"<p>Ceai negru cu felii de ananas \u0219i mere, cruste de m\u0103ce\u0219e \u0219i coaj\u0103 de portocal\u0103, precum \u0219i petale de \u0219ofr\u0103nel.<\/p>\n","protected":false},"featured_media":13457,"comment_status":"open","ping_status":"closed","template":"","meta":[],"product_brand":[],"product_cat":[346,348],"product_tag":[],"class_list":{"0":"post-14326","1":"product","2":"type-product","3":"status-publish","4":"has-post-thumbnail","6":"product_cat-chernyj-chaj","7":"product_cat-chernyj-s-dobavkami","9":"first","10":"instock","11":"shipping-taxable","12":"purchasable","13":"product-type-variable","14":"has-default-attributes"},"_links":{"self":[{"href":"https:\/\/tea-shop.md\/ro\/wp-json\/wp\/v2\/product\/14326","targetHints":{"allow":["GET"]}}],"collection":[{"href":"https:\/\/tea-shop.md\/ro\/wp-json\/wp\/v2\/product"}],"about":[{"href":"https:\/\/tea-shop.md\/ro\/wp-json\/wp\/v2\/types\/product"}],"replies":[{"embeddable":true,"href":"https:\/\/tea-shop.md\/ro\/wp-json\/wp\/v2\/comments?post=14326"}],"version-history":[{"count":1,"href":"https:\/\/tea-shop.md\/ro\/wp-json\/wp\/v2\/product\/14326\/revisions"}],"predecessor-version":[{"id":14955,"href":"https:\/\/tea-shop.md\/ro\/wp-json\/wp\/v2\/product\/14326\/revisions\/14955"}],"wp:featuredmedia":[{"embeddable":true,"href":"https:\/\/tea-shop.md\/ro\/wp-json\/wp\/v2\/media\/13457"}],"wp:attachment":[{"href":"https:\/\/tea-shop.md\/ro\/wp-json\/wp\/v2\/media?parent=14326"}],"wp:term":[{"taxonomy":"product_brand","embeddable":true,"href":"https:\/\/tea-shop.md\/ro\/wp-json\/wp\/v2\/product_brand?post=14326"},{"taxonomy":"product_cat","embeddable":true,"href":"https:\/\/tea-shop.md\/ro\/wp-json\/wp\/v2\/product_cat?post=14326"},{"taxonomy":"product_tag","embeddable":true,"href":"https:\/\/tea-shop.md\/ro\/wp-json\/wp\/v2\/product_tag?post=14326"}],"curies":[{"name":"wp","href":"https:\/\/api.w.org\/{rel}","templated":true}]}}