{"id":14333,"date":"2025-12-10T20:09:05","date_gmt":"2025-12-10T18:09:05","guid":{"rendered":"https:\/\/tea-shop.md\/product\/ceai-de-afine-cu-aroma-de-crema-negru\/"},"modified":"2026-03-31T22:03:36","modified_gmt":"2026-03-31T19:03:36","slug":"ceai-de-afine-cu-aroma-de-crema-negru","status":"publish","type":"product","link":"https:\/\/tea-shop.md\/ro\/produs\/ceai-de-afine-cu-aroma-de-crema-negru\/","title":{"rendered":"Ceai de afine cu arom\u0103 de crem\u0103 (negru)"},"content":{"rendered":"<p>Un amestec de ceai chinezesc negru \u0219i Ceylon cu fructe de afine, petale de floarea de col\u021b \u0219i frunze de coac\u0103z negru.<\/p>\n<p>Acest ceai are astringen\u021b\u0103 \u0219i condimente, care sunt echilibrate de o not\u0103 dulce de fructe de p\u0103dure. B\u0103utura este ideal\u0103 pentru iubitorii de arome de fructe \u0219i fructe de p\u0103dure care doresc s\u0103 se bucure de o b\u0103utur\u0103 pl\u0103cut\u0103 \u0219i aromat\u0103. Ceaiul de afine este, de asemenea, o surs\u0103 bogat\u0103 de antioxidan\u021bi care ajut\u0103 la \u00eent\u0103rirea sistemului imunitar \u0219i la men\u021binerea s\u0103n\u0103t\u0103\u021bii corpului.  <\/p>\n<p>C\u00e2nd prepara\u021bi ceai, ve\u021bi sim\u021bi aroma bogat\u0103 a afinelor s\u0103lbatice \u0219i o ve\u021bi gusta \u00eentr-o infuzie cald\u0103.<\/p>\n<p>Se toarn\u0103 1 linguri\u021b\u0103 de frunze de ceai \u00een ceainic. Se toarn\u0103 250 ml de ap\u0103 cald\u0103 95cc, insist\u0103 timp de 3-5 minute pentru a ob\u021bine o b\u0103utur\u0103 cu un gust delicat. <\/p>\n","protected":false},"excerpt":{"rendered":"<p>\u0427\u0430\u0439 \u0447\u0435\u0440\u043d\u0438\u0447\u043d\u044b\u0439 \u0441 \u0430\u0440\u043e\u043c\u0430\u0442\u043e\u043c \u0439\u043e\u0433\u0443\u0440\u0442\u0430 &#8211; \u044d\u0442\u043e \u043f\u0440\u0435\u043c\u0438\u0430\u043b\u044c\u043d\u0430\u044f \u0441\u043c\u0435\u0441\u044c \u0447\u0435\u0440\u043d\u043e\u0433\u043e \u043a\u0438\u0442\u0430\u0439\u0441\u043a\u043e\u0433\u043e \u0438 \u0446\u0435\u0439\u043b\u043e\u043d\u0441\u043a\u043e\u0433\u043e \u0447\u0430\u044f, \u043a\u043e\u0442\u043e\u0440\u0430\u044f \u043e\u0431\u043e\u0433\u0430\u0449\u0435\u043d\u0430 \u0430\u0440\u043e\u043c\u0430\u0442\u043e\u043c \u0438 \u0432\u043a\u0443\u0441\u043e\u043c \u0447\u0435\u0440\u043d\u0438\u043a\u0438 \u0438 \u0434\u0440\u0443\u0433\u0438\u0445 \u043f\u0440\u0438\u0440\u043e\u0434\u043d\u044b\u0445 \u043a\u043e\u043c\u043f\u043e\u043d\u0435\u043d\u0442\u043e\u0432. \u042d\u0442\u043e\u0442 \u0447\u0430\u0439 \u0438\u043c\u0435\u0435\u0442 \u0442\u0435\u0440\u043f\u043a\u043e\u0441\u0442\u044c \u0438 \u043f\u0440\u044f\u043d\u043e\u0441\u0442\u044c, \u043a\u043e\u0442\u043e\u0440\u044b\u0435 \u0431\u0430\u043b\u0430\u043d\u0441\u0438\u0440\u0443\u044e\u0442\u0441\u044f \u0441\u043b\u0430\u0434\u043a\u043e\u0439 \u044f\u0433\u043e\u0434\u043d\u043e\u0439 \u043d\u043e\u0442\u043a\u043e\u0439. \u041d\u0430\u043f\u0438\u0442\u043e\u043a \u0438\u0434\u0435\u0430\u043b\u044c\u043d\u043e \u043f\u043e\u0434\u0445\u043e\u0434\u0438\u0442 \u0434\u043b\u044f \u043b\u044e\u0431\u0438\u0442\u0435\u043b\u0435\u0439 \u0444\u0440\u0443\u043a\u0442\u043e\u0432\u044b\u0445 \u0438 \u044f\u0433\u043e\u0434\u043d\u044b\u0445 \u0432\u043a\u0443\u0441\u043e\u0432, \u043a\u043e\u0442\u043e\u0440\u044b\u0435 \u0445\u043e\u0442\u044f\u0442 \u043d\u0430\u0441\u043b\u0430\u0434\u0438\u0442\u044c\u0441\u044f \u043f\u0440\u0438\u044f\u0442\u043d\u044b\u043c \u0438 \u0430\u0440\u043e\u043c\u0430\u0442\u043d\u044b\u043c \u043d\u0430\u043f\u0438\u0442\u043a\u043e\u043c. \u0427\u0435\u0440\u043d\u0438\u0447\u043d\u044b\u0439 \u0447\u0430\u0439 \u0442\u0430\u043a\u0436\u0435 \u044f\u0432\u043b\u044f\u0435\u0442\u0441\u044f \u0431\u043e\u0433\u0430\u0442\u044b\u043c \u0438\u0441\u0442\u043e\u0447\u043d\u0438\u043a\u043e\u043c \u0430\u043d\u0442\u0438\u043e\u043a\u0441\u0438\u0434\u0430\u043d\u0442\u043e\u0432, \u043a\u043e\u0442\u043e\u0440\u044b\u0435 \u043f\u043e\u043c\u043e\u0433\u0430\u044e\u0442 \u0443\u043a\u0440\u0435\u043f\u043b\u044f\u0442\u044c \u0438\u043c\u043c\u0443\u043d\u0438\u0442\u0435\u0442 \u0438 \u043f\u043e\u0434\u0434\u0435\u0440\u0436\u0438\u0432\u0430\u0442\u044c \u0437\u0434\u043e\u0440\u043e\u0432\u044c\u0435 \u043e\u0440\u0433\u0430\u043d\u0438\u0437\u043c\u0430.   <\/p>\n<p>Un amestec de ceai chinezesc negru \u0219i Ceylon cu fructe de afine, petale de floarea de col\u021b \u0219i frunze de coac\u0103z negru.<\/p>\n<p>C\u00e2nd prepara\u021bi ceai, ve\u021bi sim\u021bi aroma bogat\u0103 a afinelor s\u0103lbatice \u0219i o ve\u021bi gusta \u00eentr-o infuzie cald\u0103.<\/p>\n<p>Se toarn\u0103 1 linguri\u021b\u0103 de frunze de ceai \u00een ceainic. Se toarn\u0103 250 ml de ap\u0103 cald\u0103 95cc, insist\u0103 timp de 3-5 minute pentru a ob\u021bine o b\u0103utur\u0103 cu un gust delicat. <\/p>\n","protected":false},"featured_media":14243,"comment_status":"open","ping_status":"closed","template":"","meta":[],"product_brand":[],"product_cat":[346,348],"product_tag":[],"class_list":{"0":"post-14333","1":"product","2":"type-product","3":"status-publish","4":"has-post-thumbnail","6":"product_cat-chernyj-chaj","7":"product_cat-chernyj-s-dobavkami","9":"first","10":"instock","11":"shipping-taxable","12":"purchasable","13":"product-type-variable","14":"has-default-attributes"},"_links":{"self":[{"href":"https:\/\/tea-shop.md\/ro\/wp-json\/wp\/v2\/product\/14333","targetHints":{"allow":["GET"]}}],"collection":[{"href":"https:\/\/tea-shop.md\/ro\/wp-json\/wp\/v2\/product"}],"about":[{"href":"https:\/\/tea-shop.md\/ro\/wp-json\/wp\/v2\/types\/product"}],"replies":[{"embeddable":true,"href":"https:\/\/tea-shop.md\/ro\/wp-json\/wp\/v2\/comments?post=14333"}],"version-history":[{"count":1,"href":"https:\/\/tea-shop.md\/ro\/wp-json\/wp\/v2\/product\/14333\/revisions"}],"predecessor-version":[{"id":14951,"href":"https:\/\/tea-shop.md\/ro\/wp-json\/wp\/v2\/product\/14333\/revisions\/14951"}],"wp:featuredmedia":[{"embeddable":true,"href":"https:\/\/tea-shop.md\/ro\/wp-json\/wp\/v2\/media\/14243"}],"wp:attachment":[{"href":"https:\/\/tea-shop.md\/ro\/wp-json\/wp\/v2\/media?parent=14333"}],"wp:term":[{"taxonomy":"product_brand","embeddable":true,"href":"https:\/\/tea-shop.md\/ro\/wp-json\/wp\/v2\/product_brand?post=14333"},{"taxonomy":"product_cat","embeddable":true,"href":"https:\/\/tea-shop.md\/ro\/wp-json\/wp\/v2\/product_cat?post=14333"},{"taxonomy":"product_tag","embeddable":true,"href":"https:\/\/tea-shop.md\/ro\/wp-json\/wp\/v2\/product_tag?post=14333"}],"curies":[{"name":"wp","href":"https:\/\/api.w.org\/{rel}","templated":true}]}}