{"id":14337,"date":"2025-12-09T20:08:06","date_gmt":"2025-12-09T18:08:06","guid":{"rendered":"https:\/\/tea-shop.md\/product\/yue-guang-bai-lumina-lunii\/"},"modified":"2026-03-31T18:27:08","modified_gmt":"2026-03-31T15:27:08","slug":"yue-guang-bai-lumina-lunii","status":"publish","type":"product","link":"https:\/\/tea-shop.md\/ro\/produs\/yue-guang-bai-lumina-lunii\/","title":{"rendered":"Yue Guang Bai &#8222;Lumina Lunii&#8221;"},"content":{"rendered":"<p>&#8222;Lumina lunii&#8221; este un ceai care este diferit de orice alt ceai, se nume\u0219te at\u00e2t ceai alb, c\u00e2t \u0219i Sheng puer. Oricum, frunzele \u0219i mugurii sunt recolta\u021bi din arborii de ceai Yunnan \u0219i supu\u0219i unei prelucr\u0103ri minime, \u00een urma c\u0103reia ceaiul cap\u0103t\u0103 propriet\u0103\u021bile at\u00e2t ale ceaiului alb, c\u00e2t \u0219i ale Mao cha, o frunz\u0103 liber\u0103 prelucrat\u0103 din care este presat sheng pu &#8216; er. Acesta este un ceai alb de neegalat, cu o frunz\u0103 de ceai neobi\u0219nuit\u0103, care este acoperit\u0103 cu puf alb pe o parte \u0219i \u00eentunecat\u0103 \u0219i neted\u0103 pe cealalt\u0103.  <\/p>\n<p>Infuzia acestui ceai este u\u0219oar\u0103, dulce, f\u0103r\u0103 acri\u0219oare \u0219i am\u0103r\u0103ciune, gustul este proasp\u0103t, cu o u\u0219oar\u0103 aciditate.<\/p>\n<p>Se toarn\u0103 1 linguri\u021b\u0103 de frunze de ceai \u00een ceainic. Se toarn\u0103 250 ml de ap\u0103 cald\u0103 80cc, insist\u0103 timp de 3-5 minute pentru a ob\u021bine o b\u0103utur\u0103 cu un gust delicat. <\/p>\n<p>Aceea\u0219i b\u0103utur\u0103 poate fi turnat\u0103 de p\u00e2n\u0103 la 4 ori la r\u00e2nd, de fiecare dat\u0103 prelungind timpul de perfuzie cu aproximativ 1 minut. P\u0103stra\u021bi-l timp de maximum 5 minute, nu pute\u021bi insista mult timp, b\u0103utura va deveni tart\u0103. <\/p>\n","protected":false},"excerpt":{"rendered":"<p>\u00ab\u0411\u0435\u043b\u044b\u0439 \u043b\u0443\u043d\u043d\u044b\u0439 \u0441\u0432\u0435\u0442\u00bb \u2014 \u042e\u044d \u0413\u0443\u0430\u043d \u0411\u0430\u0439 \u2014 \u0447\u0430\u0439, \u043a\u043e\u0442\u043e\u0440\u044b\u0439 \u043d\u0435 \u043f\u043e\u0445\u043e\u0436 \u043d\u0438 \u043d\u0430 \u0447\u0442\u043e, \u0435\u0433\u043e \u043d\u0430\u0437\u044b\u0432\u0430\u044e\u0442 \u0438 \u0431\u0435\u043b\u044b\u043c \u0447\u0430\u0435\u043c \u0438 \u0448\u044d\u043d \u043f\u0443\u044d\u0440\u043e\u043c. \u041a\u0430\u043a \u0431\u044b \u0442\u043e \u043d\u0438 \u0431\u044b\u043b\u043e, \u043b\u0438\u0441\u0442\u044c\u044f \u0438 \u043f\u043e\u0447\u043a\u0438 \u0441\u043e\u0431\u0438\u0440\u0430\u044e\u0442 \u0441 \u044e\u043d\u044c\u043d\u0430\u043d\u044c\u0441\u043a\u0438\u0445 \u043f\u0443\u044d\u0440\u043d\u044b\u0445 \u0434\u0435\u0440\u0435\u0432\u044c\u0435\u0432 \u0438 \u043f\u043e\u0434\u0432\u0435\u0440\u0433\u0430\u044e\u0442 \u043c\u0438\u043d\u0438\u043c\u0430\u043b\u044c\u043d\u043e\u0439 \u043e\u0431\u0440\u0430\u0431\u043e\u0442\u043a\u0435, \u0432 \u0440\u0435\u0437\u0443\u043b\u044c\u0442\u0430\u0442\u0435 \u043a\u043e\u0442\u043e\u0440\u043e\u0439 \u0447\u0430\u0439 \u043f\u0440\u0438\u043e\u0431\u0440\u0435\u0442\u0430\u0435\u0442 \u0441\u0432\u043e\u0439\u0441\u0442\u0432\u0430 \u043a\u0430\u043a \u0431\u0435\u043b\u043e\u0433\u043e \u0447\u0430\u044f, \u0442\u0430\u043a \u0438 \u043c\u0430\u043e \u0447\u0430 \u2014 \u043e\u0431\u0440\u0430\u0431\u043e\u0442\u0430\u043d\u043d\u043e\u0433\u043e \u0440\u0430\u0441\u0441\u044b\u043f\u043d\u043e\u0433\u043e \u043b\u0438\u0441\u0442\u0430, \u0438\u0437 \u043a\u043e\u0442\u043e\u0440\u043e\u0433\u043e \u043f\u0440\u0435\u0441\u0441\u0443\u0435\u0442\u0441\u044f \u0448\u044d\u043d \u043f\u0443\u044d\u0440. <\/p>\n<p>\u0415\u0441\u0442\u044c \u0447\u0430\u0438, \u043a\u043e\u0442\u043e\u0440\u044b\u0435 \u0432\u043e\u0437\u0432\u0440\u0430\u0449\u0430\u044e\u0442 \u043f\u0435\u0440\u0435\u0436\u0438\u0432\u0430\u043d\u0438\u0435 \u0432\u0435\u0441\u043d\u044b, \u0430 \u042e\u044d \u0413\u0443\u0430\u043d \u0411\u0430\u0439 \u0432\u043e\u0437\u0432\u0440\u0430\u0449\u0430\u0435\u0442 \u043b\u0435\u0442\u043e! \u0412 \u0435\u0433\u043e \u0430\u0440\u043e\u043c\u0430\u0442\u0435 \u0437\u0430\u043f\u0430\u0445 \u043d\u0430\u0433\u0440\u0435\u0442\u043e\u0433\u043e \u0441\u043e\u043b\u043d\u0446\u0435\u043c \u043b\u0443\u0433\u0430 \u0441 \u043c\u0435\u0434\u043e\u0432\u044b\u043c\u0438 \u0442\u0440\u0430\u0432\u0430\u043c\u0438 \u0438 \u0446\u0432\u0435\u0442\u0430\u043c\u0438, \u0441 \u043a\u043e\u0442\u043e\u0440\u044b\u0445 \u043f\u0447\u0435\u043b\u044b \u0441\u043e\u0431\u0438\u0440\u0430\u044e\u0442 \u0441\u043b\u0430\u0434\u043a\u0438\u0439 \u043d\u0435\u043a\u0442\u0430\u0440. <\/p>\n<p>\u0421\u043e\u0441\u0442\u043e\u0438\u0442 \u0438\u0437 \u0432\u043e\u0440\u0441\u0438\u0441\u0442\u044b\u0445 \u0431\u0435\u043b\u044b\u0445 \u043f\u043e\u0447\u0435\u043a \u0438 \u043b\u0438\u0441\u0442\u0438\u043a\u043e\u0432.<\/p>\n<p>\u041c\u044f\u0433\u043a\u0438\u0439, \u0441\u043b\u0430\u0434\u043a\u0438\u0439, \u0431\u0435\u0437 \u0442\u0435\u0440\u043f\u043a\u043e\u0441\u0442\u0438 \u0438 \u0433\u043e\u0440\u0435\u0447\u0438. \u0421\u0432\u0435\u0436\u0435\u0435 \u0441 \u043d\u0435\u0431\u043e\u043b\u044c\u0448\u043e\u0439 \u043a\u0438\u0441\u043b\u0438\u043d\u043a\u043e\u0439, \u043e\u0431\u0432\u043e\u043b\u0430\u043a\u0438\u0432\u0430\u044e\u0449\u0435\u0435 \u043f\u043e\u0441\u043b\u0435\u0432\u043a\u0443\u0441\u0438\u0435. <\/p>\n<p>Se toarn\u0103 1 linguri\u021b\u0103 de frunze de ceai \u00een ceainic. Se toarn\u0103 250 ml de ap\u0103 cald\u0103 80cc, insist\u0103 timp de 3-5 minute pentru a ob\u021bine o b\u0103utur\u0103 cu un gust delicat. <\/p>\n<p>Aceea\u0219i b\u0103utur\u0103 poate fi turnat\u0103 de p\u00e2n\u0103 la 4 ori la r\u00e2nd, de fiecare dat\u0103 prelungind timpul de perfuzie cu aproximativ 1 minut. P\u0103stra\u021bi-l timp de maximum 5 minute, nu pute\u021bi insista mult timp, b\u0103utura va deveni tart\u0103. <\/p>\n","protected":false},"featured_media":13585,"comment_status":"open","ping_status":"closed","template":"","meta":[],"product_brand":[],"product_cat":[330],"product_tag":[],"class_list":{"0":"post-14337","1":"product","2":"type-product","3":"status-publish","4":"has-post-thumbnail","6":"product_cat-belyj-chaj","8":"first","9":"instock","10":"shipping-taxable","11":"purchasable","12":"product-type-variable","13":"has-default-attributes"},"_links":{"self":[{"href":"https:\/\/tea-shop.md\/ro\/wp-json\/wp\/v2\/product\/14337","targetHints":{"allow":["GET"]}}],"collection":[{"href":"https:\/\/tea-shop.md\/ro\/wp-json\/wp\/v2\/product"}],"about":[{"href":"https:\/\/tea-shop.md\/ro\/wp-json\/wp\/v2\/types\/product"}],"replies":[{"embeddable":true,"href":"https:\/\/tea-shop.md\/ro\/wp-json\/wp\/v2\/comments?post=14337"}],"version-history":[{"count":1,"href":"https:\/\/tea-shop.md\/ro\/wp-json\/wp\/v2\/product\/14337\/revisions"}],"predecessor-version":[{"id":14818,"href":"https:\/\/tea-shop.md\/ro\/wp-json\/wp\/v2\/product\/14337\/revisions\/14818"}],"wp:featuredmedia":[{"embeddable":true,"href":"https:\/\/tea-shop.md\/ro\/wp-json\/wp\/v2\/media\/13585"}],"wp:attachment":[{"href":"https:\/\/tea-shop.md\/ro\/wp-json\/wp\/v2\/media?parent=14337"}],"wp:term":[{"taxonomy":"product_brand","embeddable":true,"href":"https:\/\/tea-shop.md\/ro\/wp-json\/wp\/v2\/product_brand?post=14337"},{"taxonomy":"product_cat","embeddable":true,"href":"https:\/\/tea-shop.md\/ro\/wp-json\/wp\/v2\/product_cat?post=14337"},{"taxonomy":"product_tag","embeddable":true,"href":"https:\/\/tea-shop.md\/ro\/wp-json\/wp\/v2\/product_tag?post=14337"}],"curies":[{"name":"wp","href":"https:\/\/api.w.org\/{rel}","templated":true}]}}