{"id":14343,"date":"2025-12-09T21:49:19","date_gmt":"2025-12-09T19:49:19","guid":{"rendered":"https:\/\/tea-shop.md\/product\/scantei-de-sampanie\/"},"modified":"2026-03-31T19:17:00","modified_gmt":"2026-03-31T16:17:00","slug":"scantei-de-sampanie","status":"publish","type":"product","link":"https:\/\/tea-shop.md\/ro\/produs\/scantei-de-sampanie\/","title":{"rendered":"Sc\u00e2ntei de \u0219ampanie"},"content":{"rendered":"<p>Compozi\u021bia ceaiurilor negre \u0219i verzi cu adaos de felii de c\u0103p\u0219uni, frunze de coac\u0103ze negre, mure, petale de floarea-soarelui. Infuzia preparat\u0103 are o arom\u0103 delicat\u0103 \u0219i un gust str\u0103lucitor de c\u0103p\u0219uni \u0219i \u0219ampanie. <\/p>\n<p>Se toarn\u0103 1 linguri\u021b\u0103 de frunze de ceai \u00een ceainic. Se toarn\u0103 250 ml de ap\u0103 cald\u0103 95cc, insist\u0103 timp de 3-5 minute pentru a ob\u021bine o b\u0103utur\u0103 cu un gust delicat. <\/p>\n","protected":false},"excerpt":{"rendered":"<p>\u041a\u043e\u043c\u043f\u043e\u0437\u0438\u0446\u0438\u044f \u0447\u0435\u0440\u043d\u043e\u0433\u043e \u0438 \u0437\u0435\u043b\u0435\u043d\u043e\u0433\u043e \u0447\u0430\u0435\u0432 \u0441 \u0434\u043e\u0431\u0430\u0432\u043b\u0435\u043d\u0438\u0435\u043c \u043a\u0443\u0441\u043e\u0447\u043a\u043e\u0432 \u043a\u043b\u0443\u0431\u043d\u0438\u043a\u0438, \u043b\u0438\u0441\u0442\u044c\u0435\u0432 \u0447\u0435\u0440\u043d\u043e\u0439 \u0441\u043c\u043e\u0440\u043e\u0434\u0438\u043d\u044b, \u0435\u0436\u0435\u0432\u0438\u043a\u0438, \u043b\u0435\u043f\u0435\u0441\u0442\u043a\u043e\u0432 \u0432\u0430\u0441\u0438\u043b\u044c\u043a\u0430. \u0417\u0430\u0432\u0430\u0440\u0435\u043d\u043d\u044b\u0439 \u043d\u0430\u0441\u0442\u043e\u0439 \u0438\u043c\u0435\u0435\u0442 \u043d\u0435\u0436\u043d\u044b\u0439 \u0430\u0440\u043e\u043c\u0430 \u0438 \u044f\u0440\u043a\u0438\u0439 \u0432\u043a\u0443\u0441 \u043a\u043b\u0443\u0431\u043d\u0438\u043a\u0438 \u0438 \u0448\u0430\u043c\u043f\u0430\u043d\u0441\u043a\u043e\u0433\u043e. <\/p>\n","protected":false},"featured_media":11907,"comment_status":"open","ping_status":"closed","template":"","meta":[],"product_brand":[],"product_cat":[335],"product_tag":[],"class_list":{"0":"post-14343","1":"product","2":"type-product","3":"status-publish","4":"has-post-thumbnail","6":"product_cat-kupazh","8":"first","9":"instock","10":"shipping-taxable","11":"purchasable","12":"product-type-variable","13":"has-default-attributes"},"_links":{"self":[{"href":"https:\/\/tea-shop.md\/ro\/wp-json\/wp\/v2\/product\/14343","targetHints":{"allow":["GET"]}}],"collection":[{"href":"https:\/\/tea-shop.md\/ro\/wp-json\/wp\/v2\/product"}],"about":[{"href":"https:\/\/tea-shop.md\/ro\/wp-json\/wp\/v2\/types\/product"}],"replies":[{"embeddable":true,"href":"https:\/\/tea-shop.md\/ro\/wp-json\/wp\/v2\/comments?post=14343"}],"version-history":[{"count":1,"href":"https:\/\/tea-shop.md\/ro\/wp-json\/wp\/v2\/product\/14343\/revisions"}],"predecessor-version":[{"id":14854,"href":"https:\/\/tea-shop.md\/ro\/wp-json\/wp\/v2\/product\/14343\/revisions\/14854"}],"wp:featuredmedia":[{"embeddable":true,"href":"https:\/\/tea-shop.md\/ro\/wp-json\/wp\/v2\/media\/11907"}],"wp:attachment":[{"href":"https:\/\/tea-shop.md\/ro\/wp-json\/wp\/v2\/media?parent=14343"}],"wp:term":[{"taxonomy":"product_brand","embeddable":true,"href":"https:\/\/tea-shop.md\/ro\/wp-json\/wp\/v2\/product_brand?post=14343"},{"taxonomy":"product_cat","embeddable":true,"href":"https:\/\/tea-shop.md\/ro\/wp-json\/wp\/v2\/product_cat?post=14343"},{"taxonomy":"product_tag","embeddable":true,"href":"https:\/\/tea-shop.md\/ro\/wp-json\/wp\/v2\/product_tag?post=14343"}],"curies":[{"name":"wp","href":"https:\/\/api.w.org\/{rel}","templated":true}]}}