{"id":14349,"date":"2025-12-09T21:49:19","date_gmt":"2025-12-09T19:49:19","guid":{"rendered":"https:\/\/tea-shop.md\/product\/1002-nopti\/"},"modified":"2026-03-31T19:13:41","modified_gmt":"2026-03-31T16:13:41","slug":"1002-nopti","status":"publish","type":"product","link":"https:\/\/tea-shop.md\/ro\/produs\/1002-nopti\/","title":{"rendered":"1002 nop\u021bi"},"content":{"rendered":"<p>Un amestec de ceai negru \u0219i verde selectat cu felii de papaya, petale de trandafir \u0219i floarea de porumb, flori de nalb\u0103 \u0219i g\u0103lbenele. Infuzia preparat\u0103 \u00een culoarea mierii are o arom\u0103 \u0219i un gust u\u0219or de fructe \u0219i fructe de p\u0103dure. <\/p>\n<p>Se toarn\u0103 1 linguri\u021b\u0103 de frunze de ceai \u00een ceainic. Se toarn\u0103 250 ml de ap\u0103 cald\u0103 95cc, insist\u0103 timp de 3-5 minute pentru a ob\u021bine o b\u0103utur\u0103 cu un gust delicat. <\/p>\n","protected":false},"excerpt":{"rendered":"<p>Un amestec de ceai negru \u0219i verde selectat cu felii de papaya, petale de trandafir \u0219i floarea de porumb, flori de nalb\u0103 \u0219i g\u0103lbenele. Infuzia preparat\u0103 \u00een culoarea mierii are o arom\u0103 \u0219i un gust u\u0219or de fructe \u0219i fructe de p\u0103dure. <\/p>\n","protected":false},"featured_media":14348,"comment_status":"open","ping_status":"closed","template":"","meta":[],"product_brand":[],"product_cat":[335],"product_tag":[],"class_list":{"0":"post-14349","1":"product","2":"type-product","3":"status-publish","4":"has-post-thumbnail","6":"product_cat-kupazh","8":"first","9":"instock","10":"shipping-taxable","11":"purchasable","12":"product-type-variable","13":"has-default-attributes"},"_links":{"self":[{"href":"https:\/\/tea-shop.md\/ro\/wp-json\/wp\/v2\/product\/14349","targetHints":{"allow":["GET"]}}],"collection":[{"href":"https:\/\/tea-shop.md\/ro\/wp-json\/wp\/v2\/product"}],"about":[{"href":"https:\/\/tea-shop.md\/ro\/wp-json\/wp\/v2\/types\/product"}],"replies":[{"embeddable":true,"href":"https:\/\/tea-shop.md\/ro\/wp-json\/wp\/v2\/comments?post=14349"}],"version-history":[{"count":1,"href":"https:\/\/tea-shop.md\/ro\/wp-json\/wp\/v2\/product\/14349\/revisions"}],"predecessor-version":[{"id":14853,"href":"https:\/\/tea-shop.md\/ro\/wp-json\/wp\/v2\/product\/14349\/revisions\/14853"}],"wp:featuredmedia":[{"embeddable":true,"href":"https:\/\/tea-shop.md\/ro\/wp-json\/wp\/v2\/media\/14348"}],"wp:attachment":[{"href":"https:\/\/tea-shop.md\/ro\/wp-json\/wp\/v2\/media?parent=14349"}],"wp:term":[{"taxonomy":"product_brand","embeddable":true,"href":"https:\/\/tea-shop.md\/ro\/wp-json\/wp\/v2\/product_brand?post=14349"},{"taxonomy":"product_cat","embeddable":true,"href":"https:\/\/tea-shop.md\/ro\/wp-json\/wp\/v2\/product_cat?post=14349"},{"taxonomy":"product_tag","embeddable":true,"href":"https:\/\/tea-shop.md\/ro\/wp-json\/wp\/v2\/product_tag?post=14349"}],"curies":[{"name":"wp","href":"https:\/\/api.w.org\/{rel}","templated":true}]}}