{"id":14361,"date":"2026-02-18T23:11:51","date_gmt":"2026-02-18T21:11:51","guid":{"rendered":"https:\/\/tea-shop.md\/product\/shu-puer-jin-ke-fara-aditivi\/"},"modified":"2026-02-18T23:11:51","modified_gmt":"2026-02-18T21:11:51","slug":"shu-puer-jin-ke-fara-aditivi","status":"publish","type":"product","link":"https:\/\/tea-shop.md\/ro\/produs\/shu-puer-jin-ke-fara-aditivi\/","title":{"rendered":"Shu puer &#8222;Jin ke&#8221; (f\u0103r\u0103 aditivi)"},"content":{"rendered":"<p>Shu puer de \u00eenalt\u0103 calitate, Potrivit pentru fiecare zi, poate fi preparat \u00eentr-un termos.<\/p>\n<p>Infuzia are un gust bogat nobil, precum \u0219i o arom\u0103 aromatic\u0103 pl\u0103cut\u0103, profund\u0103, cu gust de ciocolat\u0103, nuci \u0219i note u\u0219oare de coniac pot fi, de asemenea, prezente.<\/p>\n<p>Se prepar\u0103 folosind metoda de turnare: pune\u021bi tableta \u00eentr-o cea\u0219c\u0103 sau ceainic, turna\u021bi ap\u0103 clocotit\u0103 peste ea \u0219i l\u0103sa\u021bi-o s\u0103 stea timp de 10 p\u00e2n\u0103 la 40 de secunde. Apoi este necesar s\u0103 scurge\u021bi infuzia, turna\u021bi din nou ap\u0103 clocotit\u0103 peste ea. Procedura de preparare a berii poate fi efectuat\u0103 de p\u00e2n\u0103 la 7 ori. Pe str\u00e2mtoarea a 4-a, ceaiul \u00ee\u0219i dezv\u0103luie pe deplin aroma \u0219i propriet\u0103\u021bile aromatice.   <\/p>\n<p>Mini tocha 5-7 grame.<\/p>\n","protected":false},"excerpt":{"rendered":"<p>Shu puer de \u00eenalt\u0103 calitate, Potrivit pentru fiecare zi, poate fi preparat \u00eentr-un termos. Infuzia are un gust bogat nobil,<\/p>\n","protected":false},"featured_media":15105,"comment_status":"open","ping_status":"closed","template":"","meta":[],"product_brand":[],"product_cat":[336,340],"product_tag":[],"class_list":{"0":"post-14361","1":"product","2":"type-product","3":"status-publish","4":"has-post-thumbnail","6":"product_cat-puer","7":"product_cat-shu-puer","9":"first","10":"instock","11":"shipping-taxable","12":"purchasable","13":"product-type-simple"},"_links":{"self":[{"href":"https:\/\/tea-shop.md\/ro\/wp-json\/wp\/v2\/product\/14361","targetHints":{"allow":["GET"]}}],"collection":[{"href":"https:\/\/tea-shop.md\/ro\/wp-json\/wp\/v2\/product"}],"about":[{"href":"https:\/\/tea-shop.md\/ro\/wp-json\/wp\/v2\/types\/product"}],"replies":[{"embeddable":true,"href":"https:\/\/tea-shop.md\/ro\/wp-json\/wp\/v2\/comments?post=14361"}],"version-history":[{"count":0,"href":"https:\/\/tea-shop.md\/ro\/wp-json\/wp\/v2\/product\/14361\/revisions"}],"wp:featuredmedia":[{"embeddable":true,"href":"https:\/\/tea-shop.md\/ro\/wp-json\/wp\/v2\/media\/15105"}],"wp:attachment":[{"href":"https:\/\/tea-shop.md\/ro\/wp-json\/wp\/v2\/media?parent=14361"}],"wp:term":[{"taxonomy":"product_brand","embeddable":true,"href":"https:\/\/tea-shop.md\/ro\/wp-json\/wp\/v2\/product_brand?post=14361"},{"taxonomy":"product_cat","embeddable":true,"href":"https:\/\/tea-shop.md\/ro\/wp-json\/wp\/v2\/product_cat?post=14361"},{"taxonomy":"product_tag","embeddable":true,"href":"https:\/\/tea-shop.md\/ro\/wp-json\/wp\/v2\/product_tag?post=14361"}],"curies":[{"name":"wp","href":"https:\/\/api.w.org\/{rel}","templated":true}]}}