{"id":14362,"date":"2026-02-18T22:41:56","date_gmt":"2026-02-18T20:41:56","guid":{"rendered":"https:\/\/tea-shop.md\/product\/shen-puer-frunza-de-aur\/"},"modified":"2026-02-18T22:41:56","modified_gmt":"2026-02-18T20:41:56","slug":"shen-puer-frunza-de-aur","status":"publish","type":"product","link":"https:\/\/tea-shop.md\/ro\/produs\/shen-puer-frunza-de-aur\/","title":{"rendered":"Shen Puer &#8222;Frunza De Aur&#8221;"},"content":{"rendered":"<p>O serie exclusiv\u0103 de ceai din frunze de aur.<\/p>\n<p>\u00cemb\u0103tr\u00e2nit sheng pu &#8216; er 2020, presat sub form\u0103 de frunz\u0103 de ceai \u0219i \u00eenf\u0103\u0219urat \u00eentr-un pachet auriu. Acest ceai este f\u0103cut din frunze mature atent selectate de arbori de ceai vechi. <\/p>\n<p>B\u0103utura finit\u0103 are o nuan\u021b\u0103 aurie str\u0103lucitoare \u0219i o arom\u0103 pronun\u021bat\u0103 cu note de miere, un gust bogat cu am\u0103r\u0103ciune minim\u0103, difer\u0103 prin dulcea\u021b\u0103 \u0219i profunzime de postgust.<\/p>\n<p>Frunza de aur este u\u0219or de preparat, rezist\u0103 la multe scurgeri, p\u0103str\u00e2nd bog\u0103\u021bia gustului \u0219i aromei.<\/p>\n<p>Se prepar\u0103 folosind metoda de turnare: pune\u021bi tableta \u00eentr-o cea\u0219c\u0103 sau ceainic, turna\u021bi ap\u0103 clocotit\u0103 peste ea \u0219i l\u0103sa\u021bi-o s\u0103 stea timp de 10 p\u00e2n\u0103 la 40 de secunde. Apoi este necesar s\u0103 scurge\u021bi infuzia, turna\u021bi din nou ap\u0103 clocotit\u0103 peste ea. Procedura de preparare a berii poate fi efectuat\u0103 de p\u00e2n\u0103 la 7 ori. Pe str\u00e2mtoarea a 4-a, ceaiul \u00ee\u0219i dezv\u0103luie pe deplin aroma \u0219i propriet\u0103\u021bile aromatice.   <\/p>\n<p>Presa este de 7-10 grame.<\/p>\n","protected":false},"excerpt":{"rendered":"<p>O serie exclusiv\u0103 de ceai din frunze de aur. \u00cemb\u0103tr\u00e2nit sheng pu &#8216; er 2020, presat sub form\u0103 de frunz\u0103<\/p>\n","protected":false},"featured_media":15101,"comment_status":"open","ping_status":"closed","template":"","meta":[],"product_brand":[],"product_cat":[336,339],"product_tag":[],"class_list":{"0":"post-14362","1":"product","2":"type-product","3":"status-publish","4":"has-post-thumbnail","6":"product_cat-puer","7":"product_cat-shen-puer","9":"first","10":"instock","11":"shipping-taxable","12":"purchasable","13":"product-type-simple"},"_links":{"self":[{"href":"https:\/\/tea-shop.md\/ro\/wp-json\/wp\/v2\/product\/14362","targetHints":{"allow":["GET"]}}],"collection":[{"href":"https:\/\/tea-shop.md\/ro\/wp-json\/wp\/v2\/product"}],"about":[{"href":"https:\/\/tea-shop.md\/ro\/wp-json\/wp\/v2\/types\/product"}],"replies":[{"embeddable":true,"href":"https:\/\/tea-shop.md\/ro\/wp-json\/wp\/v2\/comments?post=14362"}],"version-history":[{"count":0,"href":"https:\/\/tea-shop.md\/ro\/wp-json\/wp\/v2\/product\/14362\/revisions"}],"wp:featuredmedia":[{"embeddable":true,"href":"https:\/\/tea-shop.md\/ro\/wp-json\/wp\/v2\/media\/15101"}],"wp:attachment":[{"href":"https:\/\/tea-shop.md\/ro\/wp-json\/wp\/v2\/media?parent=14362"}],"wp:term":[{"taxonomy":"product_brand","embeddable":true,"href":"https:\/\/tea-shop.md\/ro\/wp-json\/wp\/v2\/product_brand?post=14362"},{"taxonomy":"product_cat","embeddable":true,"href":"https:\/\/tea-shop.md\/ro\/wp-json\/wp\/v2\/product_cat?post=14362"},{"taxonomy":"product_tag","embeddable":true,"href":"https:\/\/tea-shop.md\/ro\/wp-json\/wp\/v2\/product_tag?post=14362"}],"curies":[{"name":"wp","href":"https:\/\/api.w.org\/{rel}","templated":true}]}}