{"id":14363,"date":"2026-02-04T23:33:06","date_gmt":"2026-02-04T21:33:06","guid":{"rendered":"https:\/\/tea-shop.md\/product\/shen-puer-trei-tovarasi\/"},"modified":"2026-02-04T23:33:06","modified_gmt":"2026-02-04T21:33:06","slug":"shen-puer-trei-tovarasi","status":"publish","type":"product","link":"https:\/\/tea-shop.md\/ro\/produs\/shen-puer-trei-tovarasi\/","title":{"rendered":"Shen Puer &#8222;Trei Tovar\u0103\u0219i&#8221;"},"content":{"rendered":"<div id=\"fm_product_right_inner\">\n<div id=\"fm_product_right\">\n<div>\n<div>\n<div>\n<p>Puerul Shen \u00eemb\u0103tr\u00e2nit verde a fost fermentat de mult timp \u0219i apar\u021bine categoriei puerului &#8222;crud&#8221;. Aceast\u0103 metod\u0103 de procesare v\u0103 permite s\u0103 controla\u021bi \u00een mod independent caracteristicile ceaiului, deoarece continu\u0103 s\u0103 se coac\u0103 \u0219i dezv\u0103luie noi propriet\u0103\u021bi aromatice \u0219i aromatice. <\/p>\n<p>Shen Pu &#8216; Er este fabricat din cele mai bune soiuri de ceai verde chinezesc, are un gust clasic \u0219i este foarte revigorant. Principala diferen\u021b\u0103 \u00eentre ceaiul pu &#8216; er \u0219i ceaiul obi\u0219nuit este c\u0103 nu se deterioreaz\u0103 \u00een timp, ci cap\u0103t\u0103 mai degrab\u0103 note noi, rafinate \u0219i un gust mai pronun\u021bat. <\/p>\n<p>Datorit\u0103 unei metode speciale de procesare, Shen Puer are un efect pozitiv asupra sistemului digestiv, reduce riscul de cancer, nivelul colesterolului din s\u00e2nge, egalizeaz\u0103 tensiunea arterial\u0103 \u0219i, cu utilizare regulat\u0103, ajut\u0103 la combaterea excesului de greutate.<\/p>\n<p>Se prepar\u0103 folosind metoda de turnare: rupe\u021bi o bucat\u0103 mic\u0103 (6-8 g) cu un cu\u021bit sau o lingur\u0103, pune\u021bi-o \u00eentr-o cea\u0219c\u0103 sau ceainic, turna\u021bi ap\u0103 clocotit\u0103 \u0219i l\u0103sa\u021bi-o s\u0103 stea timp de 10 p\u00e2n\u0103 la 40 de secunde. Apoi este necesar s\u0103 scurge\u021bi infuzia, turna\u021bi din nou ap\u0103 clocotit\u0103 peste ea. Procedura de preparare a berii poate fi efectuat\u0103 de p\u00e2n\u0103 la 7 ori. Pe str\u00e2mtoarea a 4-a, ceaiul \u00ee\u0219i dezv\u0103luie pe deplin aroma \u0219i propriet\u0103\u021bile aromatice. Dac\u0103 se prepar\u0103 necorespunz\u0103tor, poate ap\u0103rea am\u0103r\u0103ciune sau tartness (de obicei cu o b\u0103utur\u0103 lung\u0103 de o b\u0103utur\u0103).    <\/p>\n<p>Presa este de 100 de grame.<\/p>\n<p>Anul 2019<\/p>\n<\/div>\n<\/div>\n<\/div>\n<\/div>\n<\/div>\n<div><\/div>\n","protected":false},"excerpt":{"rendered":"<p>Puerul Shen \u00eemb\u0103tr\u00e2nit verde a fost fermentat de mult timp \u0219i apar\u021bine categoriei puerului &#8222;crud&#8221;. Aceast\u0103 metod\u0103 de procesare v\u0103<\/p>\n","protected":false},"featured_media":13336,"comment_status":"open","ping_status":"closed","template":"","meta":[],"product_brand":[],"product_cat":[336,339],"product_tag":[],"class_list":{"0":"post-14363","1":"product","2":"type-product","3":"status-publish","4":"has-post-thumbnail","6":"product_cat-puer","7":"product_cat-shen-puer","9":"first","10":"instock","11":"shipping-taxable","12":"purchasable","13":"product-type-simple"},"_links":{"self":[{"href":"https:\/\/tea-shop.md\/ro\/wp-json\/wp\/v2\/product\/14363","targetHints":{"allow":["GET"]}}],"collection":[{"href":"https:\/\/tea-shop.md\/ro\/wp-json\/wp\/v2\/product"}],"about":[{"href":"https:\/\/tea-shop.md\/ro\/wp-json\/wp\/v2\/types\/product"}],"replies":[{"embeddable":true,"href":"https:\/\/tea-shop.md\/ro\/wp-json\/wp\/v2\/comments?post=14363"}],"version-history":[{"count":0,"href":"https:\/\/tea-shop.md\/ro\/wp-json\/wp\/v2\/product\/14363\/revisions"}],"wp:featuredmedia":[{"embeddable":true,"href":"https:\/\/tea-shop.md\/ro\/wp-json\/wp\/v2\/media\/13336"}],"wp:attachment":[{"href":"https:\/\/tea-shop.md\/ro\/wp-json\/wp\/v2\/media?parent=14363"}],"wp:term":[{"taxonomy":"product_brand","embeddable":true,"href":"https:\/\/tea-shop.md\/ro\/wp-json\/wp\/v2\/product_brand?post=14363"},{"taxonomy":"product_cat","embeddable":true,"href":"https:\/\/tea-shop.md\/ro\/wp-json\/wp\/v2\/product_cat?post=14363"},{"taxonomy":"product_tag","embeddable":true,"href":"https:\/\/tea-shop.md\/ro\/wp-json\/wp\/v2\/product_tag?post=14363"}],"curies":[{"name":"wp","href":"https:\/\/api.w.org\/{rel}","templated":true}]}}