{"id":14365,"date":"2026-01-28T17:59:41","date_gmt":"2026-01-28T15:59:41","guid":{"rendered":"https:\/\/tea-shop.md\/product\/shen-puer-la-liang-shan-munti-inalti\/"},"modified":"2026-01-28T17:59:41","modified_gmt":"2026-01-28T15:59:41","slug":"shen-puer-la-liang-shan-munti-inalti","status":"publish","type":"product","link":"https:\/\/tea-shop.md\/ro\/produs\/shen-puer-la-liang-shan-munti-inalti\/","title":{"rendered":"Shen Puer La Liang Shan &#8222;Mun\u021bi \u00cenal\u021bi&#8221;"},"content":{"rendered":"<div>\n<div>Un t\u00e2n\u0103r Shen Puer, format din materii prime de \u00eenalt\u0103 calitate\u2013frunze \u0219i muguri recolta\u021bi din arbori de ceai vechi! Locurile de colectare a ceaiului sunt foarte remarcabile-acesta este lan\u021bul muntos Wuliang Shan, cu un num\u0103r mare de gr\u0103dini de ceai abandonate. Aceasta \u00eenseamn\u0103 c\u0103 ceaiul nu este tratat \u00eempotriva insectelor \u0219i \u00eengr\u0103\u0219\u0103mintele nu sunt folosite pentru cre\u0219terea acestuia. Primim Ceai organic!   <\/div>\n<div><\/div>\n<div>Ceaiul a fost recoltat \u00een 2020 \u0219i presat \u00eentr-o pres\u0103 de 100 de grame.<\/div>\n<div><\/div>\n<div>Parfumul are motive florale, note de gropi de cire\u0219e, prune tinere \u0219i coco\u0219 de zah\u0103r. Finisajul are un gust de ment\u0103. La fel ca to\u021bi tinerii, cu infuzie puternic\u0103 va ar\u0103ta o u\u0219oar\u0103 am\u0103r\u0103ciune de pelin.  <\/div>\n<div><\/div>\n<div>Shen pu er ofer\u0103 o stare pl\u0103cut\u0103 lini\u0219titoare \u0219i meditativ\u0103. Se concentreaz\u0103 aten\u021bia, d\u0103 claritate min\u021bii, se adapteaz\u0103 la o dispozi\u021bie de lucru. Este perfect pentru petrecerile de ceai de zi cu zi \u0219i va oferi un c\u00e2mp de reflec\u021bie atunci c\u00e2nd be\u021bi ceai cu aten\u021bie.  <\/div>\n<div><\/div>\n<div>Puer \u00eent\u0103re\u0219te sistemul imunitar, satureaz\u0103 organismul cu substan\u021be utile \u0219i oligoelemente, con\u021bine aminoacizi \u0219i antioxidan\u021bi. Normalizeaz\u0103 metabolismul \u0219i elimin\u0103 substan\u021bele nocive din organism. Datorit\u0103 acestui fapt, ajut\u0103 la pierderea \u00een greutate \u0219i combate mahmureala.  <\/div>\n<div><\/div>\n<\/div>\n<div>Se prepar\u0103 folosind metoda de turnare: rupe\u021bi o bucat\u0103 mic\u0103 (6-8 g) cu un cu\u021bit sau o lingur\u0103, pune\u021bi-o \u00eentr-o cea\u0219c\u0103 sau ceainic, turna\u021bi ap\u0103 clocotit\u0103 \u0219i l\u0103sa\u021bi-o s\u0103 stea timp de 10 p\u00e2n\u0103 la 40 de secunde. Apoi este necesar s\u0103 scurge\u021bi infuzia, turna\u021bi din nou ap\u0103 clocotit\u0103 peste ea. Procedura de preparare a berii poate fi efectuat\u0103 de p\u00e2n\u0103 la 7 ori. Pe str\u00e2mtoarea a 4-a, ceaiul \u00ee\u0219i dezv\u0103luie pe deplin aroma \u0219i propriet\u0103\u021bile aromatice. Dac\u0103 se prepar\u0103 necorespunz\u0103tor, poate ap\u0103rea am\u0103r\u0103ciune sau tartness (de obicei cu o b\u0103utur\u0103 lung\u0103 de o b\u0103utur\u0103).    <\/div>\n<div><\/div>\n<div>\n<div>Presa este de 100 de grame.<\/div>\n<\/div>\n<div>\n<div>Anul este 2020.<\/div>\n<div><\/div>\n<\/div>\n<div>.<\/div>\n<div>\n<div>\n<p>&nbsp;<\/p>\n<\/div>\n<\/div>\n","protected":false},"excerpt":{"rendered":"<p>Un t\u00e2n\u0103r Shen Puer, format din materii prime de \u00eenalt\u0103 calitate\u2013frunze \u0219i muguri recolta\u021bi din arbori de ceai vechi! Locurile<\/p>\n","protected":false},"featured_media":15113,"comment_status":"open","ping_status":"closed","template":"","meta":[],"product_brand":[],"product_cat":[336,339],"product_tag":[],"class_list":{"0":"post-14365","1":"product","2":"type-product","3":"status-publish","4":"has-post-thumbnail","6":"product_cat-puer","7":"product_cat-shen-puer","9":"first","10":"instock","11":"shipping-taxable","12":"purchasable","13":"product-type-simple"},"_links":{"self":[{"href":"https:\/\/tea-shop.md\/ro\/wp-json\/wp\/v2\/product\/14365","targetHints":{"allow":["GET"]}}],"collection":[{"href":"https:\/\/tea-shop.md\/ro\/wp-json\/wp\/v2\/product"}],"about":[{"href":"https:\/\/tea-shop.md\/ro\/wp-json\/wp\/v2\/types\/product"}],"replies":[{"embeddable":true,"href":"https:\/\/tea-shop.md\/ro\/wp-json\/wp\/v2\/comments?post=14365"}],"version-history":[{"count":0,"href":"https:\/\/tea-shop.md\/ro\/wp-json\/wp\/v2\/product\/14365\/revisions"}],"wp:featuredmedia":[{"embeddable":true,"href":"https:\/\/tea-shop.md\/ro\/wp-json\/wp\/v2\/media\/15113"}],"wp:attachment":[{"href":"https:\/\/tea-shop.md\/ro\/wp-json\/wp\/v2\/media?parent=14365"}],"wp:term":[{"taxonomy":"product_brand","embeddable":true,"href":"https:\/\/tea-shop.md\/ro\/wp-json\/wp\/v2\/product_brand?post=14365"},{"taxonomy":"product_cat","embeddable":true,"href":"https:\/\/tea-shop.md\/ro\/wp-json\/wp\/v2\/product_cat?post=14365"},{"taxonomy":"product_tag","embeddable":true,"href":"https:\/\/tea-shop.md\/ro\/wp-json\/wp\/v2\/product_tag?post=14365"}],"curies":[{"name":"wp","href":"https:\/\/api.w.org\/{rel}","templated":true}]}}