{"id":14366,"date":"2026-01-28T17:59:40","date_gmt":"2026-01-28T15:59:40","guid":{"rendered":"https:\/\/tea-shop.md\/product\/shen-puer-muntii-bulan-shan\/"},"modified":"2026-01-28T17:59:40","modified_gmt":"2026-01-28T15:59:40","slug":"shen-puer-muntii-bulan-shan","status":"publish","type":"product","link":"https:\/\/tea-shop.md\/ro\/produs\/shen-puer-muntii-bulan-shan\/","title":{"rendered":"Shen Puer &#8222;Mun\u021bii Bulan Shan&#8221;"},"content":{"rendered":"<p>Adev\u0103ratul ceai verde chinezesc Puer shen Bulan shan este un puer t\u00e2n\u0103r, dar deja copt, din Bulan Shan, \u00een provincia Yunnan. Colectat \u00een aprilie 2020, acest puer brut este presat \u00een prese mici de 100 de grame. <\/p>\n<p>Infuzia de puer shen Bulan shan are un lichior de bronz u\u0219or, care are un gust neted, gros \u0219i pl\u0103cut. Acest ceai arat\u0103 un Qi cu adev\u0103rat frumos, de\u0219i este \u00eenc\u0103 destul de t\u00e2n\u0103r pentru sheng puer. <\/p>\n<p>Gustul este suculent, dens, untos, cu dulcea\u021ba \u0219i aciditatea merelor verzi.<\/p>\n<p>Presa este de 100 de grame.<\/p>\n<p>Anul este 2020.<\/p>\n<p>Se prepar\u0103 folosind metoda de turnare: rupe\u021bi o bucat\u0103 mic\u0103 (6-8 g) cu un cu\u021bit sau o lingur\u0103, pune\u021bi-o \u00eentr-o cea\u0219c\u0103 sau ceainic, turna\u021bi ap\u0103 clocotit\u0103 \u0219i l\u0103sa\u021bi-o s\u0103 stea timp de 10 p\u00e2n\u0103 la 40 de secunde. Apoi este necesar s\u0103 scurge\u021bi infuzia, turna\u021bi din nou ap\u0103 clocotit\u0103 peste ea. Procedura de preparare a berii poate fi efectuat\u0103 de p\u00e2n\u0103 la 7 ori. Pe str\u00e2mtoarea a 4-a, ceaiul \u00ee\u0219i dezv\u0103luie pe deplin aroma \u0219i propriet\u0103\u021bile aromatice. Dac\u0103 se prepar\u0103 necorespunz\u0103tor, poate ap\u0103rea am\u0103r\u0103ciune sau tartness (de obicei cu o b\u0103utur\u0103 lung\u0103 de o b\u0103utur\u0103).    <\/p>\n","protected":false},"excerpt":{"rendered":"<p>Adev\u0103ratul ceai verde chinezesc Puer shen Bulan shan este un puer t\u00e2n\u0103r, dar deja copt, din Bulan Shan, \u00een provincia<\/p>\n","protected":false},"featured_media":12667,"comment_status":"open","ping_status":"closed","template":"","meta":[],"product_brand":[],"product_cat":[336,339],"product_tag":[],"class_list":{"0":"post-14366","1":"product","2":"type-product","3":"status-publish","4":"has-post-thumbnail","6":"product_cat-puer","7":"product_cat-shen-puer","9":"first","10":"instock","11":"shipping-taxable","12":"purchasable","13":"product-type-simple"},"_links":{"self":[{"href":"https:\/\/tea-shop.md\/ro\/wp-json\/wp\/v2\/product\/14366","targetHints":{"allow":["GET"]}}],"collection":[{"href":"https:\/\/tea-shop.md\/ro\/wp-json\/wp\/v2\/product"}],"about":[{"href":"https:\/\/tea-shop.md\/ro\/wp-json\/wp\/v2\/types\/product"}],"replies":[{"embeddable":true,"href":"https:\/\/tea-shop.md\/ro\/wp-json\/wp\/v2\/comments?post=14366"}],"version-history":[{"count":0,"href":"https:\/\/tea-shop.md\/ro\/wp-json\/wp\/v2\/product\/14366\/revisions"}],"wp:featuredmedia":[{"embeddable":true,"href":"https:\/\/tea-shop.md\/ro\/wp-json\/wp\/v2\/media\/12667"}],"wp:attachment":[{"href":"https:\/\/tea-shop.md\/ro\/wp-json\/wp\/v2\/media?parent=14366"}],"wp:term":[{"taxonomy":"product_brand","embeddable":true,"href":"https:\/\/tea-shop.md\/ro\/wp-json\/wp\/v2\/product_brand?post=14366"},{"taxonomy":"product_cat","embeddable":true,"href":"https:\/\/tea-shop.md\/ro\/wp-json\/wp\/v2\/product_cat?post=14366"},{"taxonomy":"product_tag","embeddable":true,"href":"https:\/\/tea-shop.md\/ro\/wp-json\/wp\/v2\/product_tag?post=14366"}],"curies":[{"name":"wp","href":"https:\/\/api.w.org\/{rel}","templated":true}]}}