{"id":14367,"date":"2026-01-28T17:59:38","date_gmt":"2026-01-28T15:59:38","guid":{"rendered":"https:\/\/tea-shop.md\/product\/shen-puer-copacul-vechi\/"},"modified":"2026-01-28T17:59:38","modified_gmt":"2026-01-28T15:59:38","slug":"shen-puer-copacul-vechi","status":"publish","type":"product","link":"https:\/\/tea-shop.md\/ro\/produs\/shen-puer-copacul-vechi\/","title":{"rendered":"Shen Puer <\/br>&#8222;Copacul Vechi&#8221;"},"content":{"rendered":"<p>Acesta este un ceai verde chinezesc de \u00eenalt\u0103 calitate, produs \u00een gr\u0103dinile de ceai din zona Muntelui Wuliang. Este fabricat din frunze recoltate \u00een zone ecologice curate ale provinciei. <\/p>\n<p>Aroma aminte\u0219te de prune uscate \u0219i ierburi proaspete. Are un gust neobi\u0219nuit de proasp\u0103t, proasp\u0103t, cu o u\u0219oar\u0103 aciditate \u0219i astringen\u021b\u0103 a nucilor. Este potrivit pentru prepararea berii \u00eentr-un ceainic \u0219i o oal\u0103 de ceai. V\u0103 va oferi un sentiment de c\u0103ldur\u0103 \u0219i pace \u00een orice moment al zilei.   <\/p>\n<p>Acest Shen puer este potrivit pentru prima cunoa\u0219tere cu puers.<\/p>\n<p>Se prepar\u0103 folosind metoda de turnare: rupe\u021bi o bucat\u0103 mic\u0103 (6-8 g) cu un cu\u021bit sau o lingur\u0103, pune\u021bi-o \u00eentr-o cea\u0219c\u0103 sau ceainic, turna\u021bi ap\u0103 clocotit\u0103 \u0219i l\u0103sa\u021bi-o s\u0103 stea timp de 10 p\u00e2n\u0103 la 40 de secunde. Apoi este necesar s\u0103 scurge\u021bi infuzia, turna\u021bi din nou ap\u0103 clocotit\u0103 peste ea. Procedura de preparare a berii poate fi efectuat\u0103 de p\u00e2n\u0103 la 7 ori. Pe str\u00e2mtoarea a 4-a, ceaiul \u00ee\u0219i dezv\u0103luie pe deplin aroma \u0219i propriet\u0103\u021bile aromatice. Dac\u0103 se prepar\u0103 necorespunz\u0103tor, poate ap\u0103rea am\u0103r\u0103ciune sau tartness (de obicei cu o b\u0103utur\u0103 lung\u0103 de o b\u0103utur\u0103).    <\/p>\n<p>Sheng Pu &#8216; er \u00eemb\u0103tr\u00e2nit este fabricat din materii prime din 2013 \u0219i presat \u00een 2019.<\/p>\n<p>Presa este de 100 de grame.<\/p>\n","protected":false},"excerpt":{"rendered":"<p>Acesta este un ceai verde chinezesc de \u00eenalt\u0103 calitate, produs \u00een gr\u0103dinile de ceai din zona Muntelui Wuliang. Este fabricat<\/p>\n","protected":false},"featured_media":12673,"comment_status":"open","ping_status":"closed","template":"","meta":[],"product_brand":[],"product_cat":[336,339],"product_tag":[],"class_list":{"0":"post-14367","1":"product","2":"type-product","3":"status-publish","4":"has-post-thumbnail","6":"product_cat-puer","7":"product_cat-shen-puer","9":"first","10":"instock","11":"shipping-taxable","12":"purchasable","13":"product-type-simple"},"_links":{"self":[{"href":"https:\/\/tea-shop.md\/ro\/wp-json\/wp\/v2\/product\/14367","targetHints":{"allow":["GET"]}}],"collection":[{"href":"https:\/\/tea-shop.md\/ro\/wp-json\/wp\/v2\/product"}],"about":[{"href":"https:\/\/tea-shop.md\/ro\/wp-json\/wp\/v2\/types\/product"}],"replies":[{"embeddable":true,"href":"https:\/\/tea-shop.md\/ro\/wp-json\/wp\/v2\/comments?post=14367"}],"version-history":[{"count":0,"href":"https:\/\/tea-shop.md\/ro\/wp-json\/wp\/v2\/product\/14367\/revisions"}],"wp:featuredmedia":[{"embeddable":true,"href":"https:\/\/tea-shop.md\/ro\/wp-json\/wp\/v2\/media\/12673"}],"wp:attachment":[{"href":"https:\/\/tea-shop.md\/ro\/wp-json\/wp\/v2\/media?parent=14367"}],"wp:term":[{"taxonomy":"product_brand","embeddable":true,"href":"https:\/\/tea-shop.md\/ro\/wp-json\/wp\/v2\/product_brand?post=14367"},{"taxonomy":"product_cat","embeddable":true,"href":"https:\/\/tea-shop.md\/ro\/wp-json\/wp\/v2\/product_cat?post=14367"},{"taxonomy":"product_tag","embeddable":true,"href":"https:\/\/tea-shop.md\/ro\/wp-json\/wp\/v2\/product_tag?post=14367"}],"curies":[{"name":"wp","href":"https:\/\/api.w.org\/{rel}","templated":true}]}}