{"id":14368,"date":"2026-01-28T17:59:37","date_gmt":"2026-01-28T15:59:37","guid":{"rendered":"https:\/\/tea-shop.md\/product\/shu-puer-xiaoban-zhang-xiaobing\/"},"modified":"2026-01-28T17:59:37","modified_gmt":"2026-01-28T15:59:37","slug":"shu-puer-xiaoban-zhang-xiaobing","status":"publish","type":"product","link":"https:\/\/tea-shop.md\/ro\/produs\/shu-puer-xiaoban-zhang-xiaobing\/","title":{"rendered":"Shu Puer &#8222;Xiaoban Zhang Xiaobing&#8221;"},"content":{"rendered":"<p><span class=\"jCAhz ChMk0b\"><span class=\"ryNqvb\">Xiaoban Zhang Xiaobing Shu Puer este un minunat Shu Puer pentru iubitorii de petreceri de ceai care c\u0103l\u0103toresc, dimensiunea compact\u0103 \u0219i convenabil\u0103 este ideal\u0103 pentru orice b\u0103utor de ceai pentru a nu opri niciodat\u0103 tradi\u021bia petrecerilor de ceai de diminea\u021b\u0103.<\/span><\/span><\/p>\n<p><span class=\"jCAhz ChMk0b\"><span class=\"ryNqvb\">Culoarea infuziei este bogat\u0103, iar consisten\u021ba seam\u0103n\u0103 cu cafeaua.<\/span><\/span> <span class=\"jCAhz ChMk0b\"><span class=\"ryNqvb\">Gustul b\u0103uturii este luminos \u0219i de lung\u0103 durat\u0103 \u0219i str\u0103luce\u0219te \u00een tonuri pl\u0103cute de lemn de nuc\u0103.<\/span><\/span><\/p>\n<p>Presa este de 50 de grame.<\/p>\n<p>Anul este 2017.<\/p>\n<p>Se prepar\u0103 folosind metoda de turnare: rupe\u021bi o bucat\u0103 mic\u0103 (6-8 g) cu un cu\u021bit sau o lingur\u0103, pune\u021bi-o \u00eentr-o cea\u0219c\u0103 sau ceainic, turna\u021bi ap\u0103 clocotit\u0103 \u0219i l\u0103sa\u021bi-o s\u0103 stea timp de 10 p\u00e2n\u0103 la 40 de secunde. Apoi este necesar s\u0103 scurge\u021bi infuzia, turna\u021bi din nou ap\u0103 clocotit\u0103 peste ea. Procedura de preparare a berii poate fi efectuat\u0103 de p\u00e2n\u0103 la 7 ori. Pe str\u00e2mtoarea a 4-a, ceaiul \u00ee\u0219i dezv\u0103luie pe deplin aroma \u0219i propriet\u0103\u021bile aromatice.   <\/p>\n","protected":false},"excerpt":{"rendered":"<p>Xiaoban Zhang Xiaobing Shu Puer este un minunat Shu Puer pentru iubitorii de petreceri de ceai care c\u0103l\u0103toresc, dimensiunea compact\u0103<\/p>\n","protected":false},"featured_media":13345,"comment_status":"open","ping_status":"closed","template":"","meta":[],"product_brand":[],"product_cat":[336,340],"product_tag":[],"class_list":{"0":"post-14368","1":"product","2":"type-product","3":"status-publish","4":"has-post-thumbnail","6":"product_cat-puer","7":"product_cat-shu-puer","9":"first","10":"instock","11":"shipping-taxable","12":"purchasable","13":"product-type-simple"},"_links":{"self":[{"href":"https:\/\/tea-shop.md\/ro\/wp-json\/wp\/v2\/product\/14368","targetHints":{"allow":["GET"]}}],"collection":[{"href":"https:\/\/tea-shop.md\/ro\/wp-json\/wp\/v2\/product"}],"about":[{"href":"https:\/\/tea-shop.md\/ro\/wp-json\/wp\/v2\/types\/product"}],"replies":[{"embeddable":true,"href":"https:\/\/tea-shop.md\/ro\/wp-json\/wp\/v2\/comments?post=14368"}],"version-history":[{"count":0,"href":"https:\/\/tea-shop.md\/ro\/wp-json\/wp\/v2\/product\/14368\/revisions"}],"wp:featuredmedia":[{"embeddable":true,"href":"https:\/\/tea-shop.md\/ro\/wp-json\/wp\/v2\/media\/13345"}],"wp:attachment":[{"href":"https:\/\/tea-shop.md\/ro\/wp-json\/wp\/v2\/media?parent=14368"}],"wp:term":[{"taxonomy":"product_brand","embeddable":true,"href":"https:\/\/tea-shop.md\/ro\/wp-json\/wp\/v2\/product_brand?post=14368"},{"taxonomy":"product_cat","embeddable":true,"href":"https:\/\/tea-shop.md\/ro\/wp-json\/wp\/v2\/product_cat?post=14368"},{"taxonomy":"product_tag","embeddable":true,"href":"https:\/\/tea-shop.md\/ro\/wp-json\/wp\/v2\/product_tag?post=14368"}],"curies":[{"name":"wp","href":"https:\/\/api.w.org\/{rel}","templated":true}]}}