{"id":14369,"date":"2026-01-28T17:59:37","date_gmt":"2026-01-28T15:59:37","guid":{"rendered":"https:\/\/tea-shop.md\/product\/shu-puer-frunza-de-aur\/"},"modified":"2026-01-28T17:59:37","modified_gmt":"2026-01-28T15:59:37","slug":"shu-puer-frunza-de-aur","status":"publish","type":"product","link":"https:\/\/tea-shop.md\/ro\/produs\/shu-puer-frunza-de-aur\/","title":{"rendered":"Shu Puer &#8222;Frunza De Aur&#8221;"},"content":{"rendered":"<p>O serie exclusiv\u0103 de ceai din frunze de aur.<\/p>\n<p>Original shu Puer, presare dens\u0103, nou \u00een 2020.<\/p>\n<p>Infuzie cu gust de fructe uscate, arom\u0103 proasp\u0103t\u0103 \u0219i bogat\u0103.<\/p>\n<p>Se prepar\u0103 folosind metoda de turnare: pune\u021bi o frunz\u0103 \u00eentr-o cea\u0219c\u0103 sau ceainic, turna\u021bi ap\u0103 clocotit\u0103 peste ea \u0219i l\u0103sa\u021bi-o s\u0103 stea timp de 10 p\u00e2n\u0103 la 40 de secunde. Apoi este necesar s\u0103 scurge\u021bi infuzia, turna\u021bi din nou ap\u0103 clocotit\u0103 peste ea. Procedura de preparare a berii poate fi efectuat\u0103 de p\u00e2n\u0103 la 7 ori. Pe str\u00e2mtoarea a 4-a, ceaiul \u00ee\u0219i dezv\u0103luie pe deplin aroma \u0219i propriet\u0103\u021bile aromatice.   <\/p>\n<p>Presa este de 7-10 grame.<\/p>\n","protected":false},"excerpt":{"rendered":"<p>O serie exclusiv\u0103 de ceai din frunze de aur. Original shu Puer, presare dens\u0103, nou \u00een 2020. Infuzie cu gust<\/p>\n","protected":false},"featured_media":13301,"comment_status":"open","ping_status":"closed","template":"","meta":[],"product_brand":[],"product_cat":[336,340],"product_tag":[],"class_list":{"0":"post-14369","1":"product","2":"type-product","3":"status-publish","4":"has-post-thumbnail","6":"product_cat-puer","7":"product_cat-shu-puer","9":"first","10":"instock","11":"shipping-taxable","12":"purchasable","13":"product-type-simple"},"_links":{"self":[{"href":"https:\/\/tea-shop.md\/ro\/wp-json\/wp\/v2\/product\/14369","targetHints":{"allow":["GET"]}}],"collection":[{"href":"https:\/\/tea-shop.md\/ro\/wp-json\/wp\/v2\/product"}],"about":[{"href":"https:\/\/tea-shop.md\/ro\/wp-json\/wp\/v2\/types\/product"}],"replies":[{"embeddable":true,"href":"https:\/\/tea-shop.md\/ro\/wp-json\/wp\/v2\/comments?post=14369"}],"version-history":[{"count":0,"href":"https:\/\/tea-shop.md\/ro\/wp-json\/wp\/v2\/product\/14369\/revisions"}],"wp:featuredmedia":[{"embeddable":true,"href":"https:\/\/tea-shop.md\/ro\/wp-json\/wp\/v2\/media\/13301"}],"wp:attachment":[{"href":"https:\/\/tea-shop.md\/ro\/wp-json\/wp\/v2\/media?parent=14369"}],"wp:term":[{"taxonomy":"product_brand","embeddable":true,"href":"https:\/\/tea-shop.md\/ro\/wp-json\/wp\/v2\/product_brand?post=14369"},{"taxonomy":"product_cat","embeddable":true,"href":"https:\/\/tea-shop.md\/ro\/wp-json\/wp\/v2\/product_cat?post=14369"},{"taxonomy":"product_tag","embeddable":true,"href":"https:\/\/tea-shop.md\/ro\/wp-json\/wp\/v2\/product_tag?post=14369"}],"curies":[{"name":"wp","href":"https:\/\/api.w.org\/{rel}","templated":true}]}}