{"id":14370,"date":"2026-01-28T17:59:35","date_gmt":"2026-01-28T15:59:35","guid":{"rendered":"https:\/\/tea-shop.md\/product\/shu-puer-trei-tovarasi\/"},"modified":"2026-01-28T17:59:35","modified_gmt":"2026-01-28T15:59:35","slug":"shu-puer-trei-tovarasi","status":"publish","type":"product","link":"https:\/\/tea-shop.md\/ro\/produs\/shu-puer-trei-tovarasi\/","title":{"rendered":"Shu Puer &#8222;Trei tovar\u0103\u0219i&#8221;"},"content":{"rendered":"<p>Shu puer &#8222;trei \u00eenso\u021bitori&#8221; este un clasic indispensabil, un Shu Puer obi\u0219nuit, cu un gust echilibrat \u0219i o not\u0103 caracteristic\u0103 de nuc\u0103 \u00een postgust.<\/p>\n<p>Gustul este dezv\u0103luit \u00een tonuri de lemn, cu un postgust u\u0219or, dar str\u0103lucitor. Culoarea infuziei este saturat\u0103 \u0219i str\u0103luce\u0219te \u00een gama de stejar \u00eenchis \u0219i o u\u0219oar\u0103 nuan\u021b\u0103 ro\u0219iatic\u0103. <\/p>\n<p>Datorit\u0103 dimensiunilor sale compacte, acest puer va fi indispensabil pentru c\u0103l\u0103torii lungi \u0219i drume\u021bii, deci este potrivit pentru fiecare b\u0103utor de ceai.<\/p>\n<p>Se prepar\u0103 folosind metoda de turnare: rupe\u021bi o bucat\u0103 mic\u0103 (6-8 g) cu un cu\u021bit sau o lingur\u0103, pune\u021bi-o \u00eentr-o cea\u0219c\u0103 sau ceainic, turna\u021bi ap\u0103 clocotit\u0103 \u0219i l\u0103sa\u021bi-o s\u0103 stea timp de 10 p\u00e2n\u0103 la 40 de secunde. Apoi este necesar s\u0103 scurge\u021bi infuzia, turna\u021bi din nou ap\u0103 clocotit\u0103 peste ea. Procedura de preparare a berii poate fi efectuat\u0103 de p\u00e2n\u0103 la 7 ori. Pe str\u00e2mtoarea a 4-a, ceaiul \u00ee\u0219i dezv\u0103luie pe deplin aroma \u0219i propriet\u0103\u021bile aromatice.   <\/p>\n<p>Presa este de 100 de grame.<\/p>\n<p>Anul este 2019.<\/p>\n","protected":false},"excerpt":{"rendered":"<p>Shu puer &#8222;trei \u00eenso\u021bitori&#8221; este un clasic indispensabil, un Shu Puer obi\u0219nuit, cu un gust echilibrat \u0219i o not\u0103 caracteristic\u0103<\/p>\n","protected":false},"featured_media":13315,"comment_status":"open","ping_status":"closed","template":"","meta":[],"product_brand":[],"product_cat":[336,340],"product_tag":[],"class_list":{"0":"post-14370","1":"product","2":"type-product","3":"status-publish","4":"has-post-thumbnail","6":"product_cat-puer","7":"product_cat-shu-puer","9":"first","10":"instock","11":"shipping-taxable","12":"purchasable","13":"product-type-simple"},"_links":{"self":[{"href":"https:\/\/tea-shop.md\/ro\/wp-json\/wp\/v2\/product\/14370","targetHints":{"allow":["GET"]}}],"collection":[{"href":"https:\/\/tea-shop.md\/ro\/wp-json\/wp\/v2\/product"}],"about":[{"href":"https:\/\/tea-shop.md\/ro\/wp-json\/wp\/v2\/types\/product"}],"replies":[{"embeddable":true,"href":"https:\/\/tea-shop.md\/ro\/wp-json\/wp\/v2\/comments?post=14370"}],"version-history":[{"count":0,"href":"https:\/\/tea-shop.md\/ro\/wp-json\/wp\/v2\/product\/14370\/revisions"}],"wp:featuredmedia":[{"embeddable":true,"href":"https:\/\/tea-shop.md\/ro\/wp-json\/wp\/v2\/media\/13315"}],"wp:attachment":[{"href":"https:\/\/tea-shop.md\/ro\/wp-json\/wp\/v2\/media?parent=14370"}],"wp:term":[{"taxonomy":"product_brand","embeddable":true,"href":"https:\/\/tea-shop.md\/ro\/wp-json\/wp\/v2\/product_brand?post=14370"},{"taxonomy":"product_cat","embeddable":true,"href":"https:\/\/tea-shop.md\/ro\/wp-json\/wp\/v2\/product_cat?post=14370"},{"taxonomy":"product_tag","embeddable":true,"href":"https:\/\/tea-shop.md\/ro\/wp-json\/wp\/v2\/product_tag?post=14370"}],"curies":[{"name":"wp","href":"https:\/\/api.w.org\/{rel}","templated":true}]}}