{"id":14374,"date":"2025-12-10T22:03:40","date_gmt":"2025-12-10T20:03:40","guid":{"rendered":"https:\/\/tea-shop.md\/product\/rasina-shen-puer-cu-iasomie\/"},"modified":"2026-04-01T00:06:21","modified_gmt":"2026-03-31T21:06:21","slug":"rasina-shen-puer-cu-iasomie","status":"publish","type":"product","link":"https:\/\/tea-shop.md\/ro\/produs\/rasina-shen-puer-cu-iasomie\/","title":{"rendered":"R\u0103\u0219in\u0103 Shen Puer cu iasomie"},"content":{"rendered":"<p>R\u0103\u0219ina Puer este considerat\u0103 o surs\u0103 puternic\u0103 de energie \u0219i un remediu preventiv pentru diferite boli.<\/p>\n<p>Combinat cu iasomie, acest ceai poate oferi nu numai o varietate de arome, ci \u0219i beneficii suplimentare pentru s\u0103n\u0103tate.<\/p>\n<p>Ad\u0103ugarea de flori de iasomie de Moli Hua transform\u0103 gustul bogat de p\u0103m\u00e2nt al puer \u00eentr-o simfonie rafinat\u0103. Iasomia nu numai c\u0103 confer\u0103 b\u0103uturii o arom\u0103 floral\u0103 subtil\u0103, dar \u00eei \u00eembun\u0103t\u0103\u021be\u0219te \u0219i propriet\u0103\u021bile relaxante, ajut\u00e2nd la reducerea stresului \u0219i \u00eembun\u0103t\u0103\u021birea st\u0103rii de spirit. Aceast\u0103 combina\u021bie creeaz\u0103 echilibrul perfect \u00eentre veselie \u0219i calm.  <\/p>\n<p>Pune\u021bi 1 bucat\u0103 de r\u0103\u0219in\u0103 \u00eentr-o cea\u0219c\u0103 sau ceainic, turna\u021bi ap\u0103 \u00eenc\u0103lzit\u0103 la 90 de grade C \u0219i a\u0219tepta\u021bi dizolvarea complet\u0103 (de obicei dureaz\u0103 c\u00e2teva minute).<\/p>\n","protected":false},"excerpt":{"rendered":"<p>\u041a\u043e\u043d\u0446\u0435\u043d\u0442\u0440\u0438\u0440\u043e\u0432\u0430\u043d\u043d\u044b\u0439 \u044d\u043a\u0441\u0442\u0440\u0430\u043a\u0442 \u0447\u0430\u044f \u0428\u0443 \u041f\u0443\u044d\u0440\u0430, \u043e\u0431\u043e\u0433\u0430\u0449\u0435\u043d\u043d\u044b\u0439 \u0432\u044b\u0442\u044f\u0436\u043a\u043e\u0439 \u0438\u0437 \u043b\u0435\u043f\u0435\u0441\u0442\u043a\u043e\u0432 \u0436\u0430\u0441\u043c\u0438\u043d\u0430, \u0434\u0435\u0439\u0441\u0442\u0432\u0438\u0442\u0435\u043b\u044c\u043d\u043e \u0437\u0432\u0443\u0447\u0438\u0442 \u043a\u0430\u043a \u0443\u043d\u0438\u043a\u0430\u043b\u044c\u043d\u044b\u0439 \u043d\u0430\u043f\u0438\u0442\u043e\u043a. \u0428\u0443 \u041f\u0443\u044d\u0440 \u0438\u0437\u0432\u0435\u0441\u0442\u0435\u043d \u0441\u0432\u043e\u0438\u043c\u0438 \u0433\u043b\u0443\u0431\u043e\u043a\u0438\u043c\u0438 \u0432\u043a\u0443\u0441\u043e\u0432\u044b\u043c\u0438 \u0438 \u0430\u0440\u043e\u043c\u0430\u0442\u0438\u0447\u0435\u0441\u043a\u0438\u043c\u0438 \u043a\u0430\u0447\u0435\u0441\u0442\u0432\u0430\u043c\u0438, \u0430 \u0434\u043e\u0431\u0430\u0432\u043b\u0435\u043d\u0438\u0435 \u0436\u0430\u0441\u043c\u0438\u043d\u0430 \u043f\u0440\u0438\u0434\u0430\u0435\u0442 \u0435\u043c\u0443 \u0441\u043b\u0430\u0434\u043a\u043e\u0432\u0430\u0442\u044b\u0439 \u0446\u0432\u0435\u0442\u043e\u0447\u043d\u044b\u0439 \u0430\u0440\u043e\u043c\u0430\u0442. <\/p>\n<p>\u0421\u043e\u0433\u043b\u0430\u0441\u043d\u043e \u0442\u0440\u0430\u0434\u0438\u0446\u0438\u043e\u043d\u043d\u043e\u0439 \u043a\u0438\u0442\u0430\u0439\u0441\u043a\u043e\u0439 \u043c\u0435\u0434\u0438\u0446\u0438\u043d\u0435, \u043f\u0443\u044d\u0440 \u043e\u0431\u043b\u0430\u0434\u0430\u0435\u0442 \u043c\u043d\u043e\u0436\u0435\u0441\u0442\u0432\u043e\u043c \u043f\u043e\u043b\u0435\u0437\u043d\u044b\u0445 \u0441\u0432\u043e\u0439\u0441\u0442\u0432. \u041e\u043d \u043c\u043e\u0436\u0435\u0442 \u0441\u043f\u043e\u0441\u043e\u0431\u0441\u0442\u0432\u043e\u0432\u0430\u0442\u044c \u0443\u043b\u0443\u0447\u0448\u0435\u043d\u0438\u044e \u043f\u0430\u043c\u044f\u0442\u0438, \u043f\u0440\u0438\u0434\u0430\u0432\u0430\u0442\u044c \u0431\u043e\u0434\u0440\u043e\u0441\u0442\u044c \u0438 \u043f\u043e\u043c\u043e\u0433\u0430\u0442\u044c \u043f\u043e\u0434\u0434\u0435\u0440\u0436\u0438\u0432\u0430\u0442\u044c \u0432\u043d\u0443\u0442\u0440\u0435\u043d\u043d\u0435\u0435 \u0440\u0430\u0432\u043d\u043e\u0432\u0435\u0441\u0438\u0435. \u0421\u043c\u043e\u043b\u0430 \u043f\u0443\u044d\u0440\u0430, \u043a\u0430\u043a \u0432\u044b \u0443\u043f\u043e\u043c\u044f\u043d\u0443\u043b\u0438, \u0441\u0447\u0438\u0442\u0430\u0435\u0442\u0441\u044f \u043c\u043e\u0449\u043d\u044b\u043c \u0438\u0441\u0442\u043e\u0447\u043d\u0438\u043a\u043e\u043c \u044d\u043d\u0435\u0440\u0433\u0438\u0438 \u0438 \u043f\u0440\u043e\u0444\u0438\u043b\u0430\u043a\u0442\u0438\u0447\u0435\u0441\u043a\u0438\u043c \u0441\u0440\u0435\u0434\u0441\u0442\u0432\u043e\u043c \u043e\u0442 \u0440\u0430\u0437\u043b\u0438\u0447\u043d\u044b\u0445 \u0437\u0430\u0431\u043e\u043b\u0435\u0432\u0430\u043d\u0438\u0439.  <\/p>\n<p>Combinat cu iasomie, acest ceai poate oferi nu numai o varietate de arome, ci \u0219i beneficii suplimentare pentru s\u0103n\u0103tate.<\/p>\n<p>Ad\u0103ugarea de flori de iasomie de Moli Hua transform\u0103 gustul bogat de p\u0103m\u00e2nt al puer \u00eentr-o simfonie rafinat\u0103. Iasomia nu numai c\u0103 confer\u0103 b\u0103uturii o arom\u0103 floral\u0103 subtil\u0103, dar \u00eei \u00eembun\u0103t\u0103\u021be\u0219te \u0219i propriet\u0103\u021bile relaxante, ajut\u00e2nd la reducerea stresului \u0219i \u00eembun\u0103t\u0103\u021birea st\u0103rii de spirit. Aceast\u0103 combina\u021bie creeaz\u0103 echilibrul perfect \u00eentre veselie \u0219i calm.  <\/p>\n<p>&nbsp;<\/p>\n","protected":false},"featured_media":12712,"comment_status":"open","ping_status":"closed","template":"","meta":[],"product_brand":[],"product_cat":[336,338],"product_tag":[],"class_list":{"0":"post-14374","1":"product","2":"type-product","3":"status-publish","4":"has-post-thumbnail","6":"product_cat-puer","7":"product_cat-smola-puera","9":"first","10":"instock","11":"shipping-taxable","12":"purchasable","13":"product-type-simple"},"_links":{"self":[{"href":"https:\/\/tea-shop.md\/ro\/wp-json\/wp\/v2\/product\/14374","targetHints":{"allow":["GET"]}}],"collection":[{"href":"https:\/\/tea-shop.md\/ro\/wp-json\/wp\/v2\/product"}],"about":[{"href":"https:\/\/tea-shop.md\/ro\/wp-json\/wp\/v2\/types\/product"}],"replies":[{"embeddable":true,"href":"https:\/\/tea-shop.md\/ro\/wp-json\/wp\/v2\/comments?post=14374"}],"version-history":[{"count":1,"href":"https:\/\/tea-shop.md\/ro\/wp-json\/wp\/v2\/product\/14374\/revisions"}],"predecessor-version":[{"id":14997,"href":"https:\/\/tea-shop.md\/ro\/wp-json\/wp\/v2\/product\/14374\/revisions\/14997"}],"wp:featuredmedia":[{"embeddable":true,"href":"https:\/\/tea-shop.md\/ro\/wp-json\/wp\/v2\/media\/12712"}],"wp:attachment":[{"href":"https:\/\/tea-shop.md\/ro\/wp-json\/wp\/v2\/media?parent=14374"}],"wp:term":[{"taxonomy":"product_brand","embeddable":true,"href":"https:\/\/tea-shop.md\/ro\/wp-json\/wp\/v2\/product_brand?post=14374"},{"taxonomy":"product_cat","embeddable":true,"href":"https:\/\/tea-shop.md\/ro\/wp-json\/wp\/v2\/product_cat?post=14374"},{"taxonomy":"product_tag","embeddable":true,"href":"https:\/\/tea-shop.md\/ro\/wp-json\/wp\/v2\/product_tag?post=14374"}],"curies":[{"name":"wp","href":"https:\/\/api.w.org\/{rel}","templated":true}]}}