{"id":14377,"date":"2025-12-10T22:03:38","date_gmt":"2025-12-10T20:03:38","guid":{"rendered":"https:\/\/tea-shop.md\/product\/rasina-shu-puer\/"},"modified":"2026-04-01T00:03:51","modified_gmt":"2026-03-31T21:03:51","slug":"rasina-shu-puer","status":"publish","type":"product","link":"https:\/\/tea-shop.md\/ro\/produs\/rasina-shu-puer\/","title":{"rendered":"R\u0103\u0219in\u0103 Shu puer"},"content":{"rendered":"<p>R\u0103\u0219ina Puer, cunoscut\u0103 \u0219i sub numele de Cha Gao, este un produs unic ob\u021binut din frunze de puer care au fost supuse unei prelucr\u0103ri \u0219i ferment\u0103ri specifice. Acest proces, care a fost perfec\u021bionat de secole, include maturarea prelungit\u0103, datorit\u0103 c\u0103reia ceaiul \u00ee\u0219i dob\u00e2nde\u0219te gustul \u0219i aroma unic\u0103. R\u0103\u0219ina Puer este eliberat\u0103 \u00een ultima etap\u0103 de produc\u021bie, c\u00e2nd o esen\u021b\u0103 bogat\u0103 este extras\u0103 din frunzele de ceai prelucrate.  <\/p>\n<p>R\u0103\u0219ina Puer este bogat\u0103 \u00een antioxidan\u021bi, polifenoli \u0219i oligoelemente care au un efect benefic asupra st\u0103rii generale a organismului. Consumul regulat al acestei b\u0103uturi ajut\u0103 la normalizarea digestiei, la reducerea nivelului de colesterol \u0219i la \u00eent\u0103rirea sistemului imunitar. Cha Gao este, de asemenea, cunoscut pentru propriet\u0103\u021bile sale antistres \u0219i tonice, ajut\u00e2nd la \u00eembun\u0103t\u0103\u021birea st\u0103rii de spirit \u0219i la cre\u0219terea vitalit\u0103\u021bii.  <\/p>\n<p>Pune\u021bi 1 bucat\u0103 de r\u0103\u0219in\u0103 \u00eentr-o cea\u0219c\u0103 sau ceainic, turna\u021bi ap\u0103 \u00eenc\u0103lzit\u0103 la 90 de grade C \u0219i a\u0219tepta\u021bi dizolvarea complet\u0103 (de obicei dureaz\u0103 c\u00e2teva minute).<\/p>\n","protected":false},"excerpt":{"rendered":"<p>R\u0103\u0219ina Puer, cunoscut\u0103 \u0219i sub numele de Cha Gao, este un produs unic ob\u021binut din frunze de puer care au fost supuse unei prelucr\u0103ri \u0219i ferment\u0103ri specifice. Acest proces, care a fost perfec\u021bionat de secole, include maturarea prelungit\u0103, datorit\u0103 c\u0103reia ceaiul \u00ee\u0219i dob\u00e2nde\u0219te gustul \u0219i aroma unic\u0103. R\u0103\u0219ina Puer este eliberat\u0103 \u00een ultima etap\u0103 de produc\u021bie, c\u00e2nd o esen\u021b\u0103 bogat\u0103 este extras\u0103 din frunzele de ceai prelucrate.  <\/p>\n<p>R\u0103\u0219ina Puer este bogat\u0103 \u00een antioxidan\u021bi, polifenoli \u0219i oligoelemente care au un efect benefic asupra st\u0103rii generale a organismului. Consumul regulat al acestei b\u0103uturi ajut\u0103 la normalizarea digestiei, la reducerea nivelului de colesterol \u0219i la \u00eent\u0103rirea sistemului imunitar. Cha Gao este, de asemenea, cunoscut pentru propriet\u0103\u021bile sale antistres \u0219i tonice, ajut\u00e2nd la \u00eembun\u0103t\u0103\u021birea st\u0103rii de spirit \u0219i la cre\u0219terea vitalit\u0103\u021bii.  <\/p>\n","protected":false},"featured_media":13382,"comment_status":"open","ping_status":"closed","template":"","meta":[],"product_brand":[],"product_cat":[336,338],"product_tag":[],"class_list":{"0":"post-14377","1":"product","2":"type-product","3":"status-publish","4":"has-post-thumbnail","6":"product_cat-puer","7":"product_cat-smola-puera","9":"first","10":"instock","11":"shipping-taxable","12":"purchasable","13":"product-type-simple"},"_links":{"self":[{"href":"https:\/\/tea-shop.md\/ro\/wp-json\/wp\/v2\/product\/14377","targetHints":{"allow":["GET"]}}],"collection":[{"href":"https:\/\/tea-shop.md\/ro\/wp-json\/wp\/v2\/product"}],"about":[{"href":"https:\/\/tea-shop.md\/ro\/wp-json\/wp\/v2\/types\/product"}],"replies":[{"embeddable":true,"href":"https:\/\/tea-shop.md\/ro\/wp-json\/wp\/v2\/comments?post=14377"}],"version-history":[{"count":1,"href":"https:\/\/tea-shop.md\/ro\/wp-json\/wp\/v2\/product\/14377\/revisions"}],"predecessor-version":[{"id":14994,"href":"https:\/\/tea-shop.md\/ro\/wp-json\/wp\/v2\/product\/14377\/revisions\/14994"}],"wp:featuredmedia":[{"embeddable":true,"href":"https:\/\/tea-shop.md\/ro\/wp-json\/wp\/v2\/media\/13382"}],"wp:attachment":[{"href":"https:\/\/tea-shop.md\/ro\/wp-json\/wp\/v2\/media?parent=14377"}],"wp:term":[{"taxonomy":"product_brand","embeddable":true,"href":"https:\/\/tea-shop.md\/ro\/wp-json\/wp\/v2\/product_brand?post=14377"},{"taxonomy":"product_cat","embeddable":true,"href":"https:\/\/tea-shop.md\/ro\/wp-json\/wp\/v2\/product_cat?post=14377"},{"taxonomy":"product_tag","embeddable":true,"href":"https:\/\/tea-shop.md\/ro\/wp-json\/wp\/v2\/product_tag?post=14377"}],"curies":[{"name":"wp","href":"https:\/\/api.w.org\/{rel}","templated":true}]}}