{"id":14378,"date":"2025-12-10T22:03:39","date_gmt":"2025-12-10T20:03:39","guid":{"rendered":"https:\/\/tea-shop.md\/product\/rasina-shen-puer\/"},"modified":"2026-04-01T00:05:34","modified_gmt":"2026-03-31T21:05:34","slug":"rasina-shen-puer","status":"publish","type":"product","link":"https:\/\/tea-shop.md\/ro\/produs\/rasina-shen-puer\/","title":{"rendered":"R\u0103\u0219in\u0103 Shen puer"},"content":{"rendered":"<p>Puer Cha Gao Sheng, sau faimoasa r\u0103\u0219in\u0103 Puer imperial\u0103, este un ceai unic f\u0103cut \u00eentr\u2013un mod special din frunze puer de \u00eenalt\u0103 calitate. Cha Gao este o tehnologie care v\u0103 permite s\u0103 fierbe\u021bi substan\u021bele con\u021binute \u00een frunze \u0219i s\u0103 le usca\u021bi. Rezultatul acestei proceduri este ceaiul instant, care are o extractivitate sut\u0103 la sut\u0103 \u0219i con\u021bine \u00een form\u0103 concentrat\u0103 toate substan\u021bele utile ale materiilor prime originale.  <\/p>\n<p>Pentru a produce Cha Gao Shen, frunzele de Puer finite sunt a\u0219ezate \u00een cuve ad\u00e2nci \u0219i fierte la foc mic timp de 8-12 ore, amestec\u00e2nd continuu. Ca urmare a digestiei, se ob\u021bine un fel de gr\u00e2u de ceai. Se filtreaz\u0103 printr-o sit\u0103 pentru a sc\u0103pa de resturile de frunze \u0219i be\u021be \u0219i se toarn\u0103 \u00een forme speciale, unde la temperaturi sc\u0103zute, Cha Gao Shen este uscat p\u00e2n\u0103 la o past\u0103 solid\u0103.  <\/p>\n<p>Aproximativ 50 de kilograme de frunze de puer de 100 de ani sunt folosite pentru a produce un kilogram de r\u0103\u0219in\u0103.<\/p>\n<p>Acest Puer este apreciat pentru aroma sa floral\u0103 bogat\u0103, gustul acru, dar delicat, propriet\u0103\u021bile curative remarcabile \u0219i nepreten\u021bia. Puer Cha Gao Shen poate fi preparat at\u00e2t \u00een ap\u0103 cald\u0103, c\u00e2t \u0219i \u00een ap\u0103 rece \u0219i nu necesit\u0103 condi\u021bii speciale de depozitare. <\/p>\n<p>Pune\u021bi 1 bucat\u0103 de r\u0103\u0219in\u0103 \u00eentr-o cea\u0219c\u0103 sau ceainic, turna\u021bi ap\u0103 \u00eenc\u0103lzit\u0103 la 90 de grade C \u0219i a\u0219tepta\u021bi dizolvarea complet\u0103 (de obicei dureaz\u0103 c\u00e2teva minute).<\/p>\n","protected":false},"excerpt":{"rendered":"<p>Puer Cha Gao Sheng, sau faimoasa r\u0103\u0219in\u0103 Puer imperial\u0103, este un ceai unic f\u0103cut \u00eentr\u2013un mod special din frunze puer de \u00eenalt\u0103 calitate. Cha Gao este o tehnologie care v\u0103 permite s\u0103 fierbe\u021bi substan\u021bele con\u021binute \u00een frunze \u0219i s\u0103 le usca\u021bi. Rezultatul acestei proceduri este ceaiul instant, care are o extractivitate sut\u0103 la sut\u0103 \u0219i con\u021bine \u00een form\u0103 concentrat\u0103 toate substan\u021bele utile ale materiilor prime originale.  <\/p>\n<p>Pentru a produce Cha Gao Shen, frunzele de Puer finite sunt a\u0219ezate \u00een cuve ad\u00e2nci \u0219i fierte la foc mic timp de 8-12 ore, amestec\u00e2nd continuu. Ca urmare a digestiei, se ob\u021bine un fel de gr\u00e2u de ceai. Se filtreaz\u0103 printr-o sit\u0103 pentru a sc\u0103pa de resturile de frunze \u0219i be\u021be \u0219i se toarn\u0103 \u00een forme speciale, unde la temperaturi sc\u0103zute, Cha Gao Shen este uscat p\u00e2n\u0103 la o past\u0103 solid\u0103.  <\/p>\n<p>Aproximativ 50 de kilograme de frunze de puer de 100 de ani sunt folosite pentru a produce un kilogram de r\u0103\u0219in\u0103.<\/p>\n<p>Acest Puer este apreciat pentru aroma sa floral\u0103 bogat\u0103, gustul acru, dar delicat, propriet\u0103\u021bile curative remarcabile \u0219i nepreten\u021bia. Puer Cha Gao Shen poate fi preparat at\u00e2t \u00een ap\u0103 cald\u0103, c\u00e2t \u0219i \u00een ap\u0103 rece \u0219i nu necesit\u0103 condi\u021bii speciale de depozitare. <\/p>\n<p>\u041e\u0437\u0434\u043e\u0440\u0430\u0432\u043b\u0438\u0432\u0430\u044e\u0449\u0438\u0435 \u0441\u0432\u043e\u0439\u0441\u0442\u0432\u0430 \u041f\u0443\u044d\u0440 \u0427\u0430 \u0413\u0430\u043e \u0428\u0435\u043d \u043f\u0435\u0440\u0435\u0447\u0438\u0441\u043b\u0435\u043d\u044b \u0435\u0449\u0435 \u0432 \u0432\u044b\u0434\u0430\u044e\u0449\u0435\u0439\u0441\u044f \u043c\u0435\u0434\u0438\u0446\u0438\u043d\u0441\u043a\u043e\u0439 \u043a\u043d\u0438\u0433\u0435 \u0432\u0440\u0435\u043c\u0435\u043d \u0434\u0438\u043d\u0430\u0441\u0442\u0438\u0438 \u0426\u0438\u043d \u2013 \u00ab\u0414\u043e\u043f\u043e\u043b\u043d\u0435\u043d\u0438\u0435 \u043a \u041a\u043e\u043c\u043f\u0435\u043d\u0434\u0438\u0443\u043c\u0443 \u043b\u0435\u043a\u0430\u0440\u0441\u0442\u0432\u0435\u043d\u043d\u044b\u0445 \u0432\u0435\u0449\u0435\u0441\u0442\u0432\u00bb. \u0412 \u0447\u0430\u0441\u0442\u043d\u043e\u0441\u0442\u0438, \u0432 \u043d\u0435\u0439 \u0443\u043a\u0430\u0437\u044b\u0432\u0430\u0435\u0442\u0441\u044f, \u0447\u0442\u043e \u0441\u043c\u043e\u043b\u0430 \u041f\u0443\u044d\u0440\u0430 \u043e\u0431\u043b\u0430\u0434\u0430\u0435\u0442 \u0432\u044b\u0441\u043e\u043a\u0438\u043c \u043e\u0442\u0440\u0435\u0437\u0432\u043b\u044f\u044e\u0449\u0438\u043c \u044d\u0444\u0444\u0435\u043a\u0442\u043e\u043c, \u0441\u043f\u043e\u0441\u043e\u0431\u043d\u044b\u043c \u043f\u0440\u0438\u0432\u0435\u0441\u0442\u0438 \u0432 \u0447\u0443\u0432\u0441\u0442\u0432\u043e \u0438 \u0438\u0437\u043b\u0435\u0447\u0438\u0442\u044c \u043e\u0442 \u043f\u043e\u0445\u043c\u0435\u043b\u044c\u044f \u0434\u0430\u0436\u0435 \u0441\u0430\u043c\u043e\u0433\u043e \u043d\u0435\u0441\u0433\u043e\u0432\u043e\u0440\u0447\u0438\u0432\u043e\u0433\u043e \u043b\u044e\u0431\u0438\u0442\u0435\u043b\u044f \u0432\u044b\u043f\u0438\u0442\u044c. <\/p>\n<p>&nbsp;<\/p>\n","protected":false},"featured_media":13380,"comment_status":"open","ping_status":"closed","template":"","meta":[],"product_brand":[],"product_cat":[336,338],"product_tag":[],"class_list":{"0":"post-14378","1":"product","2":"type-product","3":"status-publish","4":"has-post-thumbnail","6":"product_cat-puer","7":"product_cat-smola-puera","9":"first","10":"instock","11":"shipping-taxable","12":"purchasable","13":"product-type-simple"},"_links":{"self":[{"href":"https:\/\/tea-shop.md\/ro\/wp-json\/wp\/v2\/product\/14378","targetHints":{"allow":["GET"]}}],"collection":[{"href":"https:\/\/tea-shop.md\/ro\/wp-json\/wp\/v2\/product"}],"about":[{"href":"https:\/\/tea-shop.md\/ro\/wp-json\/wp\/v2\/types\/product"}],"replies":[{"embeddable":true,"href":"https:\/\/tea-shop.md\/ro\/wp-json\/wp\/v2\/comments?post=14378"}],"version-history":[{"count":1,"href":"https:\/\/tea-shop.md\/ro\/wp-json\/wp\/v2\/product\/14378\/revisions"}],"predecessor-version":[{"id":14996,"href":"https:\/\/tea-shop.md\/ro\/wp-json\/wp\/v2\/product\/14378\/revisions\/14996"}],"wp:featuredmedia":[{"embeddable":true,"href":"https:\/\/tea-shop.md\/ro\/wp-json\/wp\/v2\/media\/13380"}],"wp:attachment":[{"href":"https:\/\/tea-shop.md\/ro\/wp-json\/wp\/v2\/media?parent=14378"}],"wp:term":[{"taxonomy":"product_brand","embeddable":true,"href":"https:\/\/tea-shop.md\/ro\/wp-json\/wp\/v2\/product_brand?post=14378"},{"taxonomy":"product_cat","embeddable":true,"href":"https:\/\/tea-shop.md\/ro\/wp-json\/wp\/v2\/product_cat?post=14378"},{"taxonomy":"product_tag","embeddable":true,"href":"https:\/\/tea-shop.md\/ro\/wp-json\/wp\/v2\/product_tag?post=14378"}],"curies":[{"name":"wp","href":"https:\/\/api.w.org\/{rel}","templated":true}]}}