{"id":14381,"date":"2025-12-09T22:16:57","date_gmt":"2025-12-09T20:16:57","guid":{"rendered":"https:\/\/tea-shop.md\/product\/imperial-shu-puer-gong-ting\/"},"modified":"2026-03-31T21:09:12","modified_gmt":"2026-03-31T18:09:12","slug":"imperial-shu-puer-gong-ting","status":"publish","type":"product","link":"https:\/\/tea-shop.md\/ro\/produs\/imperial-shu-puer-gong-ting\/","title":{"rendered":"Imperial Shu Puer Gong Ting"},"content":{"rendered":"<p>Gong Ting (imperial, palat) este un ceai chinezesc de elit\u0103 de cea mai \u00eenalt\u0103 calitate.<\/p>\n<p>Pentru a face Gong Ting din tufi\u0219uri de ceai, se folosesc doar un mugur \u0219i dou\u0103 sau trei frunze tinere superioare, care sunt recoltate \u0219i prelucrate manual. Materiile prime sunt prelucrate folosind tehnologia &#8222;stivuire umed\u0103&#8221;. Durata procesului este de la 1 la 3 luni.  <\/p>\n<p>Ceaiul \u0219i-a primit numele deoarece \u00een timpul dinastiei Qing, un astfel de ceai a fost furnizat exclusiv familiei imperiale \u0219i folosit ca un cadou valoros.<\/p>\n<div>Gustul imperial Shu puer Gong Ting: subtil \u0219i moale, voluminos, catifelat, dulce. Exist\u0103 o dulcea\u021b\u0103 \u00een postgust. B\u0103utura este dens\u0103, culoarea infuziei variaz\u0103 de la auriu deschis la maro \u00eenchis. Astringen\u021ba poate fi sim\u021bit\u0103 \u00een timpul consumului de ceai.   <\/div>\n<p>Piureul de scame promoveaz\u0103 activ \u00eembun\u0103t\u0103\u021birea sistemului digestiv, cur\u0103\u021b\u0103 intestinele \u0219i are un efect tonic. Acest ceai scade nivelul zah\u0103rului din s\u00e2nge, motiv pentru care poate fi recomandat persoanelor care sufer\u0103 de diabet. <\/p>\n<p>Gong Tin promoveaz\u0103, de asemenea, pierderea \u00een greutate, are propriet\u0103\u021bi bactericide puternice \u0219i chiar \u00eencetine\u0219te \u00eemb\u0103tr\u00e2nirea corpului.<\/p>\n<p>Se prepar\u0103 la o temperatur\u0103 a apei de 95, se iau p\u00e2n\u0103 la 5-7 grame de ceai \u00eentr-un ibric cu 200 ml de ap\u0103. Scurge\u021bi prima preparare dup\u0103 5-10 secunde, iar urm\u0103toarea dup\u0103 3-4 minute. Pute\u021bi prepara Puer imperial de p\u00e2n\u0103 la 7 ori.  <\/p>\n","protected":false},"excerpt":{"rendered":"<p>\u201eGunting\u201d \u00eenseamn\u0103 \u201epalat\u201d, \u0219i nu este doar un nume frumos. Frunzele acestui ceai pu-erh sunt selectate pentru a fi deosebit de mici, cu un con\u021binut ridicat de muguri, ceea ce confer\u0103 infuziei o textur\u0103 catifelat\u0103 \u0219i o fine\u021be rafinat\u0103. Puerul de palat contribuie activ la \u00eembun\u0103t\u0103\u021birea func\u021bion\u0103rii sistemului digestiv, cur\u0103\u021b\u0103 intestinele \u0219i are un efect tonifiant. De remarcat c\u0103 acest ceai scade nivelul zah\u0103rului din s\u00e2nge, motiv pentru care poate fi recomandat persoanelor care sufer\u0103 de diabet zaharat.   <\/p>\n<p>De asemenea, Gun Ting Pu-erh contribuie la sl\u0103bire, are puternice propriet\u0103\u021bi bactericide \u0219i chiar \u00eencetine\u0219te procesul de \u00eemb\u0103tr\u00e2nire a organismului. La fel ca \u0219i celelalte sortimente de Pu-erh, Pu-erh-ul imperial este \u00eentr-adev\u0103r foarte benefic pentru s\u0103n\u0103tate \u0219i se recomand\u0103 consumul s\u0103u regulat. Aroma este complex\u0103, cu nuan\u021be de fructe uscate, o u\u0219oar\u0103 not\u0103 de fum \u0219i un indiciu nobil de note de tutun. Este ideal pentru ceaiul de zi, c\u00e2nd trebuie s\u0103 v\u0103 concentra\u021bi, s\u0103 v\u0103 \u00eemprosp\u0103ta\u021bi mintea \u0219i s\u0103 v\u0103 umple\u021bi de o energie lini\u0219tit\u0103 \u0219i sigur\u0103. Acest pu-erh nu \u00eencearc\u0103 s\u0103 surprind\u0103 prin intensitate \u2014 se dezv\u0103luie ca o muzic\u0103 veche: \u00eencet, sigur \u0219i cu demnitate.    <\/p>\n<p>Un ceai Pu-erh de elit\u0103, de calitate palatial\u0103 \u2013 se remarc\u0103 prin calitatea sa constant\u0103 \u0219i superioar\u0103, fiind produs exclusiv din materii prime selectate cu grij\u0103.<\/p>\n<p>Gustul este armonios, rotund, se dezv\u0103luie treptat: caramel, nuci, o u\u0219oar\u0103 not\u0103 de lemn ro\u0219u. \u00cen postgust se simte dulcea\u021ba mierii, o u\u0219oar\u0103 asprime \u0219i o c\u0103ldur\u0103 profund\u0103, care parc\u0103 r\u0103m\u00e2ne \u00een piept. Infuzia este de culoare ro\u0219u-chihlimbar, transparent\u0103, str\u0103luce\u0219te \u00een cea\u0219c\u0103, parc\u0103 amintind de lini\u0219te \u0219i concentrare.  <\/p>\n<p>Infuzia se prepar\u0103 la o temperatur\u0103 a apei de 95-97 \u00b0C; pentru un ceainic de 400-600 ml de ap\u0103, folosi\u021bi p\u00e2n\u0103 la 10 grame de ceai. Prima infuzie se scurge dup\u0103 5-10 secunde, urm\u0103toarea \u2013 dup\u0103 3-4 minute. Ceaiul Puer Imperial poate fi infuzat de p\u00e2n\u0103 la 7 ori, dar cu fiecare infuzie \u00ee\u0219i va pierde treptat intensitatea.  <\/p>\n","protected":false},"featured_media":14380,"comment_status":"open","ping_status":"closed","template":"","meta":[],"product_brand":[],"product_cat":[336,340],"product_tag":[],"class_list":{"0":"post-14381","1":"product","2":"type-product","3":"status-publish","4":"has-post-thumbnail","6":"product_cat-puer","7":"product_cat-shu-puer","9":"first","10":"instock","11":"shipping-taxable","12":"purchasable","13":"product-type-variable","14":"has-default-attributes"},"_links":{"self":[{"href":"https:\/\/tea-shop.md\/ro\/wp-json\/wp\/v2\/product\/14381","targetHints":{"allow":["GET"]}}],"collection":[{"href":"https:\/\/tea-shop.md\/ro\/wp-json\/wp\/v2\/product"}],"about":[{"href":"https:\/\/tea-shop.md\/ro\/wp-json\/wp\/v2\/types\/product"}],"replies":[{"embeddable":true,"href":"https:\/\/tea-shop.md\/ro\/wp-json\/wp\/v2\/comments?post=14381"}],"version-history":[{"count":1,"href":"https:\/\/tea-shop.md\/ro\/wp-json\/wp\/v2\/product\/14381\/revisions"}],"predecessor-version":[{"id":14890,"href":"https:\/\/tea-shop.md\/ro\/wp-json\/wp\/v2\/product\/14381\/revisions\/14890"}],"wp:featuredmedia":[{"embeddable":true,"href":"https:\/\/tea-shop.md\/ro\/wp-json\/wp\/v2\/media\/14380"}],"wp:attachment":[{"href":"https:\/\/tea-shop.md\/ro\/wp-json\/wp\/v2\/media?parent=14381"}],"wp:term":[{"taxonomy":"product_brand","embeddable":true,"href":"https:\/\/tea-shop.md\/ro\/wp-json\/wp\/v2\/product_brand?post=14381"},{"taxonomy":"product_cat","embeddable":true,"href":"https:\/\/tea-shop.md\/ro\/wp-json\/wp\/v2\/product_cat?post=14381"},{"taxonomy":"product_tag","embeddable":true,"href":"https:\/\/tea-shop.md\/ro\/wp-json\/wp\/v2\/product_tag?post=14381"}],"curies":[{"name":"wp","href":"https:\/\/api.w.org\/{rel}","templated":true}]}}