{"id":14385,"date":"2025-12-09T22:16:56","date_gmt":"2025-12-09T20:16:56","guid":{"rendered":"https:\/\/tea-shop.md\/product\/set-cadou-de-puer-15-piese\/"},"modified":"2026-03-31T21:07:47","modified_gmt":"2026-03-31T18:07:47","slug":"set-cadou-de-puer-15-piese","status":"publish","type":"product","link":"https:\/\/tea-shop.md\/ro\/produs\/set-cadou-de-puer-15-piese\/","title":{"rendered":"Set cadou de puer 15 piese"},"content":{"rendered":"<div class=\"product-short-description\">\n<p>15 puer de diferite arome, gust foarte aromat \u0219i bogat, un mini toch este suficient pentru mai multe beri.<\/p>\n<\/div>\n<p>5 tipuri de ceai, trei miniaturi (5-7 grame fiecare):<\/p>\n<ul>\n<li>Shu puer cu un trandafir<\/li>\n<li>Shu Puer lotus<\/li>\n<li>Orez Shen puer<\/li>\n<li>Shu puer jasmine<\/li>\n<li>Shu puer clasic f\u0103r\u0103 aditivi.<\/li>\n<\/ul>\n<p>Acest set este o oportunitate unic\u0103 de a cunoa\u0219te varietatea noble Puer f\u0103r\u0103 costuri semnificative. Perlele reale ale culturii ceaiului chinezesc sunt colectate \u00eentr-o cutie elegant\u0103 de metal de 17.10.3 cm. Pute\u021bi experimenta \u00een fiecare zi, aleg\u00e2nd starea de spirit \u00een func\u021bie de gustul dvs!  <\/p>\n<div>Acest set va fi un cadou excelent pentru familie, colegi, prieteni \u2013 pentru aproape toat\u0103 lumea! Iubitorii de ceai vor aprecia varietatea de arome, \u00eencep\u0103torii vor descoperi cultura puer, iar cunosc\u0103torii filosofiei orientale se vor bucura de o adev\u0103rat\u0103 pl\u0103cere estetic\u0103. <\/div>\n<div><\/div>\n<div class=\"product-short-description\">\n<p>Anul 2020<br \/>Ambalajul este o cutie de fier.<\/p>\n<\/div>\n","protected":false},"excerpt":{"rendered":"<p>15 puer de diferite arome, gust foarte aromat \u0219i bogat, un mini toch este suficient pentru mai multe beri. 5<\/p>\n","protected":false},"featured_media":12359,"comment_status":"open","ping_status":"closed","template":"","meta":[],"product_brand":[],"product_cat":[336,337],"product_tag":[],"class_list":{"0":"post-14385","1":"product","2":"type-product","3":"status-publish","4":"has-post-thumbnail","6":"product_cat-puer","7":"product_cat-nabory-puer","9":"first","10":"instock","11":"shipping-taxable","12":"purchasable","13":"product-type-simple"},"_links":{"self":[{"href":"https:\/\/tea-shop.md\/ro\/wp-json\/wp\/v2\/product\/14385","targetHints":{"allow":["GET"]}}],"collection":[{"href":"https:\/\/tea-shop.md\/ro\/wp-json\/wp\/v2\/product"}],"about":[{"href":"https:\/\/tea-shop.md\/ro\/wp-json\/wp\/v2\/types\/product"}],"replies":[{"embeddable":true,"href":"https:\/\/tea-shop.md\/ro\/wp-json\/wp\/v2\/comments?post=14385"}],"version-history":[{"count":1,"href":"https:\/\/tea-shop.md\/ro\/wp-json\/wp\/v2\/product\/14385\/revisions"}],"predecessor-version":[{"id":14889,"href":"https:\/\/tea-shop.md\/ro\/wp-json\/wp\/v2\/product\/14385\/revisions\/14889"}],"wp:featuredmedia":[{"embeddable":true,"href":"https:\/\/tea-shop.md\/ro\/wp-json\/wp\/v2\/media\/12359"}],"wp:attachment":[{"href":"https:\/\/tea-shop.md\/ro\/wp-json\/wp\/v2\/media?parent=14385"}],"wp:term":[{"taxonomy":"product_brand","embeddable":true,"href":"https:\/\/tea-shop.md\/ro\/wp-json\/wp\/v2\/product_brand?post=14385"},{"taxonomy":"product_cat","embeddable":true,"href":"https:\/\/tea-shop.md\/ro\/wp-json\/wp\/v2\/product_cat?post=14385"},{"taxonomy":"product_tag","embeddable":true,"href":"https:\/\/tea-shop.md\/ro\/wp-json\/wp\/v2\/product_tag?post=14385"}],"curies":[{"name":"wp","href":"https:\/\/api.w.org\/{rel}","templated":true}]}}