{"id":14387,"date":"2025-12-09T22:16:55","date_gmt":"2025-12-09T20:16:55","guid":{"rendered":"https:\/\/tea-shop.md\/product\/shu-puer-lao-cha-tou-capete-vechi-de-ceai\/"},"modified":"2026-03-31T21:04:38","modified_gmt":"2026-03-31T18:04:38","slug":"shu-puer-lao-cha-tou-capete-vechi-de-ceai","status":"publish","type":"product","link":"https:\/\/tea-shop.md\/ro\/produs\/shu-puer-lao-cha-tou-capete-vechi-de-ceai\/","title":{"rendered":"Shu Puer Lao Cha Tou<\/br> &#8222;Capete Vechi De Ceai&#8221;"},"content":{"rendered":"<p>Shu puer &#8222;capete de ceai&#8221; \u0219i-a primit numele datorit\u0103 formei gr\u0103mezilor de frunze de ceai stivuite pentru fermentare.<\/p>\n<p>Acestea nu sunt doar &#8222;capete de ceai&#8221;, ci cele vechi, adic\u0103 cele condimentate. O crust\u0103 particular\u0103 se formeaz\u0103 de-a lungul marginilor acestor gr\u0103mezi, care se sf\u0103r\u00e2m\u0103 \u00een &#8222;buc\u0103\u021bi de h\u00e2rtie&#8221; atunci c\u00e2nd sunt atinse. Exact a\u0219a se dovede\u0219te ceaiul-\u00eemb\u0103tr\u00e2nit \u0219i saturat.  <\/p>\n<p>Gustul \u0219i aroma acestui ceai nu sunt pe deplin sim\u021bite imediat, de\u0219i infuzia de culoare chihlimbar \u00eenchis arat\u0103 foarte atractiv\u0103. Ceai cu un gust bl\u00e2nd \u0219i profund tipic ceaiurilor vechi, cu note lemnoase-nuci \u0219i fructe uscate, aroma de cucut\u0103 \u0219i lemn dulce \u0219i un postgust dulce. Poate rezista la un num\u0103r imens de frunze de ceai \u0219i se relaxeaz\u0103 perfect. Apropo, potrivit exper\u021bilor, este ideal pentru consumul de ceai dup\u0103 camera de aburi.   <\/p>\n<p>Se prepar\u0103 la o temperatur\u0103 a apei de 95 CP, insist\u0103 timp de 3-5 minute pentru a ob\u021bine o b\u0103utur\u0103 cu un gust delicat. Aceea\u0219i b\u0103utur\u0103 poate fi turnat\u0103 de p\u00e2n\u0103 la 5-7 ori la r\u00e2nd, de fiecare dat\u0103 prelungind timpul de perfuzie cu aproximativ 1 minut. P\u0103stra\u021bi-l timp de maximum 5 minute, nu pute\u021bi insista mult timp, b\u0103utura va deveni tart\u0103.  <\/p>\n<p>&nbsp;<\/p>\n","protected":false},"excerpt":{"rendered":"<p>\u0412\u0435\u0440\u0445\u043d\u0438\u0439 \u0441\u043b\u043e\u0439 \u0447\u0430\u044f, \u043e\u0431\u0440\u0430\u0437\u043e\u0432\u0430\u0432\u0448\u0438\u0439\u0441\u044f \u0432\u043e \u0432\u0440\u0435\u043c\u044f \u0444\u0435\u0440\u043c\u0435\u043d\u0442\u0430\u0446\u0438\u0438 \u043f\u0443\u044d\u0440\u0430, \u0431\u043e\u0433\u0430\u0442\u044b\u0439 \u043f\u0435\u043a\u0442\u0438\u043d\u043e\u043c, \u0438\u0434\u0435\u0442 \u043d\u0430 \u0441\u043e\u0440\u0442 &#8222;\u0427\u0430\u0439\u043d\u044b\u0435 \u0433\u043e\u043b\u043e\u0432\u044b&#8221;. \u0427\u0430\u0439 \u0441 \u043c\u044f\u0433\u043a\u0438\u043c \u0438 \u0433\u043b\u0443\u0431\u043e\u043a\u0438\u043c \u0432\u043a\u0443\u0441\u043e\u043c, \u0441\u0432\u043e\u0439\u0441\u0442\u0432\u0435\u043d\u043d\u044b\u043c \u0441\u0442\u0430\u0440\u044b\u043c \u0447\u0430\u044f\u043c, \u0441 \u0434\u0440\u0435\u0432\u0435\u0441\u043d\u043e-\u043e\u0440\u0435\u0445\u043e\u0432\u044b\u043c\u0438 \u0438 \u0441\u0443\u0445\u043e\u0444\u0440\u0443\u043a\u0442\u043e\u0432\u044b\u043c\u0438 \u043d\u043e\u0442\u043a\u0430\u043c\u0438, \u0430\u0440\u043e\u043c\u0430\u0442\u043e\u043c \u043f\u043e\u0434\u043f\u043e\u043b\u0430 \u0438 \u043b\u0430\u043a\u0440\u0438\u0446\u044b \u0438 \u0441\u043b\u0430\u0434\u043a\u0438\u043c \u043f\u043e\u0441\u043b\u0435\u0432\u043a\u0443\u0441\u0438\u0435\u043c. \u0412\u044b\u0434\u0435\u0440\u0436\u0438\u0432\u0430\u0435\u0442 \u043e\u0433\u0440\u043e\u043c\u043d\u043e\u0435 \u043a\u043e\u043b\u0438\u0447\u0435\u0441\u0442\u0432\u043e \u0437\u0430\u0432\u0430\u0440\u043e\u043a \u0438 \u043e\u0442\u043b\u0438\u0447\u043d\u043e \u0440\u0430\u0441\u0441\u043b\u0430\u0431\u043b\u044f\u0435\u0442.  <\/p>\n<p>\u0427\u0430\u0439 \u043a\u0438\u0442\u0430\u0439\u0441\u043a\u0438\u0439 \u043a\u0440\u0443\u043f\u043d\u043e\u043b\u0438\u0441\u0442\u043e\u0432\u043e\u0439 \u0448\u0443 \u043f\u0443\u044d\u0440.<\/p>\n<p>\u0418\u043c\u0435\u0435\u0442 \u0441\u043b\u0430\u0431\u044b\u0439 \u0437\u0435\u043c\u043b\u0438\u0441\u0442\u044b\u0439 \u0430\u0440\u043e\u043c\u0430\u0442 \u0441 \u043d\u043e\u0442\u0430\u043c\u0438 \u0441\u0443\u0445\u043e\u0444\u0440\u0443\u043a\u0442\u043e\u0432 \u0438 \u043c\u0451\u0434\u0430. \u041f\u043e\u0441\u043b\u0435\u0432\u043a\u0443\u0441\u0438\u0435 \u043c\u044f\u0433\u043a\u043e\u0435, \u0441\u043b\u0430\u0434\u043a\u043e\u0432\u0430\u0442\u043e\u0435. <\/p>\n<p>\u0417\u0430\u0432\u0430\u0440\u0438\u0432\u0430\u0442\u044c \u043f\u0440\u0438 \u0442\u0435\u043c\u043f\u0435\u0440\u0430\u0442\u0443\u0440\u0435 \u0432\u043e\u0434\u044b \u043c\u043b 95 &#8211; 97 \u00b0C, \u043d\u0430\u0441\u0442\u043e\u044f\u0442\u044c \u0432 \u0442\u0435\u0447\u0435\u043d\u0438\u0435 3-5 \u043c\u0438\u043d, \u0447\u0442\u043e\u0431\u044b \u043f\u043e\u043b\u0443\u0447\u0438\u0442\u044c \u043d\u0430\u043f\u0438\u0442\u043e\u043a \u0441 \u0434\u0435\u043b\u0438\u043a\u0430\u0442\u043d\u044b\u043c \u0432\u043a\u0443\u0441\u043e\u043c.<\/p>\n<p>Aceea\u0219i b\u0103utur\u0103 poate fi turnat\u0103 de p\u00e2n\u0103 la 5-7 ori la r\u00e2nd, de fiecare dat\u0103 prelungind timpul de perfuzie cu aproximativ 1 minut. P\u0103stra\u021bi-l timp de maximum 5 minute, nu pute\u021bi insista mult timp, b\u0103utura va deveni tart\u0103. <\/p>\n<p>&nbsp;<\/p>\n","protected":false},"featured_media":14386,"comment_status":"open","ping_status":"closed","template":"","meta":[],"product_brand":[],"product_cat":[336,340],"product_tag":[],"class_list":{"0":"post-14387","1":"product","2":"type-product","3":"status-publish","4":"has-post-thumbnail","6":"product_cat-puer","7":"product_cat-shu-puer","9":"first","10":"instock","11":"shipping-taxable","12":"purchasable","13":"product-type-variable","14":"has-default-attributes"},"_links":{"self":[{"href":"https:\/\/tea-shop.md\/ro\/wp-json\/wp\/v2\/product\/14387","targetHints":{"allow":["GET"]}}],"collection":[{"href":"https:\/\/tea-shop.md\/ro\/wp-json\/wp\/v2\/product"}],"about":[{"href":"https:\/\/tea-shop.md\/ro\/wp-json\/wp\/v2\/types\/product"}],"replies":[{"embeddable":true,"href":"https:\/\/tea-shop.md\/ro\/wp-json\/wp\/v2\/comments?post=14387"}],"version-history":[{"count":1,"href":"https:\/\/tea-shop.md\/ro\/wp-json\/wp\/v2\/product\/14387\/revisions"}],"predecessor-version":[{"id":14888,"href":"https:\/\/tea-shop.md\/ro\/wp-json\/wp\/v2\/product\/14387\/revisions\/14888"}],"wp:featuredmedia":[{"embeddable":true,"href":"https:\/\/tea-shop.md\/ro\/wp-json\/wp\/v2\/media\/14386"}],"wp:attachment":[{"href":"https:\/\/tea-shop.md\/ro\/wp-json\/wp\/v2\/media?parent=14387"}],"wp:term":[{"taxonomy":"product_brand","embeddable":true,"href":"https:\/\/tea-shop.md\/ro\/wp-json\/wp\/v2\/product_brand?post=14387"},{"taxonomy":"product_cat","embeddable":true,"href":"https:\/\/tea-shop.md\/ro\/wp-json\/wp\/v2\/product_cat?post=14387"},{"taxonomy":"product_tag","embeddable":true,"href":"https:\/\/tea-shop.md\/ro\/wp-json\/wp\/v2\/product_tag?post=14387"}],"curies":[{"name":"wp","href":"https:\/\/api.w.org\/{rel}","templated":true}]}}