{"id":14392,"date":"2025-12-09T22:16:53","date_gmt":"2025-12-09T20:16:53","guid":{"rendered":"https:\/\/tea-shop.md\/product\/shen-puer-foc-si-apa\/"},"modified":"2026-03-31T21:03:26","modified_gmt":"2026-03-31T18:03:26","slug":"shen-puer-foc-si-apa","status":"publish","type":"product","link":"https:\/\/tea-shop.md\/ro\/produs\/shen-puer-foc-si-apa\/","title":{"rendered":"Shen Puer <\/br>&#8222;Foc \u0219i ap\u0103&#8221;"},"content":{"rendered":"<p><span dir=\"auto\">Shen Puer vine \u00eentr-un pachet compact \u0219i mic, ceea ce \u00eel face convenabil \u0219i versatil pentru consumul de ceai \u00een orice mod \u0219i oriunde. <\/span><\/p>\n<p><span dir=\"auto\">Gustul puerului este delicat \u0219i u\u0219or, dezv\u0103luindu-se \u00een note de fructe uscate \u0219i prune uscate. Culoarea infuziei este delicat\u0103 \u0219i u\u0219oar\u0103 \u0219i str\u0103luce\u0219te \u00een tonuri \u00eensorite. <\/span><\/p>\n<p>Se prepar\u0103 folosind metoda de turnare: rupe\u021bi o bucat\u0103 mic\u0103 (6-8 g) cu un cu\u021bit sau o lingur\u0103, pune\u021bi-o \u00eentr-o cea\u0219c\u0103 sau ceainic, turna\u021bi ap\u0103 clocotit\u0103 \u0219i l\u0103sa\u021bi-o s\u0103 stea timp de 10 p\u00e2n\u0103 la 40 de secunde. Apoi este necesar s\u0103 scurge\u021bi infuzia, turna\u021bi din nou ap\u0103 clocotit\u0103 peste ea. Procedura de preparare a berii poate fi efectuat\u0103 de p\u00e2n\u0103 la 7 ori. Pe str\u00e2mtoarea a 4-a, ceaiul \u00ee\u0219i dezv\u0103luie pe deplin aroma \u0219i propriet\u0103\u021bile aromatice. Dac\u0103 se prepar\u0103 necorespunz\u0103tor, poate ap\u0103rea am\u0103r\u0103ciune sau tartness (de obicei cu o b\u0103utur\u0103 lung\u0103 de o b\u0103utur\u0103).    <\/p>\n<p><span dir=\"auto\">Press 55 de grame.<\/span><\/p>\n<p><span dir=\"auto\">Anul 2013<\/span><\/p>\n","protected":false},"excerpt":{"rendered":"<p>Shen Puer vine \u00eentr-un pachet compact \u0219i mic, ceea ce \u00eel face convenabil \u0219i versatil pentru consumul de ceai \u00een<\/p>\n","protected":false},"featured_media":13313,"comment_status":"open","ping_status":"closed","template":"","meta":[],"product_brand":[],"product_cat":[336,339],"product_tag":[],"class_list":{"0":"post-14392","1":"product","2":"type-product","3":"status-publish","4":"has-post-thumbnail","6":"product_cat-puer","7":"product_cat-shen-puer","9":"first","10":"instock","11":"shipping-taxable","12":"purchasable","13":"product-type-simple"},"_links":{"self":[{"href":"https:\/\/tea-shop.md\/ro\/wp-json\/wp\/v2\/product\/14392","targetHints":{"allow":["GET"]}}],"collection":[{"href":"https:\/\/tea-shop.md\/ro\/wp-json\/wp\/v2\/product"}],"about":[{"href":"https:\/\/tea-shop.md\/ro\/wp-json\/wp\/v2\/types\/product"}],"replies":[{"embeddable":true,"href":"https:\/\/tea-shop.md\/ro\/wp-json\/wp\/v2\/comments?post=14392"}],"version-history":[{"count":1,"href":"https:\/\/tea-shop.md\/ro\/wp-json\/wp\/v2\/product\/14392\/revisions"}],"predecessor-version":[{"id":14886,"href":"https:\/\/tea-shop.md\/ro\/wp-json\/wp\/v2\/product\/14392\/revisions\/14886"}],"wp:featuredmedia":[{"embeddable":true,"href":"https:\/\/tea-shop.md\/ro\/wp-json\/wp\/v2\/media\/13313"}],"wp:attachment":[{"href":"https:\/\/tea-shop.md\/ro\/wp-json\/wp\/v2\/media?parent=14392"}],"wp:term":[{"taxonomy":"product_brand","embeddable":true,"href":"https:\/\/tea-shop.md\/ro\/wp-json\/wp\/v2\/product_brand?post=14392"},{"taxonomy":"product_cat","embeddable":true,"href":"https:\/\/tea-shop.md\/ro\/wp-json\/wp\/v2\/product_cat?post=14392"},{"taxonomy":"product_tag","embeddable":true,"href":"https:\/\/tea-shop.md\/ro\/wp-json\/wp\/v2\/product_tag?post=14392"}],"curies":[{"name":"wp","href":"https:\/\/api.w.org\/{rel}","templated":true}]}}