{"id":14393,"date":"2025-12-09T22:16:51","date_gmt":"2025-12-09T20:16:51","guid":{"rendered":"https:\/\/tea-shop.md\/product\/shen-puer-cu-orez-lipicios\/"},"modified":"2026-03-31T21:01:26","modified_gmt":"2026-03-31T18:01:26","slug":"shen-puer-cu-orez-lipicios","status":"publish","type":"product","link":"https:\/\/tea-shop.md\/ro\/produs\/shen-puer-cu-orez-lipicios\/","title":{"rendered":"Shen puer cu orez lipicios"},"content":{"rendered":"<div>Por\u021bionat Shen Puer cu orez lipicios este un ceai presat \u00eembog\u0103\u021bit cu germeni tineri de orez. Este prezentat sub forma unui mini-tochi, o tablet\u0103 mic\u0103 ambalat\u0103 \u00eentr\u2013un ambalaj \u00een stil bomboane. <\/div>\n<div><\/div>\n<div>Locul de origine: provincia Yunnan, China. Principalele materii prime: ceai verde Yunnan uscat la soare cu frunze mari, orez glutinos cu frunze parfumate. <\/div>\n<div><\/div>\n<div>Se prepar\u0103 folosind metoda de turnare: pune\u021bi tableta \u00eentr-o cea\u0219c\u0103 sau ceainic, turna\u021bi ap\u0103 clocotit\u0103 peste ea \u0219i l\u0103sa\u021bi-o s\u0103 stea timp de 10 p\u00e2n\u0103 la 40 de secunde. Apoi este necesar s\u0103 scurge\u021bi infuzia, turna\u021bi din nou ap\u0103 clocotit\u0103 peste ea. Procedura de preparare a berii poate fi efectuat\u0103 de p\u00e2n\u0103 la 7 ori. Pe str\u00e2mtoarea a 4-a, ceaiul \u00ee\u0219i dezv\u0103luie pe deplin aroma \u0219i propriet\u0103\u021bile aromatice.   <\/div>\n<div><\/div>\n<div>Mini tocha 5-7 grame.<\/div>\n","protected":false},"excerpt":{"rendered":"<p>Por\u021bionat Shen Puer cu orez lipicios este un ceai presat \u00eembog\u0103\u021bit cu germeni tineri de orez. Este prezentat sub forma<\/p>\n","protected":false},"featured_media":13386,"comment_status":"open","ping_status":"closed","template":"","meta":[],"product_brand":[],"product_cat":[336,339],"product_tag":[],"class_list":{"0":"post-14393","1":"product","2":"type-product","3":"status-publish","4":"has-post-thumbnail","6":"product_cat-puer","7":"product_cat-shen-puer","9":"first","10":"instock","11":"shipping-taxable","12":"purchasable","13":"product-type-simple"},"_links":{"self":[{"href":"https:\/\/tea-shop.md\/ro\/wp-json\/wp\/v2\/product\/14393","targetHints":{"allow":["GET"]}}],"collection":[{"href":"https:\/\/tea-shop.md\/ro\/wp-json\/wp\/v2\/product"}],"about":[{"href":"https:\/\/tea-shop.md\/ro\/wp-json\/wp\/v2\/types\/product"}],"replies":[{"embeddable":true,"href":"https:\/\/tea-shop.md\/ro\/wp-json\/wp\/v2\/comments?post=14393"}],"version-history":[{"count":1,"href":"https:\/\/tea-shop.md\/ro\/wp-json\/wp\/v2\/product\/14393\/revisions"}],"predecessor-version":[{"id":14884,"href":"https:\/\/tea-shop.md\/ro\/wp-json\/wp\/v2\/product\/14393\/revisions\/14884"}],"wp:featuredmedia":[{"embeddable":true,"href":"https:\/\/tea-shop.md\/ro\/wp-json\/wp\/v2\/media\/13386"}],"wp:attachment":[{"href":"https:\/\/tea-shop.md\/ro\/wp-json\/wp\/v2\/media?parent=14393"}],"wp:term":[{"taxonomy":"product_brand","embeddable":true,"href":"https:\/\/tea-shop.md\/ro\/wp-json\/wp\/v2\/product_brand?post=14393"},{"taxonomy":"product_cat","embeddable":true,"href":"https:\/\/tea-shop.md\/ro\/wp-json\/wp\/v2\/product_cat?post=14393"},{"taxonomy":"product_tag","embeddable":true,"href":"https:\/\/tea-shop.md\/ro\/wp-json\/wp\/v2\/product_tag?post=14393"}],"curies":[{"name":"wp","href":"https:\/\/api.w.org\/{rel}","templated":true}]}}