{"id":14394,"date":"2025-12-09T22:16:50","date_gmt":"2025-12-09T20:16:50","guid":{"rendered":"https:\/\/tea-shop.md\/product\/shu-puer-cu-iasomie\/"},"modified":"2026-03-31T20:58:27","modified_gmt":"2026-03-31T17:58:27","slug":"shu-puer-cu-iasomie","status":"publish","type":"product","link":"https:\/\/tea-shop.md\/ro\/produs\/shu-puer-cu-iasomie\/","title":{"rendered":"Shu puer cu iasomie"},"content":{"rendered":"<p>Acest ceai este o combina\u021bie a aromei delicate a iasomiei cu gustul bogat al shu puer. \u00cen fiecare mini-punct exist\u0103 o adev\u0103rat\u0103 pl\u0103cere pentru consumul de ceai. Fiecare cea\u0219c\u0103 are un diametru de aproximativ 2,5 cm \u0219i este ambalat\u0103 \u00eentr-un ambalaj individual de folie, care v\u0103 permite s\u0103 p\u0103stra\u021bi prospe\u021bimea \u0219i aroma ceaiului.  <\/p>\n<p>Ceaiul este un shu pu &#8216; er post-fermentat, aromat cu iasomie \u0219i are un gust profund, bl\u00e2nd, cu o u\u0219oar\u0103 dulcea\u021b\u0103. Infuzia are o culoare bogat\u0103 de chihlimbar \u0219i are note lemnoase de puer \u0219i prospe\u021bime floral\u0103 de iasomie. <\/p>\n<p>Se prepar\u0103 folosind metoda de turnare: pune\u021bi tableta \u00eentr-o cea\u0219c\u0103 sau ceainic, turna\u021bi ap\u0103 clocotit\u0103 peste ea \u0219i l\u0103sa\u021bi-o s\u0103 stea timp de 10 p\u00e2n\u0103 la 40 de secunde. Apoi este necesar s\u0103 scurge\u021bi infuzia, turna\u021bi din nou ap\u0103 clocotit\u0103 peste ea. Procedura de preparare a berii poate fi efectuat\u0103 de p\u00e2n\u0103 la 7 ori. Pe str\u00e2mtoarea a 4-a, ceaiul \u00ee\u0219i dezv\u0103luie pe deplin aroma \u0219i propriet\u0103\u021bile aromatice.   <\/p>\n<p>Mini tocha 5-7 grame.<\/p>\n","protected":false},"excerpt":{"rendered":"<p>\u0412 \u0441\u043e\u0441\u0442\u0430\u0432 \u043d\u0430\u0448\u0435\u0433\u043e \u0411\u0438\u043d \u0427\u0430 \u0432\u0445\u043e\u0434\u044f\u0442 \u043d\u0435 \u0442\u043e\u043b\u044c\u043a\u043e \u0442\u0449\u0430\u0442\u0435\u043b\u044c\u043d\u043e \u043e\u0442\u043e\u0431\u0440\u0430\u043d\u043d\u044b\u0435 \u0447\u0430\u0439\u043d\u044b\u0435 \u043b\u0438\u0441\u0442\u044c\u044f, \u043d\u043e \u0438 \u043d\u0430\u0442\u0443\u0440\u0430\u043b\u044c\u043d\u044b\u0435 \u0446\u0432\u0435\u0442\u044b \u0436\u0430\u0441\u043c\u0438\u043d\u0430, \u043f\u0440\u0438\u0434\u0430\u044e\u0449\u0438\u0435 \u0447\u0430\u044e \u043d\u0435\u043f\u043e\u0432\u0442\u043e\u0440\u0438\u043c\u044b\u0439 \u0430\u0440\u043e\u043c\u0430\u0442 \u0438 \u043d\u0435\u0436\u043d\u0443\u044e \u0441\u043b\u0430\u0434\u043e\u0441\u0442\u044c. \u0422\u0440\u0430\u0434\u0438\u0446\u0438\u043e\u043d\u043d\u043e \u0432 \u041a\u0438\u0442\u0430\u0435 \u0436\u0430\u0441\u043c\u0438\u043d \u0441\u0438\u043c\u0432\u043e\u043b\u0438\u0437\u0438\u0440\u0443\u0435\u0442 \u0436\u0435\u043d\u0441\u0442\u0432\u0435\u043d\u043d\u043e\u0441\u0442\u044c \u0438 \u043f\u0440\u0438\u0432\u043b\u0435\u043a\u0430\u0442\u0435\u043b\u044c\u043d\u043e\u0441\u0442\u044c, \u0438 \u0432\u043e\u0437\u043c\u043e\u0436\u043d\u043e \u043f\u043e\u044d\u0442\u043e\u043c\u0443, \u0447\u0430\u0439 \u0441 \u0436\u0430\u0441\u043c\u0438\u043d\u043e\u043c \u043e\u0447\u0435\u043d\u044c \u043f\u043e\u043f\u0443\u043b\u044f\u0440\u0435\u043d \u0441\u0440\u0435\u0434\u0438 \u0436\u0435\u043d\u0441\u043a\u043e\u0439 \u0447\u0430\u0441\u0442\u0438 \u043d\u0430\u0441\u0435\u043b\u0435\u043d\u0438\u044f \u041f\u043e\u0434\u043d\u0435\u0431\u0435\u0441\u043d\u043e\u0439. <\/p>\n<p>\u042d\u0442\u043e\u0442 \u0447\u0430\u0439 \u0441\u0442\u0430\u043d\u0435\u0442 \u043d\u0430\u0441\u0442\u043e\u044f\u0449\u0438\u043c \u0443\u0434\u043e\u0432\u043e\u043b\u044c\u0441\u0442\u0432\u0438\u0435\u043c \u0434\u043b\u044f \u0446\u0435\u043d\u0438\u0442\u0435\u043b\u0435\u0439 \u043d\u0435\u043e\u0431\u044b\u0447\u043d\u044b\u0445 \u0432\u043a\u0443\u0441\u043e\u0432\u044b\u0445 \u043e\u0442\u0442\u0435\u043d\u043a\u043e\u0432 \u043b\u044e\u0431\u0438\u043c\u043e\u0433\u043e \u042e\u043d\u044c\u043d\u0430\u043d\u044c\u0441\u043a\u043e\u0433\u043e \u043f\u0443\u044d\u0440\u0430.<\/p>\n<p>\u041f\u043e\u043c\u0438\u043c\u043e \u0438\u0437\u044b\u0441\u043a\u0430\u043d\u043d\u043e\u0433\u043e \u0432\u043a\u0443\u0441\u0430, \u0428\u0443 \u041f\u0443\u044d\u0440 \u0441 \u0426\u0432\u0435\u0442\u0430\u043c\u0438 \u0416\u0430\u0441\u043c\u0438\u043d\u0430 \u043e\u0431\u043b\u0430\u0434\u0430\u0435\u0442 \u043c\u043d\u043e\u0436\u0435\u0441\u0442\u0432\u043e\u043c \u043f\u043e\u043b\u0435\u0437\u043d\u044b\u0445 \u0441\u0432\u043e\u0439\u0441\u0442\u0432 \u0434\u043b\u044f \u0437\u0434\u043e\u0440\u043e\u0432\u044c\u044f. \u0411\u043b\u0430\u0433\u043e\u0434\u0430\u0440\u044f \u0443\u043d\u0438\u043a\u0430\u043b\u044c\u043d\u043e\u0439 \u043a\u043e\u043c\u0431\u0438\u043d\u0430\u0446\u0438\u0438 \u0447\u0430\u0439\u043d\u044b\u0445 \u043b\u0438\u0441\u0442\u044c\u0435\u0432 \u0438 \u0446\u0432\u0435\u0442\u043e\u0432 \u0436\u0430\u0441\u043c\u0438\u043d\u0430, \u044d\u0442\u043e\u0442 \u0447\u0430\u0439 \u0441\u043f\u043e\u0441\u043e\u0431\u0441\u0442\u0432\u0443\u0435\u0442 \u0443\u043b\u0443\u0447\u0448\u0435\u043d\u0438\u044e \u043f\u0438\u0449\u0435\u0432\u0430\u0440\u0435\u043d\u0438\u044f, \u0441\u043d\u0438\u0436\u0435\u043d\u0438\u044e \u0443\u0440\u043e\u0432\u043d\u044f \u0441\u0442\u0440\u0435\u0441\u0441\u0430 \u0438 \u043f\u043e\u0432\u044b\u0448\u0435\u043d\u0438\u044e \u0438\u043c\u043c\u0443\u043d\u0438\u0442\u0435\u0442\u0430. \u041e\u0441\u043e\u0431\u0435\u043d\u043d\u043e \u0446\u0435\u043d\u0435\u043d \u043e\u043d \u0432 \u043f\u0435\u0440\u0438\u043e\u0434\u044b \u043f\u0435\u0440\u0435\u043c\u0435\u043d\u0447\u0438\u0432\u043e\u0439 \u043f\u043e\u0433\u043e\u0434\u044b, \u0432\u0435\u0441\u043d\u043e\u0439 \u0438 \u043e\u0441\u0435\u043d\u044c\u044e, \u043a\u043e\u0433\u0434\u0430 \u043e\u0440\u0433\u0430\u043d\u0438\u0437\u043c \u043d\u0443\u0436\u0434\u0430\u0435\u0442\u0441\u044f \u0432 \u0434\u043e\u043f\u043e\u043b\u043d\u0438\u0442\u0435\u043b\u044c\u043d\u043e\u0439 \u0437\u0430\u0449\u0438\u0442\u0435 \u043e\u0442 \u043f\u0440\u043e\u0441\u0442\u0443\u0434\u043d\u044b\u0445 \u0437\u0430\u0431\u043e\u043b\u0435\u0432\u0430\u043d\u0438\u0439 \u0438 \u0443\u043a\u0440\u0435\u043f\u043b\u0435\u043d\u0438\u0438 \u0432\u043d\u0443\u0442\u0440\u0435\u043d\u043d\u0438\u0445 \u0440\u0435\u0437\u0435\u0440\u0432\u043e\u0432.  <\/p>\n<p>\u041f\u0443\u044d\u0440 \u0441 \u0436\u0430\u0441\u043c\u0438\u043d\u043e\u043c \u043e\u0431\u044f\u0437\u0430\u0442\u0435\u043b\u044c\u043d\u043e \u043f\u043e\u043d\u0440\u0430\u0432\u0438\u0442\u0441\u044f \u0442\u0435\u043c, \u043a\u0442\u043e \u0446\u0435\u043d\u0438\u0442 \u0438\u0437\u044b\u0441\u043a\u0430\u043d\u043d\u044b\u0439 \u0430\u0440\u043e\u043c\u0430\u0442 \u0438 \u043c\u044f\u0433\u043a\u0438\u0439 \u0432\u043a\u0443\u0441. \u041e\u043d \u0438\u0434\u0435\u0430\u043b\u044c\u043d\u043e \u043f\u043e\u0434\u0445\u043e\u0434\u0438\u0442 \u0434\u043b\u044f \u0442\u0435\u0445, \u043a\u0442\u043e \u0438\u0449\u0435\u0442 \u0447\u0442\u043e-\u0442\u043e \u043d\u043e\u0432\u043e\u0435 \u0438 \u043d\u0435\u043e\u0431\u044b\u0447\u043d\u043e\u0435 \u0432 \u043c\u0438\u0440\u0435 \u0447\u0430\u044f. <\/p>\n<p>\u0414\u043b\u044f \u0437\u0430\u0432\u0430\u0440\u0438\u0432\u0430\u043d\u0438\u044f \u0440\u0435\u043a\u043e\u043c\u0435\u043d\u0434\u0443\u0435\u0442\u0441\u044f \u0438\u0441\u043f\u043e\u043b\u044c\u0437\u043e\u0432\u0430\u0442\u044c \u0441\u0432\u0435\u0436\u0443\u044e \u043e\u0442\u0444\u0438\u043b\u044c\u0442\u0440\u043e\u0432\u0430\u043d\u043d\u0443\u044e \u0432\u043e\u0434\u0443, \u043d\u0430\u0433\u0440\u0435\u0442\u0443\u044e \u0434\u043e \u0442\u0435\u043c\u043f\u0435\u0440\u0430\u0442\u0443\u0440\u044b \u043e\u043a\u043e\u043b\u043e 95\u00b0C. \u0427\u0430\u0439 \u043d\u0443\u0436\u043d\u043e \u043e\u0431\u043b\u0438\u0442\u044c \u0433\u043e\u0440\u044f\u0447\u0435\u0439 \u0432\u043e\u0434\u043e\u0439 \u0434\u043b\u044f \u043f\u0440\u043e\u0431\u0443\u0436\u0434\u0435\u043d\u0438\u044f \u0430\u0440\u043e\u043c\u0430\u0442\u0430, \u0437\u0430\u0442\u0435\u043c \u0437\u0430\u043b\u0438\u0442\u044c \u0433\u043e\u0440\u044f\u0447\u0435\u0439 \u0432\u043e\u0434\u043e\u0439 \u0438 \u043d\u0430\u0441\u0442\u043e\u044f\u0442\u044c \u0432 \u0442\u0435\u0447\u0435\u043d\u0438\u0435 30 \u0441\u0435\u043a\u0443\u043d\u0434 \u0434\u043e 1 \u043c\u0438\u043d\u0443\u0442\u044b \u0434\u043b\u044f \u043f\u0435\u0440\u0432\u043e\u0439 \u0437\u0430\u0432\u0430\u0440\u043a\u0438. \u041f\u043e\u0441\u043b\u0435 \u044d\u0442\u043e\u0433\u043e \u043c\u043e\u0436\u043d\u043e \u043f\u043e\u0432\u0442\u043e\u0440\u043d\u043e \u0437\u0430\u0432\u0430\u0440\u0438\u0432\u0430\u0442\u044c \u0447\u0430\u0439, \u0443\u0432\u0435\u043b\u0438\u0447\u0438\u0432\u0430\u044f \u0432\u0440\u0435\u043c\u044f \u043d\u0430\u0441\u0442\u0430\u0438\u0432\u0430\u043d\u0438\u044f \u043a\u0430\u0436\u0434\u043e\u0439 \u043f\u043e\u0441\u043b\u0435\u0434\u0443\u044e\u0449\u0435\u0439 \u0437\u0430\u0432\u0430\u0440\u043a\u0438.  <\/p>\n<p>\u0414\u043b\u044f \u0445\u0440\u0430\u043d\u0435\u043d\u0438\u044f \u0440\u0435\u043a\u043e\u043c\u0435\u043d\u0434\u0443\u0435\u0442\u0441\u044f \u0432\u044b\u0431\u0440\u0430\u0442\u044c \u043f\u0440\u043e\u0445\u043b\u0430\u0434\u043d\u043e\u0435, \u0441\u0443\u0445\u043e\u0435 \u0438 \u043d\u0435\u043f\u0440\u043e\u043d\u0438\u0446\u0430\u0435\u043c\u043e\u0435 \u0434\u043b\u044f \u0437\u0430\u043f\u0430\u0445\u043e\u0432 \u043c\u0435\u0441\u0442\u043e. \u0427\u0430\u0439 \u0441\u043b\u0435\u0434\u0443\u0435\u0442 \u0445\u0440\u0430\u043d\u0438\u0442\u044c \u0432\u0434\u0430\u043b\u0438 \u043e\u0442 \u043f\u0440\u044f\u043c\u044b\u0445 \u0441\u043e\u043b\u043d\u0435\u0447\u043d\u044b\u0445 \u043b\u0443\u0447\u0435\u0439 \u0438 \u0441\u0438\u043b\u044c\u043d\u044b\u0445 \u0437\u0430\u043f\u0430\u0445\u043e\u0432, \u0447\u0442\u043e\u0431\u044b \u0441\u043e\u0445\u0440\u0430\u043d\u0438\u0442\u044c \u0435\u0433\u043e \u0441\u0432\u0435\u0436\u0435\u0441\u0442\u044c \u0438 \u043a\u0430\u0447\u0435\u0441\u0442\u0432\u043e \u0432 \u0442\u0435\u0447\u0435\u043d\u0438\u0435 \u0434\u043b\u0438\u0442\u0435\u043b\u044c\u043d\u043e\u0433\u043e \u0432\u0440\u0435\u043c\u0435\u043d\u0438. <\/p>\n","protected":false},"featured_media":13389,"comment_status":"open","ping_status":"closed","template":"","meta":[],"product_brand":[],"product_cat":[336,340],"product_tag":[],"class_list":{"0":"post-14394","1":"product","2":"type-product","3":"status-publish","4":"has-post-thumbnail","6":"product_cat-puer","7":"product_cat-shu-puer","9":"first","10":"instock","11":"shipping-taxable","12":"purchasable","13":"product-type-simple"},"_links":{"self":[{"href":"https:\/\/tea-shop.md\/ro\/wp-json\/wp\/v2\/product\/14394","targetHints":{"allow":["GET"]}}],"collection":[{"href":"https:\/\/tea-shop.md\/ro\/wp-json\/wp\/v2\/product"}],"about":[{"href":"https:\/\/tea-shop.md\/ro\/wp-json\/wp\/v2\/types\/product"}],"replies":[{"embeddable":true,"href":"https:\/\/tea-shop.md\/ro\/wp-json\/wp\/v2\/comments?post=14394"}],"version-history":[{"count":1,"href":"https:\/\/tea-shop.md\/ro\/wp-json\/wp\/v2\/product\/14394\/revisions"}],"predecessor-version":[{"id":14882,"href":"https:\/\/tea-shop.md\/ro\/wp-json\/wp\/v2\/product\/14394\/revisions\/14882"}],"wp:featuredmedia":[{"embeddable":true,"href":"https:\/\/tea-shop.md\/ro\/wp-json\/wp\/v2\/media\/13389"}],"wp:attachment":[{"href":"https:\/\/tea-shop.md\/ro\/wp-json\/wp\/v2\/media?parent=14394"}],"wp:term":[{"taxonomy":"product_brand","embeddable":true,"href":"https:\/\/tea-shop.md\/ro\/wp-json\/wp\/v2\/product_brand?post=14394"},{"taxonomy":"product_cat","embeddable":true,"href":"https:\/\/tea-shop.md\/ro\/wp-json\/wp\/v2\/product_cat?post=14394"},{"taxonomy":"product_tag","embeddable":true,"href":"https:\/\/tea-shop.md\/ro\/wp-json\/wp\/v2\/product_tag?post=14394"}],"curies":[{"name":"wp","href":"https:\/\/api.w.org\/{rel}","templated":true}]}}