{"id":14396,"date":"2025-12-09T22:16:50","date_gmt":"2025-12-09T20:16:50","guid":{"rendered":"https:\/\/tea-shop.md\/product\/shu-puer-lotus\/"},"modified":"2026-03-31T20:57:55","modified_gmt":"2026-03-31T17:57:55","slug":"shu-puer-lotus","status":"publish","type":"product","link":"https:\/\/tea-shop.md\/ro\/produs\/shu-puer-lotus\/","title":{"rendered":"Shu Puer Lotus"},"content":{"rendered":"<p>Puer cu lotus mini-tocha este un ceai revigorant \u0219i care \u00eembun\u0103t\u0103\u021be\u0219te starea de spirit, care d\u0103 energie \u0219i putere nu mai r\u0103u dec\u00e2t b\u0103uturile energizante. Dac\u0103 trebuie s\u0103 v\u0103 \u00eenveseli\u021bi rapid \u0219i bine, atunci nu exist\u0103 o op\u021biune mai bun\u0103. <\/p>\n<p>Poate fi folosit ca alternativ\u0103 la cafea, deoarece exist\u0103 \u00eentr \u2013 adev\u0103r mult\u0103 cofein\u0103 \u00een puer cu lotus-suficient pentru a te trezi diminea\u021ba \u0219i a te men\u021bine treaz pe tot parcursul zilei.<\/p>\n<p>Propriet\u0103\u021bile benefice ale lotus puer sunt puternic influen\u021bate de prezen\u021ba staminelor \u0219i frunzelor naturale. Acest ceai este util \u00een special pentru sexul corect, \u00eembun\u0103t\u0103\u021bind s\u0103n\u0103tatea femeilor. \u00cen plus, \u00eembun\u0103t\u0103\u021be\u0219te digestia, ajut\u0103 la sc\u0103derea u\u0219oar\u0103 \u0219i u\u0219oar\u0103 a excesului de greutate.  <\/p>\n<p>Infuzia are un parfum pronun\u021bat de lotus. C\u00e2nd se prepar\u0103, ceaiul devine suficient de puternic, dar \u00een acela\u0219i timp se detecteaz\u0103 o u\u0219oar\u0103 dulcea\u021b\u0103, care r\u0103m\u00e2ne \u00een postgust. <\/p>\n<p>Se prepar\u0103 folosind metoda de turnare: pune\u021bi tableta \u00eentr-o cea\u0219c\u0103 sau ceainic, turna\u021bi ap\u0103 clocotit\u0103 peste ea \u0219i l\u0103sa\u021bi-o s\u0103 stea timp de 10 p\u00e2n\u0103 la 40 de secunde. Apoi este necesar s\u0103 scurge\u021bi infuzia, turna\u021bi din nou ap\u0103 clocotit\u0103 peste ea. Procedura de preparare a berii poate fi efectuat\u0103 de p\u00e2n\u0103 la 7 ori. Pe str\u00e2mtoarea a 4-a, ceaiul \u00ee\u0219i dezv\u0103luie pe deplin aroma \u0219i propriet\u0103\u021bile aromatice.   <\/p>\n<p>Mini tocha 5-7 grame.<\/p>\n","protected":false},"excerpt":{"rendered":"<p>Puer cu lotus mini-tocha este un ceai revigorant \u0219i care \u00eembun\u0103t\u0103\u021be\u0219te starea de spirit, care d\u0103 energie \u0219i putere nu mai r\u0103u dec\u00e2t b\u0103uturile energizante. Dac\u0103 trebuie s\u0103 v\u0103 \u00eenveseli\u021bi rapid \u0219i bine, atunci nu exist\u0103 o op\u021biune mai bun\u0103. <\/p>\n<p>Poate fi folosit ca alternativ\u0103 la cafea, deoarece exist\u0103 \u00eentr \u2013 adev\u0103r mult\u0103 cofein\u0103 \u00een puer cu lotus-suficient pentru a te trezi diminea\u021ba \u0219i a te men\u021bine treaz pe tot parcursul zilei.<\/p>\n<p>Propriet\u0103\u021bile benefice ale lotus puer sunt puternic influen\u021bate de prezen\u021ba staminelor \u0219i frunzelor naturale. Acest ceai este util \u00een special pentru sexul corect, \u00eembun\u0103t\u0103\u021bind s\u0103n\u0103tatea femeilor. \u00cen plus, \u00eembun\u0103t\u0103\u021be\u0219te digestia, ajut\u0103 la sc\u0103derea u\u0219oar\u0103 \u0219i u\u0219oar\u0103 a excesului de greutate.  <\/p>\n<p>\u041a\u0430\u043a \u0438 \u0434\u0440\u0443\u0433\u0438\u0435 \u043f\u0443\u044d\u0435\u0440\u044b, \u043f\u0443\u044d\u0440 \u0441 \u043b\u043e\u0442\u043e\u0441\u043e\u043c \u0441\u043f\u043e\u0441\u043e\u0431\u0441\u0442\u0432\u0443\u0435\u0442 \u043e\u043c\u043e\u043b\u043e\u0436\u0435\u043d\u0438\u044e \u0442\u0435\u043b\u0430, \u043f\u0440\u0438\u0434\u0430\u0435\u0442 \u0441\u0438\u043b\u044b \u0438 \u044f\u0432\u043b\u044f\u0435\u0442\u0441\u044f \u0445\u043e\u0440\u043e\u0448\u0438\u043c \u0430\u043d\u0442\u0438\u0434\u0435\u043f\u0440\u0435\u0441\u0430\u043d\u0442\u043e\u043c. \u042d\u0442\u043e \u043d\u0435\u0437\u0430\u043c\u0435\u043d\u0438\u043c\u044b\u0439 \u043d\u0430\u043f\u0438\u0442\u043e\u043a \u0432 \u0447\u0430\u0439\u043d\u043e\u0439 \u043a\u043e\u043b\u043b\u0435\u043a\u0446\u0438\u0438 \u043d\u0430\u0441\u0442\u043e\u044f\u0449\u0438\u0445 \u0446\u0435\u043d\u0438\u0442\u0435\u043b\u0435\u0439 \u043f\u0443\u044d\u0440\u0430. <\/p>\n<p>\u0427\u0430\u0439, \u043a\u043e\u0442\u043e\u0440\u044b\u0439 \u043e\u0431\u044a\u0435\u0434\u0438\u043d\u044f\u0435\u0442 \u0432 \u0441\u0435\u0431\u044f \u043a\u043b\u0430\u0441\u0441\u0438\u043a\u0443 \u043f\u0443\u044d\u0440\u043e\u0432 \u0438 \u043d\u0435\u043f\u043e\u0432\u0442\u043e\u0440\u0438\u043c\u044b\u0435 \u0432\u043a\u0443\u0441\u043e\u0432\u044b\u0435 \u043a\u0430\u0447\u0435\u0441\u0442\u0432\u0430 \u043b\u043e\u0442\u043e\u0441\u0430<\/p>\n<p>Infuzia are un parfum pronun\u021bat de lotus. C\u00e2nd se prepar\u0103, ceaiul devine suficient de puternic, dar \u00een acela\u0219i timp se detecteaz\u0103 o u\u0219oar\u0103 dulcea\u021b\u0103, care r\u0103m\u00e2ne \u00een postgust. <\/p>\n<p>\u0421\u0442\u043e\u0438\u0442 \u0437\u0430\u043c\u0435\u0442\u0438\u0442\u044c, \u0447\u0442\u043e \u0434\u0430\u0436\u0435 \u043d\u0435\u0441\u043c\u043e\u0442\u0440\u044f \u043d\u0430 \u043f\u0440\u0438\u0441\u0443\u0442\u0441\u0442\u0432\u0438\u0435 \u043d\u043e\u0442\u043e\u043a \u0446\u0432\u0435\u0442\u043a\u0430 \u043b\u043e\u0442\u043e\u0441\u0430 \u0432\u043e \u0432\u043a\u0443\u0441\u0435 \u0438 \u0430\u0440\u043e\u043c\u0430\u0442\u0435, \u043e\u043d\u0438 \u043d\u0435 \u043f\u0435\u0440\u0435\u0431\u0438\u0432\u0430\u044e\u0442 \u043a\u043b\u0430\u0441\u0441\u0438\u0447\u0435\u0441\u043a\u0438\u0439 \u043f\u0443\u044d\u0440, \u0430 \u0442\u043e\u043b\u044c\u043a\u043e \u0434\u043e\u043f\u043e\u043b\u043d\u044f\u044e\u0442 \u0435\u0433\u043e. \u0412 \u041a\u0438\u0442\u0430\u0435, \u043a\u0441\u0442\u0430\u0442\u0438, \u0432\u0435\u0440\u044f\u0442, \u0447\u0442\u043e \u0435\u0441\u043b\u0438 \u0432\u043e \u0432\u0440\u0435\u043c\u044f \u0432\u0434\u044b\u0445\u0430\u043d\u0438\u044f \u0430\u0440\u043e\u043c\u0430\u0442\u0430 \u043b\u043e\u0442\u043e\u0441\u0430 \u0437\u0430\u0433\u0430\u0434\u0430\u0442\u044c \u0436\u0435\u043b\u0430\u043d\u0438\u0435, \u0442\u043e \u043e\u043d\u043e \u043e\u0431\u044f\u0437\u0430\u0442\u0435\u043b\u044c\u043d\u043e \u0441\u0431\u0443\u0434\u0435\u0442\u0441\u044f. <\/p>\n<p>\u0417\u0430\u0432\u0430\u0440\u0438\u0432\u0430\u0442\u044c \u043f\u0440\u0438 \u0442\u0435\u043c\u043f\u0435\u0440\u0430\u0442\u0443\u0440\u0435 \u0432\u043e\u0434\u044b \u043c\u043b 95 &#8211; 97 \u00b0C, \u043d\u0430\u0441\u0442\u043e\u044f\u0442\u044c \u0432 \u0442\u0435\u0447\u0435\u043d\u0438\u0435 3-7 \u043c\u0438\u043d, \u0447\u0442\u043e\u0431\u044b \u043f\u043e\u043b\u0443\u0447\u0438\u0442\u044c \u043d\u0430\u043f\u0438\u0442\u043e\u043a \u0441 \u0434\u0435\u043b\u0438\u043a\u0430\u0442\u043d\u044b\u043c \u0432\u043a\u0443\u0441\u043e\u043c. Aceea\u0219i b\u0103utur\u0103 poate fi turnat\u0103 de p\u00e2n\u0103 la 5-7 ori la r\u00e2nd, de fiecare dat\u0103 prelungind timpul de perfuzie cu aproximativ 1 minut. P\u0103stra\u021bi-l timp de maximum 5 minute, nu pute\u021bi insista mult timp, b\u0103utura va deveni tart\u0103.<\/p>\n","protected":false},"featured_media":13397,"comment_status":"open","ping_status":"closed","template":"","meta":[],"product_brand":[],"product_cat":[336,340],"product_tag":[],"class_list":{"0":"post-14396","1":"product","2":"type-product","3":"status-publish","4":"has-post-thumbnail","6":"product_cat-puer","7":"product_cat-shu-puer","9":"first","10":"instock","11":"shipping-taxable","12":"purchasable","13":"product-type-simple"},"_links":{"self":[{"href":"https:\/\/tea-shop.md\/ro\/wp-json\/wp\/v2\/product\/14396","targetHints":{"allow":["GET"]}}],"collection":[{"href":"https:\/\/tea-shop.md\/ro\/wp-json\/wp\/v2\/product"}],"about":[{"href":"https:\/\/tea-shop.md\/ro\/wp-json\/wp\/v2\/types\/product"}],"replies":[{"embeddable":true,"href":"https:\/\/tea-shop.md\/ro\/wp-json\/wp\/v2\/comments?post=14396"}],"version-history":[{"count":1,"href":"https:\/\/tea-shop.md\/ro\/wp-json\/wp\/v2\/product\/14396\/revisions"}],"predecessor-version":[{"id":14881,"href":"https:\/\/tea-shop.md\/ro\/wp-json\/wp\/v2\/product\/14396\/revisions\/14881"}],"wp:featuredmedia":[{"embeddable":true,"href":"https:\/\/tea-shop.md\/ro\/wp-json\/wp\/v2\/media\/13397"}],"wp:attachment":[{"href":"https:\/\/tea-shop.md\/ro\/wp-json\/wp\/v2\/media?parent=14396"}],"wp:term":[{"taxonomy":"product_brand","embeddable":true,"href":"https:\/\/tea-shop.md\/ro\/wp-json\/wp\/v2\/product_brand?post=14396"},{"taxonomy":"product_cat","embeddable":true,"href":"https:\/\/tea-shop.md\/ro\/wp-json\/wp\/v2\/product_cat?post=14396"},{"taxonomy":"product_tag","embeddable":true,"href":"https:\/\/tea-shop.md\/ro\/wp-json\/wp\/v2\/product_tag?post=14396"}],"curies":[{"name":"wp","href":"https:\/\/api.w.org\/{rel}","templated":true}]}}