{"id":14398,"date":"2025-12-09T22:16:48","date_gmt":"2025-12-09T20:16:48","guid":{"rendered":"https:\/\/tea-shop.md\/product\/shu-puer-cu-mandarina\/"},"modified":"2026-03-31T20:56:57","modified_gmt":"2026-03-31T17:56:57","slug":"shu-puer-cu-mandarina","status":"publish","type":"product","link":"https:\/\/tea-shop.md\/ro\/produs\/shu-puer-cu-mandarina\/","title":{"rendered":"Shu puer cu mandarin\u0103"},"content":{"rendered":"<p>Mini ceaiul Shu puer a fost presat \u00een 2019 la fabrica de ceai Yong Ming Cha Chang, Jude\u021bul Menghai.<\/p>\n<p>Frunzele de dimensiuni medii, cu muguri tineri, \u00eenc\u0103 fleecy, care dob\u00e2ndesc o nuan\u021b\u0103 ro\u0219ie \u00een timpul fermenta\u021biei, sunt folosite pentru a face aceste mini-toppers.<\/p>\n<p>Gustul str\u0103lucitor, \u00een care se simt nucile \u0219i migdalele, las\u0103 \u00een urm\u0103 un gust lung \u0219i pl\u0103cut de mandarin\u0103.<\/p>\n<p>Se prepar\u0103 folosind metoda de turnare: pune\u021bi tableta \u00eentr-o cea\u0219c\u0103 sau ceainic, turna\u021bi ap\u0103 clocotit\u0103 peste ea \u0219i l\u0103sa\u021bi-o s\u0103 stea timp de 10 p\u00e2n\u0103 la 40 de secunde. Apoi este necesar s\u0103 scurge\u021bi infuzia, turna\u021bi din nou ap\u0103 clocotit\u0103 peste ea. Procedura de preparare a berii poate fi efectuat\u0103 de p\u00e2n\u0103 la 7 ori. Pe str\u00e2mtoarea a 4-a, ceaiul \u00ee\u0219i dezv\u0103luie pe deplin aroma \u0219i propriet\u0103\u021bile aromatice.   <\/p>\n<p>Mini tocha 5-7 grame.<\/p>\n","protected":false},"excerpt":{"rendered":"<p>Mini ceaiul Shu puer a fost presat \u00een 2019 la fabrica de ceai Yong Ming Cha Chang, Jude\u021bul Menghai. Frunzele<\/p>\n","protected":false},"featured_media":13403,"comment_status":"open","ping_status":"closed","template":"","meta":[],"product_brand":[],"product_cat":[336,340],"product_tag":[],"class_list":{"0":"post-14398","1":"product","2":"type-product","3":"status-publish","4":"has-post-thumbnail","6":"product_cat-puer","7":"product_cat-shu-puer","9":"first","10":"instock","11":"shipping-taxable","12":"purchasable","13":"product-type-simple"},"_links":{"self":[{"href":"https:\/\/tea-shop.md\/ro\/wp-json\/wp\/v2\/product\/14398","targetHints":{"allow":["GET"]}}],"collection":[{"href":"https:\/\/tea-shop.md\/ro\/wp-json\/wp\/v2\/product"}],"about":[{"href":"https:\/\/tea-shop.md\/ro\/wp-json\/wp\/v2\/types\/product"}],"replies":[{"embeddable":true,"href":"https:\/\/tea-shop.md\/ro\/wp-json\/wp\/v2\/comments?post=14398"}],"version-history":[{"count":1,"href":"https:\/\/tea-shop.md\/ro\/wp-json\/wp\/v2\/product\/14398\/revisions"}],"predecessor-version":[{"id":14879,"href":"https:\/\/tea-shop.md\/ro\/wp-json\/wp\/v2\/product\/14398\/revisions\/14879"}],"wp:featuredmedia":[{"embeddable":true,"href":"https:\/\/tea-shop.md\/ro\/wp-json\/wp\/v2\/media\/13403"}],"wp:attachment":[{"href":"https:\/\/tea-shop.md\/ro\/wp-json\/wp\/v2\/media?parent=14398"}],"wp:term":[{"taxonomy":"product_brand","embeddable":true,"href":"https:\/\/tea-shop.md\/ro\/wp-json\/wp\/v2\/product_brand?post=14398"},{"taxonomy":"product_cat","embeddable":true,"href":"https:\/\/tea-shop.md\/ro\/wp-json\/wp\/v2\/product_cat?post=14398"},{"taxonomy":"product_tag","embeddable":true,"href":"https:\/\/tea-shop.md\/ro\/wp-json\/wp\/v2\/product_tag?post=14398"}],"curies":[{"name":"wp","href":"https:\/\/api.w.org\/{rel}","templated":true}]}}