{"id":14399,"date":"2025-12-09T22:16:48","date_gmt":"2025-12-09T20:16:48","guid":{"rendered":"https:\/\/tea-shop.md\/product\/shu-puer-caramida-de-aur-fara-aditivi\/"},"modified":"2026-03-31T20:53:25","modified_gmt":"2026-03-31T17:53:25","slug":"shu-puer-caramida-de-aur-fara-aditivi","status":"publish","type":"product","link":"https:\/\/tea-shop.md\/ro\/produs\/shu-puer-caramida-de-aur-fara-aditivi\/","title":{"rendered":"Shu puer &#8222;C\u0103r\u0103mid\u0103 de aur&#8221; (f\u0103r\u0103 aditivi)"},"content":{"rendered":"<p>De \u00eenalt\u0103 calitate Yunnan Puer shu. Ceaiul este cultivat \u00een partea istoric\u0103 a Chinei de Sud. <\/p>\n<p>Gustul este nobil, cu note lemnoase \u0219i un gust subtil de ciocolat\u0103, nuci \u0219i prune uscate.<\/p>\n<p>Tonific\u0103, \u00ee\u021bi pune g\u00e2ndurile \u00cen ordine, \u00ee\u021bi re\u00eemprosp\u0103teaz\u0103 capul \u0219i te preg\u0103te\u0219te pentru o zi productiv\u0103. Acest ceai este excelent pentru persoanele cu diabet zaharat, normalizeaz\u0103 \u0219i tractul intestinal cu utilizare regulat\u0103. <\/p>\n<p>Se prepar\u0103 folosind metoda de turnare: pune\u021bi tableta \u00eentr-o cea\u0219c\u0103 sau ceainic, turna\u021bi ap\u0103 clocotit\u0103 peste ea \u0219i l\u0103sa\u021bi-o s\u0103 stea timp de 10 p\u00e2n\u0103 la 40 de secunde. Apoi este necesar s\u0103 scurge\u021bi infuzia, turna\u021bi din nou ap\u0103 clocotit\u0103 peste ea. Procedura de preparare a berii poate fi efectuat\u0103 de p\u00e2n\u0103 la 7 ori. Pe str\u00e2mtoarea a 4-a, ceaiul \u00ee\u0219i dezv\u0103luie pe deplin aroma \u0219i propriet\u0103\u021bile aromatice.   <\/p>\n<p>Anul este 2003.<\/p>\n<p>Mini tocha 5-7 grame.<\/p>\n","protected":false},"excerpt":{"rendered":"<p style=\"margin: 0cm;margin-bottom: .0001pt;text-indent: 35.4pt\">\u041a\u043b\u0430\u0441\u0441\u0438\u0447\u0435\u0441\u043a\u0438\u0439 \u043f\u0443\u044d\u0440 \u0432\u044b\u0440\u0430\u0449\u0438\u0432\u0430\u044e\u0442 \u0432 \u043f\u0440\u043e\u0432\u0438\u043d\u0446\u0438\u0438 \u042e\u043d\u044c\u043d\u0430\u043d\u044c, \u0432 \u041a\u0438\u0442\u0430\u0435. \u042d\u0442\u043e\u0442 \u0447\u0430\u0439 \u0440\u0430\u0441\u0442\u0451\u0442 \u043d\u0430 \u0432\u044b\u0441\u043e\u043a\u043e\u0433\u043e\u0440\u043d\u044b\u0445 \u043f\u043b\u0430\u043d\u0442\u0430\u0446\u0438\u044f\u0445, \u0433\u0434\u0435 \u043a\u043b\u0438\u043c\u0430\u0442 \u0438 \u043f\u043e\u0447\u0432\u0430 \u0438\u0434\u0435\u0430\u043b\u044c\u043d\u043e \u043f\u043e\u0434\u0445\u043e\u0434\u044f\u0442 \u0434\u043b\u044f \u0435\u0433\u043e \u043f\u0440\u043e\u0438\u0437\u0432\u043e\u0434\u0441\u0442\u0432\u0430. <\/p>\n<p style=\"margin: 0cm;margin-bottom: .0001pt;text-indent: 35.4pt\">\u0420\u0430\u043d\u0435\u0435 \u0447\u0430\u0439\u043d\u044b\u0435 \u044d\u043a\u0441\u043f\u0435\u0440\u0442\u044b \u041a\u0438\u0442\u0430\u044f \u043f\u0440\u0438\u043c\u0435\u043d\u044f\u043b\u0438 \u0442\u0430\u043a\u043e\u0439 \u0442\u0435\u0440\u043c\u0438\u043d \u043a \u041f\u0443\u044d\u0440\u0443 \u0428\u0443 \u0432\u043e\u0437\u0440\u0430\u0441\u0442\u043e\u043c \u043e\u0442 16 \u043b\u0435\u0442. \u0412 \u043f\u0440\u043e\u0446\u0435\u0441\u0441\u0435 \u043f\u0440\u043e\u0438\u0437\u0432\u043e\u0434\u0441\u0442\u0432\u0430 \u0447\u0430\u044f \u0438\u0441\u043f\u043e\u043b\u044c\u0437\u0443\u044e\u0442\u0441\u044f \u0442\u0440\u0430\u0434\u0438\u0446\u0438\u043e\u043d\u043d\u044b\u0435 \u043c\u0435\u0442\u043e\u0434\u044b, \u043a\u043e\u0442\u043e\u0440\u044b\u0435 \u043f\u0435\u0440\u0435\u0434\u0430\u044e\u0442\u0441\u044f \u0438\u0437 \u043f\u043e\u043a\u043e\u043b\u0435\u043d\u0438\u044f \u0432 \u043f\u043e\u043a\u043e\u043b\u0435\u043d\u0438\u0435. \u042d\u0442\u043e \u043f\u043e\u0437\u0432\u043e\u043b\u044f\u0435\u0442 \u0441\u043e\u0445\u0440\u0430\u043d\u0438\u0442\u044c \u0443\u043d\u0438\u043a\u0430\u043b\u044c\u043d\u044b\u0435 \u0432\u043a\u0443\u0441\u043e\u0432\u044b\u0435 \u043a\u0430\u0447\u0435\u0441\u0442\u0432\u0430 \u0438 \u043f\u043e\u043b\u0435\u0437\u043d\u044b\u0435 \u0441\u0432\u043e\u0439\u0441\u0442\u0432\u0430 \u0447\u0430\u044f.  <\/p>\n<p class=\"mb-4\" style=\"margin: 0cm;margin-bottom: .0001pt;text-indent: 35.4pt\">\u041f\u0443\u044d\u0440 \u043f\u043e\u043b\u0435\u0437\u0435\u043d \u0434\u043b\u044f \u043e\u0440\u0433\u0430\u043d\u0438\u0437\u043c\u0430. \u041e\u043d \u043f\u043e\u043c\u043e\u0433\u0430\u0435\u0442 \u0442\u0435\u043b\u0443 \u0441\u043e\u0445\u0440\u0430\u043d\u044f\u0442\u044c \u0432\u043e\u0434\u0443, \u043a\u043e\u0442\u043e\u0440\u0430\u044f \u043d\u0443\u0436\u043d\u0430 \u0434\u043b\u044f \u0437\u0434\u043e\u0440\u043e\u0432\u044c\u044f. \u0415\u0449\u0451 \u043e\u043d \u043c\u043e\u0436\u0435\u0442 \u043d\u0435\u043c\u043d\u043e\u0433\u043e \u0441\u043d\u0438\u0436\u0430\u0442\u044c \u0441\u0430\u0445\u0430\u0440 \u0432 \u043a\u0440\u043e\u0432\u0438, \u0447\u0442\u043e \u043f\u0440\u0438\u0433\u043e\u0434\u0438\u0442\u0441\u044f \u043b\u044e\u0434\u044f\u043c \u0441 \u0434\u0438\u0430\u0431\u0435\u0442\u043e\u043c. \u0411\u043b\u0430\u0433\u043e\u0434\u0430\u0440\u044f \u0432\u0435\u0449\u0435\u0441\u0442\u0432\u0430\u043c \u0432 \u0441\u043e\u0441\u0442\u0430\u0432\u0435 \u043f\u0443\u044d\u0440 \u0434\u0435\u043b\u0430\u0435\u0442 \u043a\u043e\u0436\u0443 \u043c\u043e\u043b\u043e\u0436\u0435 \u0438 \u0437\u0434\u043e\u0440\u043e\u0432\u0435\u0435, \u0430 \u0442\u0430\u043a\u0436\u0435 \u0437\u0430\u0449\u0438\u0449\u0430\u0435\u0442 \u0435\u0451 \u043e\u0442 \u0432\u0440\u0435\u0434\u043d\u044b\u0445 \u0431\u0430\u043a\u0442\u0435\u0440\u0438\u0439. \u0410 \u0435\u0449\u0451 \u044d\u0442\u043e\u0442 \u0447\u0430\u0439 \u0440\u0430\u0441\u0441\u043b\u0430\u0431\u043b\u044f\u0435\u0442 \u043d\u0435\u0440\u0432\u044b \u0438 \u043c\u043e\u0436\u0435\u0442 \u043f\u043e\u043c\u043e\u0433\u0430\u0442\u044c \u043f\u0440\u0438 \u044d\u043f\u0438\u043b\u0435\u043f\u0441\u0438\u0438. \u0421\u043d\u0438\u043c\u0430\u0435\u0442 \u0443\u0441\u0442\u0430\u043b\u043e\u0441\u0442\u044c \u0438 \u0433\u043e\u043b\u043e\u0432\u043d\u0443\u044e \u0431\u043e\u043b\u044c, \u0443\u043a\u0440\u0435\u043f\u043b\u044f\u0435\u0442 \u0438\u043c\u043c\u0443\u043d\u0438\u0442\u0435\u0442, \u043e\u0447\u0438\u0449\u0430\u0435\u0442 \u043a\u0440\u043e\u0432\u044c \u043e\u0442 \u0442\u043e\u043a\u0441\u0438\u043d\u043e\u0432 \u0438 \u0448\u043b\u0430\u043a\u043e\u0432, \u0431\u043b\u0430\u0433\u043e\u0434\u0430\u0440\u044f \u0430\u043d\u0442\u0438\u043e\u043a\u0441\u0438\u0434\u0430\u043d\u0442\u0430\u043c \u0437\u0430\u043c\u0435\u0434\u043b\u044f\u0435\u0442 \u0441\u0442\u0430\u0440\u0435\u043d\u0438\u0435 \u043a\u043b\u0435\u0442\u043e\u043a.     <\/p>\n<p class=\"mb-4\" style=\"margin: 0cm;margin-bottom: .0001pt;text-indent: 35.4pt\">\u0417\u0430\u0432\u0430\u0440\u0438\u0432\u0430\u0439\u0442\u0435 \u0447\u0435\u0440\u043d\u044b\u0439 \u043f\u0443\u044d\u0440 \u0432 \u043f\u0440\u043e\u0433\u0440\u0435\u0442\u043e\u0439 \u043f\u043e\u0441\u0443\u0434\u0435. \u041d\u0430\u0441\u044b\u0449\u0435\u043d\u043d\u043e\u0441\u0442\u044c \u043d\u0430\u0441\u0442\u043e\u044f \u043c\u043e\u0436\u043d\u043e \u0438\u0437\u043c\u0435\u043d\u044f\u0442\u044c \u0441\u043e\u043e\u0442\u043d\u043e\u0448\u0435\u043d\u0438\u0435\u043c \u0432\u043e\u0434\u044b \u0438 \u0447\u0430\u044f, \u0430 \u0442\u0430\u043a\u0436\u0435 \u0432\u0440\u0435\u043c\u0435\u043d\u0435\u043c \u043d\u0430\u0441\u0442\u0430\u0438\u0432\u0430\u043d\u0438\u044f. \u041d\u0435 \u0431\u043e\u0439\u0442\u0435\u0441\u044c \u044d\u043a\u0441\u043f\u0435\u0440\u0438\u043c\u0435\u043d\u0442\u0438\u0440\u043e\u0432\u0430\u0442\u044c!  <\/p>\n<p class=\"mb-4\" style=\"margin: 0cm;margin-bottom: .0001pt;text-indent: 35.4pt\">\u041d\u0430\u0441\u044b\u0449\u0435\u043d\u043d\u044b\u0439, \u0433\u0443\u0441\u0442\u043e\u0439, \u0430\u0440\u043e\u043c\u0430\u0442\u043d\u044b\u0439 \u0428\u0443 \u043f\u0443\u044d\u0440 \u0441 \u043a\u043b\u0430\u0441\u0441\u0438\u0447\u0435\u0441\u043a\u0438\u043c \u0432\u043a\u0443\u0441\u043e\u0432\u044b\u043c \u043f\u0440\u043e\u0444\u0438\u043b\u0435\u043c. \u0412 \u043c\u0435\u043b\u043e\u0434\u0438\u0438 \u043d\u043e\u0442\u044b \u043e\u0440\u0435\u0445\u043e\u0432, \u043b\u0435\u0441\u0430, \u043a\u043e\u0444\u0435\u0439\u043d\u043e\u0433\u043e \u0437\u0435\u0440\u043d\u0430, \u0448\u043e\u043a\u043e\u043b\u0430\u0434\u0430 \u0438 \u0447\u0435\u0440\u043d\u043e\u0441\u043b\u0438\u0432\u0430. \u041d\u0435 \u0433\u043e\u0440\u0447\u0438\u0442, \u0441\u0442\u043e\u0439\u043a\u0438\u0439 \u0432 \u0437\u0430\u0432\u0430\u0440\u0438\u0432\u0430\u043d\u0438\u0438, \u0441 \u043e\u0441\u0432\u0435\u0436\u0430\u044e\u0449\u0435-\u043c\u0435\u0434\u043e\u0432\u044b\u043c \u043f\u043e\u0441\u043b\u0435\u0432\u043a\u0443\u0441\u0438\u0435\u043c.  <\/p>\n<p class=\"mb-4\" style=\"margin: 0cm;margin-bottom: .0001pt;text-indent: 35.4pt\">\u0417\u0430\u0432\u0430\u0440\u0438\u0432\u0430\u0442\u044c \u043f\u0440\u0438 \u0442\u0435\u043c\u043f\u0435\u0440\u0430\u0442\u0443\u0440\u0435 \u0432\u043e\u0434\u044b \u043c\u043b 95 &#8211; 97 \u00b0C, \u043d\u0430\u0441\u0442\u043e\u044f\u0442\u044c \u0432 \u0442\u0435\u0447\u0435\u043d\u0438\u0435 3-5 \u043c\u0438\u043d, \u0447\u0442\u043e\u0431\u044b \u043f\u043e\u043b\u0443\u0447\u0438\u0442\u044c \u043d\u0430\u043f\u0438\u0442\u043e\u043a \u0441 \u0434\u0435\u043b\u0438\u043a\u0430\u0442\u043d\u044b\u043c \u0432\u043a\u0443\u0441\u043e\u043c. Aceea\u0219i b\u0103utur\u0103 poate fi turnat\u0103 de p\u00e2n\u0103 la 5-7 ori la r\u00e2nd, de fiecare dat\u0103 prelungind timpul de perfuzie cu aproximativ 1 minut. P\u0103stra\u021bi-l timp de maximum 5 minute, nu pute\u021bi insista mult timp, b\u0103utura va deveni tart\u0103.<\/p>\n","protected":false},"featured_media":13348,"comment_status":"open","ping_status":"closed","template":"","meta":[],"product_brand":[],"product_cat":[336,340],"product_tag":[],"class_list":{"0":"post-14399","1":"product","2":"type-product","3":"status-publish","4":"has-post-thumbnail","6":"product_cat-puer","7":"product_cat-shu-puer","9":"first","10":"instock","11":"shipping-taxable","12":"purchasable","13":"product-type-simple"},"_links":{"self":[{"href":"https:\/\/tea-shop.md\/ro\/wp-json\/wp\/v2\/product\/14399","targetHints":{"allow":["GET"]}}],"collection":[{"href":"https:\/\/tea-shop.md\/ro\/wp-json\/wp\/v2\/product"}],"about":[{"href":"https:\/\/tea-shop.md\/ro\/wp-json\/wp\/v2\/types\/product"}],"replies":[{"embeddable":true,"href":"https:\/\/tea-shop.md\/ro\/wp-json\/wp\/v2\/comments?post=14399"}],"version-history":[{"count":1,"href":"https:\/\/tea-shop.md\/ro\/wp-json\/wp\/v2\/product\/14399\/revisions"}],"predecessor-version":[{"id":14878,"href":"https:\/\/tea-shop.md\/ro\/wp-json\/wp\/v2\/product\/14399\/revisions\/14878"}],"wp:featuredmedia":[{"embeddable":true,"href":"https:\/\/tea-shop.md\/ro\/wp-json\/wp\/v2\/media\/13348"}],"wp:attachment":[{"href":"https:\/\/tea-shop.md\/ro\/wp-json\/wp\/v2\/media?parent=14399"}],"wp:term":[{"taxonomy":"product_brand","embeddable":true,"href":"https:\/\/tea-shop.md\/ro\/wp-json\/wp\/v2\/product_brand?post=14399"},{"taxonomy":"product_cat","embeddable":true,"href":"https:\/\/tea-shop.md\/ro\/wp-json\/wp\/v2\/product_cat?post=14399"},{"taxonomy":"product_tag","embeddable":true,"href":"https:\/\/tea-shop.md\/ro\/wp-json\/wp\/v2\/product_tag?post=14399"}],"curies":[{"name":"wp","href":"https:\/\/api.w.org\/{rel}","templated":true}]}}