{"id":14401,"date":"2025-12-09T22:16:46","date_gmt":"2025-12-09T20:16:46","guid":{"rendered":"https:\/\/tea-shop.md\/product\/shu-puer-imparatul-rosu\/"},"modified":"2026-03-31T19:41:49","modified_gmt":"2026-03-31T16:41:49","slug":"shu-puer-imparatul-rosu","status":"publish","type":"product","link":"https:\/\/tea-shop.md\/ro\/produs\/shu-puer-imparatul-rosu\/","title":{"rendered":"Shu Puer <\/br>&#8222;Imp\u0103ratul ro\u0219u&#8221;"},"content":{"rendered":"<p>Shu Puer &#8222;\u00eemp\u0103ratul ro\u0219u&#8221; este un puer \u00eentunecat \u00eemb\u0103tr\u00e2nit f\u0103cut din frunzele recoltei din 2009, realizat de Kunming Hechangxuan Tea Co din provincia Yunnan. Ceaiul este presat \u00eentr-o brichet\u0103 de 250 g, care este convenabil\u0103 pentru utilizarea zilnic\u0103, depozitare \u0219i dozare. <\/p>\n<p>Acesta este un Shu Puer clasic, cu un gust dens, profund, care combin\u0103 o baz\u0103 cald\u0103 de p\u0103m\u00e2nt cu note u\u0219oare de lemn, fructe uscate coapte \u0219i scoar\u021b\u0103. Aroma este bogat\u0103, cald\u0103, \u00eenc\u0103lzitoare, iar gustul este moale \u0219i de lung\u0103 durat\u0103. Acest ceai este creat pentru comunicare lent\u0103, seri confortabile sau un ritual zilnic.  <\/p>\n<p>Se prepar\u0103 folosind metoda de turnare: rupe\u021bi o bucat\u0103 mic\u0103 (6-8 g) cu un cu\u021bit sau o lingur\u0103, pune\u021bi-o \u00eentr-o cea\u0219c\u0103 sau ceainic, turna\u021bi ap\u0103 clocotit\u0103 \u0219i l\u0103sa\u021bi-o s\u0103 stea timp de 10 p\u00e2n\u0103 la 40 de secunde. Apoi este necesar s\u0103 scurge\u021bi infuzia, turna\u021bi din nou ap\u0103 clocotit\u0103 peste ea. Procedura de preparare a berii poate fi efectuat\u0103 de p\u00e2n\u0103 la 7 ori. Pe str\u00e2mtoarea a 4-a, ceaiul \u00ee\u0219i dezv\u0103luie pe deplin aroma \u0219i propriet\u0103\u021bile aromatice.   <\/p>\n<p>Press 250 de grame.<\/p>\n<p>Anul este 2009.<\/p>\n","protected":false},"excerpt":{"rendered":"<p>Shu Puer &#8222;\u00eemp\u0103ratul ro\u0219u&#8221; este un puer \u00eentunecat \u00eemb\u0103tr\u00e2nit f\u0103cut din frunzele recoltei din 2009, realizat de Kunming Hechangxuan Tea<\/p>\n","protected":false},"featured_media":12750,"comment_status":"open","ping_status":"closed","template":"","meta":[],"product_brand":[],"product_cat":[336,340],"product_tag":[],"class_list":{"0":"post-14401","1":"product","2":"type-product","3":"status-publish","4":"has-post-thumbnail","6":"product_cat-puer","7":"product_cat-shu-puer","9":"first","10":"instock","11":"shipping-taxable","12":"purchasable","13":"product-type-simple"},"_links":{"self":[{"href":"https:\/\/tea-shop.md\/ro\/wp-json\/wp\/v2\/product\/14401","targetHints":{"allow":["GET"]}}],"collection":[{"href":"https:\/\/tea-shop.md\/ro\/wp-json\/wp\/v2\/product"}],"about":[{"href":"https:\/\/tea-shop.md\/ro\/wp-json\/wp\/v2\/types\/product"}],"replies":[{"embeddable":true,"href":"https:\/\/tea-shop.md\/ro\/wp-json\/wp\/v2\/comments?post=14401"}],"version-history":[{"count":1,"href":"https:\/\/tea-shop.md\/ro\/wp-json\/wp\/v2\/product\/14401\/revisions"}],"predecessor-version":[{"id":14877,"href":"https:\/\/tea-shop.md\/ro\/wp-json\/wp\/v2\/product\/14401\/revisions\/14877"}],"wp:featuredmedia":[{"embeddable":true,"href":"https:\/\/tea-shop.md\/ro\/wp-json\/wp\/v2\/media\/12750"}],"wp:attachment":[{"href":"https:\/\/tea-shop.md\/ro\/wp-json\/wp\/v2\/media?parent=14401"}],"wp:term":[{"taxonomy":"product_brand","embeddable":true,"href":"https:\/\/tea-shop.md\/ro\/wp-json\/wp\/v2\/product_brand?post=14401"},{"taxonomy":"product_cat","embeddable":true,"href":"https:\/\/tea-shop.md\/ro\/wp-json\/wp\/v2\/product_cat?post=14401"},{"taxonomy":"product_tag","embeddable":true,"href":"https:\/\/tea-shop.md\/ro\/wp-json\/wp\/v2\/product_tag?post=14401"}],"curies":[{"name":"wp","href":"https:\/\/api.w.org\/{rel}","templated":true}]}}