{"id":14403,"date":"2025-12-09T22:16:51","date_gmt":"2025-12-09T20:16:51","guid":{"rendered":"https:\/\/tea-shop.md\/product\/shen-puer-in-snopii-de-ba-ji-cha\/"},"modified":"2026-03-31T20:59:58","modified_gmt":"2026-03-31T17:59:58","slug":"shen-puer-in-snopii-de-ba-ji-cha","status":"publish","type":"product","link":"https:\/\/tea-shop.md\/ro\/produs\/shen-puer-in-snopii-de-ba-ji-cha\/","title":{"rendered":"Shen Puer \u00een snopii de &#8222;Ba Ji Cha&#8221;"},"content":{"rendered":"<p>Shen Puer Ba Tzu Cha este un Shen interesant \u00eentr-o form\u0103 neobi\u0219nuit\u0103 pentru un shen, destul de afumat, u\u0219or erbaceu \u0219i fructat.<\/p>\n<p>&#8222;Ba tzu &#8222;se traduce \u0219i prin&#8221; snop&#8221;,&#8221; pachet&#8221;,&#8221;pachet&#8221;. Pe Internet, Ba Tzu Cha este cunoscut sub numele de&#8221;Brushwood.&#8221; <\/p>\n<p>Infuzia este de culoare verde deschis, d\u0103 un efect moderat de tonifiere, care vine treptat. Puer moale obi\u0219nuit echilibrat. <\/p>\n<p>Se prepar\u0103 folosind metoda de turnare: pune\u021bi 5-7 grame de ceai \u00eentr-o cea\u0219c\u0103 sau ceainic, turna\u021bi ap\u0103 clocotit\u0103 peste el \u0219i l\u0103sa\u021bi-l s\u0103 stea timp de 10 p\u00e2n\u0103 la 40 de secunde. Apoi este necesar s\u0103 scurge\u021bi infuzia, turna\u021bi din nou ap\u0103 clocotit\u0103 peste ea. Procedura de preparare a berii poate fi efectuat\u0103 de p\u00e2n\u0103 la 7 ori. Pe str\u00e2mtoarea a 4-a, ceaiul \u00ee\u0219i dezv\u0103luie pe deplin aroma \u0219i propriet\u0103\u021bile aromatice. Dac\u0103 se prepar\u0103 necorespunz\u0103tor, poate ap\u0103rea am\u0103r\u0103ciune sau tartness (de obicei cu o b\u0103utur\u0103 lung\u0103 de o b\u0103utur\u0103).    <\/p>\n","protected":false},"excerpt":{"rendered":"<p>Shen Puer Ba Tzu Cha este un Shen interesant \u00eentr-o form\u0103 neobi\u0219nuit\u0103 pentru un shen, destul de afumat, u\u0219or erbaceu<\/p>\n","protected":false},"featured_media":13353,"comment_status":"open","ping_status":"closed","template":"","meta":[],"product_brand":[],"product_cat":[336,339],"product_tag":[],"class_list":{"0":"post-14403","1":"product","2":"type-product","3":"status-publish","4":"has-post-thumbnail","6":"product_cat-puer","7":"product_cat-shen-puer","9":"first","10":"instock","11":"shipping-taxable","12":"purchasable","13":"product-type-variable","14":"has-default-attributes"},"_links":{"self":[{"href":"https:\/\/tea-shop.md\/ro\/wp-json\/wp\/v2\/product\/14403","targetHints":{"allow":["GET"]}}],"collection":[{"href":"https:\/\/tea-shop.md\/ro\/wp-json\/wp\/v2\/product"}],"about":[{"href":"https:\/\/tea-shop.md\/ro\/wp-json\/wp\/v2\/types\/product"}],"replies":[{"embeddable":true,"href":"https:\/\/tea-shop.md\/ro\/wp-json\/wp\/v2\/comments?post=14403"}],"version-history":[{"count":1,"href":"https:\/\/tea-shop.md\/ro\/wp-json\/wp\/v2\/product\/14403\/revisions"}],"predecessor-version":[{"id":14883,"href":"https:\/\/tea-shop.md\/ro\/wp-json\/wp\/v2\/product\/14403\/revisions\/14883"}],"wp:featuredmedia":[{"embeddable":true,"href":"https:\/\/tea-shop.md\/ro\/wp-json\/wp\/v2\/media\/13353"}],"wp:attachment":[{"href":"https:\/\/tea-shop.md\/ro\/wp-json\/wp\/v2\/media?parent=14403"}],"wp:term":[{"taxonomy":"product_brand","embeddable":true,"href":"https:\/\/tea-shop.md\/ro\/wp-json\/wp\/v2\/product_brand?post=14403"},{"taxonomy":"product_cat","embeddable":true,"href":"https:\/\/tea-shop.md\/ro\/wp-json\/wp\/v2\/product_cat?post=14403"},{"taxonomy":"product_tag","embeddable":true,"href":"https:\/\/tea-shop.md\/ro\/wp-json\/wp\/v2\/product_tag?post=14403"}],"curies":[{"name":"wp","href":"https:\/\/api.w.org\/{rel}","templated":true}]}}