{"id":14409,"date":"2025-12-09T22:16:43","date_gmt":"2025-12-09T20:16:43","guid":{"rendered":"https:\/\/tea-shop.md\/product\/shu-puer-strawberry\/"},"modified":"2026-03-31T19:40:36","modified_gmt":"2026-03-31T16:40:36","slug":"shu-puer-strawberry","status":"publish","type":"product","link":"https:\/\/tea-shop.md\/ro\/produs\/shu-puer-strawberry\/","title":{"rendered":"Shu puer strawberry"},"content":{"rendered":"<p>Ceai chinezesc Shu Puer cu frunze de coac\u0103z negru, felii de c\u0103p\u0219uni \u0219i iaurt crocant. C\u00e2nd se prepar\u0103, se ob\u021bine o b\u0103utur\u0103 maro \u00eenchis, cu arom\u0103 dulce de fructe de p\u0103dure \u0219i arom\u0103 de c\u0103p\u0219uni. <\/p>\n<p>Se prepar\u0103 1 linguri\u021b\u0103 la 250 ml la o temperatur\u0103 a apei de 95 CP, se insist\u0103 timp de 3-5 minute pentru a ob\u021bine o b\u0103utur\u0103 cu un gust delicat.<\/p>\n<p>Aceea\u0219i b\u0103utur\u0103 poate fi turnat\u0103 de p\u00e2n\u0103 la 5-7 ori la r\u00e2nd, de fiecare dat\u0103 prelungind timpul de perfuzie cu aproximativ 1 minut. P\u0103stra\u021bi-l timp de maximum 5 minute, nu pute\u021bi insista mult timp, b\u0103utura va deveni tart\u0103. <\/p>\n","protected":false},"excerpt":{"rendered":"<p>\u0427\u0435\u0442\u044b\u0440\u0435\u0445\u043b\u0435\u0442\u043d\u0438\u0439 \u0430\u0440\u043e\u043c\u0430\u0442\u0438\u0437\u0438\u0440\u043e\u0432\u0430\u043d\u043d\u044b\u0439 \u0448\u0443 \u043f\u0443\u044d\u0440 \u0441 \u0430\u0440\u043e\u043c\u0430\u0442\u043e\u043c \u043a\u043b\u0443\u0431\u043d\u0438\u043a\u0438.<\/p>\n<p>\u0420\u0430\u0441\u0441\u044b\u043f\u043d\u043e\u0439 \u0448\u0443 \u043f\u0443\u044d\u0440 \u0438\u0437 \u043f\u0440\u043e\u0432\u0438\u043d\u0446\u0438\u0438 \u042e\u043d\u044c\u043d\u0430\u043d\u044c. \u041c\u0430\u0442\u043e\u0432\u043e-\u043a\u043e\u0440\u0438\u0447\u043d\u0435\u0432\u044b\u0439 \u043d\u0435\u043a\u0440\u0443\u043f\u043d\u044b\u0439 \u043b\u0438\u0441\u0442 \u0435\u0441\u0442\u0435\u0441\u0442\u0432\u0435\u043d\u043d\u043e\u0439 \u0441\u043a\u0440\u0443\u0442\u043a\u0438, \u0441 \u043b\u0451\u0433\u043a\u0438\u043c \u0430\u0440\u043e\u043c\u0430\u0442\u043e\u043c \u0441\u043f\u0435\u043b\u043e\u0439 \u043a\u043b\u0443\u0431\u043d\u0438\u043a\u0438, \u043f\u0435\u0440\u0435\u043f\u043b\u0435\u0442\u0430\u044e\u0449\u0438\u0439\u0441\u044f \u0441 \u0442\u0451\u043f\u043b\u044b\u043c \u0434\u0440\u0435\u0432\u0435\u0441\u043d\u044b\u043c \u0430\u0440\u043e\u043c\u0430\u0442\u043e\u043c \u043f\u0443\u044d\u0440\u0430. \u041d\u0430\u0441\u0442\u043e\u0439 \u043d\u0435\u043f\u0440\u043e\u0437\u0440\u0430\u0447\u043d\u044b\u0439, \u0442\u0451\u043c\u043d\u044b\u0439, \u043d\u0430\u0441\u044b\u0449\u0435\u043d\u043d\u044b\u0439, \u0432\u043a\u0443\u0441 \u043f\u0443\u044d\u0440\u0430 \u043f\u0440\u0435\u0432\u0430\u043b\u0438\u0440\u0443\u0435\u0442 \u043d\u0430\u0434 \u043d\u043e\u0442\u0430\u043c\u0438 \u043a\u043b\u0443\u0431\u043d\u0438\u043a\u0438, \u043e\u043d\u0430 \u0447\u0443\u0432\u0441\u0442\u0432\u0443\u0435\u0442\u0441\u044f \u0442\u043e\u043b\u044c\u043a\u043e \u0432 \u0430\u0440\u043e\u043c\u0430\u0442\u0435, \u0434\u043e\u043f\u043e\u043b\u043d\u044f\u044f \u0438 \u043e\u0441\u0432\u0435\u0436\u0430\u044f \u0432\u043f\u0435\u0447\u0430\u0442\u043b\u0435\u043d\u0438\u0435 \u043e\u0442 \u043a\u043b\u0430\u0441\u0441\u0438\u0447\u0435\u0441\u043a\u043e\u0433\u043e \u042e\u043d\u044c\u043d\u0430\u043d\u044c\u0441\u043a\u043e\u0433\u043e \u0448\u0443.  <\/p>\n<p>\u0427\u0430\u0439 \u0431\u044b\u0441\u0442\u0440\u043e \u0438 \u044d\u0444\u0444\u0435\u043a\u0442\u043d\u043e \u0440\u0430\u0441\u043a\u0440\u044b\u0432\u0430\u0435\u0442\u0441\u044f, \u0432\u044b\u0434\u0435\u0440\u0436\u0438\u0432\u0430\u0435\u0442 \u0431\u043e\u043b\u0435\u0435 \u0441\u0435\u043c\u0438 \u043f\u0440\u043e\u043b\u0438\u0432\u043e\u0432.<\/p>\n<p>\u041a\u0438\u0442\u0430\u0439\u0441\u043a\u0438\u0439 \u0447\u0430\u0439 \u0428\u0443 \u043f\u0443\u044d\u0440 \u0441 \u043b\u0438\u0441\u0442\u044c\u044f\u043c\u0438 \u0447\u0435\u0440\u043d\u043e\u0439 \u0441\u043c\u043e\u0440\u043e\u0434\u0438\u043d\u044b, \u043a\u0443\u0441\u043e\u0447\u043a\u0430\u043c\u0438 \u043a\u043b\u0443\u0431\u043d\u0438\u043a\u0438 \u0438 \u0445\u0440\u0443\u0441\u0442\u044f\u0449\u0435\u0433\u043e \u0439\u043e\u0433\u0443\u0440\u0442\u0430.<\/p>\n<p>\u041d\u0430\u043f\u0438\u0442\u043e\u043a \u0442\u0435\u043c\u043d\u043e-\u043a\u043e\u0440\u0438\u0447\u043d\u0435\u0432\u043e\u0433\u043e \u0446\u0432\u0435\u0442\u0430 \u0441\u043e \u0441\u043b\u0430\u0434\u043a\u043e\u0432\u0430\u0442\u044b\u043c \u044f\u0433\u043e\u0434\u043d\u044b\u043c \u0432\u043a\u0443\u0441\u043e\u043c \u0438 \u0430\u0440\u043e\u043c\u0430\u0442\u043e\u043c \u043a\u043b\u0443\u0431\u043d\u0438\u043a\u0438.<\/p>\n<p>Se prepar\u0103 1 linguri\u021b\u0103 la 250 ml la o temperatur\u0103 a apei de 95 CP, se insist\u0103 timp de 3-5 minute pentru a ob\u021bine o b\u0103utur\u0103 cu un gust delicat.<\/p>\n<p>Aceea\u0219i b\u0103utur\u0103 poate fi turnat\u0103 de p\u00e2n\u0103 la 5-7 ori la r\u00e2nd, de fiecare dat\u0103 prelungind timpul de perfuzie cu aproximativ 1 minut. P\u0103stra\u021bi-l timp de maximum 5 minute, nu pute\u021bi insista mult timp, b\u0103utura va deveni tart\u0103. <\/p>\n","protected":false},"featured_media":14408,"comment_status":"open","ping_status":"closed","template":"","meta":[],"product_brand":[],"product_cat":[336,340],"product_tag":[],"class_list":{"0":"post-14409","1":"product","2":"type-product","3":"status-publish","4":"has-post-thumbnail","6":"product_cat-puer","7":"product_cat-shu-puer","9":"first","10":"instock","11":"shipping-taxable","12":"purchasable","13":"product-type-variable","14":"has-default-attributes"},"_links":{"self":[{"href":"https:\/\/tea-shop.md\/ro\/wp-json\/wp\/v2\/product\/14409","targetHints":{"allow":["GET"]}}],"collection":[{"href":"https:\/\/tea-shop.md\/ro\/wp-json\/wp\/v2\/product"}],"about":[{"href":"https:\/\/tea-shop.md\/ro\/wp-json\/wp\/v2\/types\/product"}],"replies":[{"embeddable":true,"href":"https:\/\/tea-shop.md\/ro\/wp-json\/wp\/v2\/comments?post=14409"}],"version-history":[{"count":1,"href":"https:\/\/tea-shop.md\/ro\/wp-json\/wp\/v2\/product\/14409\/revisions"}],"predecessor-version":[{"id":14875,"href":"https:\/\/tea-shop.md\/ro\/wp-json\/wp\/v2\/product\/14409\/revisions\/14875"}],"wp:featuredmedia":[{"embeddable":true,"href":"https:\/\/tea-shop.md\/ro\/wp-json\/wp\/v2\/media\/14408"}],"wp:attachment":[{"href":"https:\/\/tea-shop.md\/ro\/wp-json\/wp\/v2\/media?parent=14409"}],"wp:term":[{"taxonomy":"product_brand","embeddable":true,"href":"https:\/\/tea-shop.md\/ro\/wp-json\/wp\/v2\/product_brand?post=14409"},{"taxonomy":"product_cat","embeddable":true,"href":"https:\/\/tea-shop.md\/ro\/wp-json\/wp\/v2\/product_cat?post=14409"},{"taxonomy":"product_tag","embeddable":true,"href":"https:\/\/tea-shop.md\/ro\/wp-json\/wp\/v2\/product_tag?post=14409"}],"curies":[{"name":"wp","href":"https:\/\/api.w.org\/{rel}","templated":true}]}}