{"id":14420,"date":"2025-12-09T22:16:41","date_gmt":"2025-12-09T20:16:41","guid":{"rendered":"https:\/\/tea-shop.md\/product\/shu-puer-cu-orez-lipicios\/"},"modified":"2026-03-31T19:37:46","modified_gmt":"2026-03-31T16:37:46","slug":"shu-puer-cu-orez-lipicios","status":"publish","type":"product","link":"https:\/\/tea-shop.md\/ro\/produs\/shu-puer-cu-orez-lipicios\/","title":{"rendered":"Shu puer cu orez lipicios"},"content":{"rendered":"<p>Shu Puer cu orez glutinos este o combina\u021bie pl\u0103cut\u0103 a gustului \u0219i am\u0103r\u0103ciunii Shu Puer cu gustul bogat \u0219i concis al orezului glutinos.<\/p>\n<p>Gustul se deschide treptat, \u00eencep\u00e2nd cu note de Shu Puer p\u0103m\u00e2ntesc, dar \u00eenainte de punctul de v\u00e2rf al am\u0103r\u0103ciunii, orezul lipicios \u00eencepe s\u0103 se deschid\u0103, bloc\u00e2nd am\u0103r\u0103ciunea \u0219i taritatea Shu Puer.<\/p>\n<p>Se prepar\u0103 folosind metoda de turnare: pune\u021bi tableta \u00eentr-o cea\u0219c\u0103 sau ceainic, turna\u021bi ap\u0103 clocotit\u0103 peste ea \u0219i l\u0103sa\u021bi-o s\u0103 stea timp de 10 p\u00e2n\u0103 la 40 de secunde. Apoi este necesar s\u0103 scurge\u021bi infuzia, turna\u021bi din nou ap\u0103 clocotit\u0103 peste ea. Procedura de preparare a berii poate fi efectuat\u0103 de p\u00e2n\u0103 la 7 ori. Pe str\u00e2mtoarea a 4-a, ceaiul \u00ee\u0219i dezv\u0103luie pe deplin aroma \u0219i propriet\u0103\u021bile aromatice.   <\/p>\n<p>Mini tocha 5-7 grame.<\/p>\n<p>&nbsp;<\/p>\n","protected":false},"excerpt":{"rendered":"<p>\u0428\u0443 \u043f\u0443\u044d\u0440 \u041d\u043e\u043c\u0438 \u0421\u044f\u043d \u2013 \u044d\u0442\u043e \u0443\u043d\u0438\u043a\u0430\u043b\u044c\u043d\u044b\u0439 \u043a\u0438\u0442\u0430\u0439\u0441\u043a\u0438\u0439 \u0447\u0430\u0439 \u0441 \u043d\u0430\u0441\u044b\u0449\u0435\u043d\u043d\u044b\u043c \u0432\u043a\u0443\u0441\u043e\u043c \u0438 \u0432\u044b\u0440\u0430\u0437\u0438\u0442\u0435\u043b\u044c\u043d\u044b\u043c \u0430\u0440\u043e\u043c\u0430\u0442\u043e\u043c \u043a\u043b\u0435\u0439\u043a\u043e\u0433\u043e \u0440\u0438\u0441\u0430. \u042d\u0442\u043e\u0442 \u0447\u0430\u0439 \u043e\u0441\u043e\u0431\u0435\u043d\u043d\u043e \u043f\u043e\u043f\u0443\u043b\u044f\u0440\u0435\u043d \u043d\u0430 \u044e\u0433\u0435 \u041a\u0438\u0442\u0430\u044f, \u0433\u0434\u0435 \u0435\u0433\u043e \u0446\u0435\u043d\u044f\u0442 \u0437\u0430 \u043c\u044f\u0433\u043a\u043e\u0441\u0442\u044c, \u0441\u043e\u0433\u0440\u0435\u0432\u0430\u044e\u0449\u0438\u0439 \u044d\u0444\u0444\u0435\u043a\u0442 \u0438 \u043f\u043e\u043b\u0435\u0437\u043d\u044b\u0435 \u0441\u0432\u043e\u0439\u0441\u0442\u0432\u0430. <\/p>\n<p>\u0428\u0443 \u043f\u0443\u044d\u0440 \u0442\u0440\u0430\u0434\u0438\u0446\u0438\u043e\u043d\u043d\u043e \u0438\u0437\u0432\u0435\u0441\u0442\u0435\u043d \u0441\u0432\u043e\u0438\u043c\u0438 \u043f\u043e\u043b\u0435\u0437\u043d\u044b\u043c\u0438 \u0441\u0432\u043e\u0439\u0441\u0442\u0432\u0430\u043c\u0438. \u0411\u043b\u0430\u0433\u043e\u0434\u0430\u0440\u044f \u0444\u0435\u0440\u043c\u0435\u043d\u0442\u0430\u0446\u0438\u0438 \u043e\u043d \u0441\u043e\u0434\u0435\u0440\u0436\u0438\u0442 \u043c\u043d\u043e\u0436\u0435\u0441\u0442\u0432\u043e \u043f\u043e\u043b\u0435\u0437\u043d\u044b\u0445 \u043c\u0438\u043a\u0440\u043e\u044d\u043b\u0435\u043c\u0435\u043d\u0442\u043e\u0432, \u043a\u043e\u0442\u043e\u0440\u044b\u0435 \u0431\u043b\u0430\u0433\u043e\u0442\u0432\u043e\u0440\u043d\u043e \u0432\u043b\u0438\u044f\u044e\u0442 \u043d\u0430 \u043f\u0438\u0449\u0435\u0432\u0430\u0440\u0435\u043d\u0438\u0435 \u0438 \u043e\u0431\u043c\u0435\u043d \u0432\u0435\u0449\u0435\u0441\u0442\u0432. \u041d\u043e\u043c\u0438 \u0421\u044f\u043d \u043e\u0441\u043e\u0431\u0435\u043d\u043d\u043e \u0446\u0435\u043d\u044f\u0442 \u0437\u0430 \u0435\u0433\u043e \u0441\u043f\u043e\u0441\u043e\u0431\u043d\u043e\u0441\u0442\u044c:  <\/p>\n<ul>\n<li>\u0423\u043b\u0443\u0447\u0448\u0430\u0442\u044c \u0440\u0430\u0431\u043e\u0442\u0443 \u0436\u0435\u043b\u0443\u0434\u043a\u0430 \u0438 \u043f\u043e\u043c\u043e\u0433\u0430\u0442\u044c \u043f\u0435\u0440\u0435\u0432\u0430\u0440\u0438\u0432\u0430\u0442\u044c \u0442\u044f\u0436\u0435\u043b\u0443\u044e \u043f\u0438\u0449\u0443.<\/li>\n<li>\u041e\u043a\u0430\u0437\u044b\u0432\u0430\u0442\u044c \u043c\u044f\u0433\u043a\u043e\u0435 \u0442\u043e\u043d\u0438\u0437\u0438\u0440\u0443\u044e\u0449\u0435\u0435 \u0434\u0435\u0439\u0441\u0442\u0432\u0438\u0435, \u043d\u0435 \u0432\u044b\u0437\u044b\u0432\u0430\u044f \u043f\u0435\u0440\u0435\u0432\u043e\u0437\u0431\u0443\u0436\u0434\u0435\u043d\u0438\u044f.<\/li>\n<li>\u0423\u0442\u043e\u043b\u044f\u0442\u044c \u0436\u0430\u0436\u0434\u0443 \u0438 \u043e\u0441\u0432\u0435\u0436\u0430\u0442\u044c \u0432 \u0436\u0430\u0440\u043a\u0443\u044e \u043f\u043e\u0433\u043e\u0434\u0443, \u0431\u043b\u0430\u0433\u043e\u0434\u0430\u0440\u044f \u043e\u0441\u043e\u0431\u044b\u043c \u0441\u0432\u043e\u0439\u0441\u0442\u0432\u0430\u043c \u0447\u0430\u0439\u043d\u043e\u0433\u043e \u043d\u0430\u0441\u0442\u043e\u044f.<\/li>\n<li>\u0421\u043f\u043e\u0441\u043e\u0431\u0441\u0442\u0432\u043e\u0432\u0430\u0442\u044c \u0432\u044b\u0432\u0435\u0434\u0435\u043d\u0438\u044e \u0442\u043e\u043a\u0441\u0438\u043d\u043e\u0432 \u0438\u0437 \u043e\u0440\u0433\u0430\u043d\u0438\u0437\u043c\u0430 \u0438 \u043d\u043e\u0440\u043c\u0430\u043b\u0438\u0437\u0430\u0446\u0438\u0438 \u0432\u0435\u0441\u0430.<\/li>\n<\/ul>\n<p>\u041f\u0440\u0438 \u0437\u0430\u0432\u0430\u0440\u0438\u0432\u0430\u043d\u0438\u0438 \u044d\u0442\u043e\u0442 \u0447\u0430\u0439 \u043f\u0440\u0438\u043e\u0431\u0440\u0435\u0442\u0430\u0435\u0442 \u0431\u0430\u0440\u0445\u0430\u0442\u0438\u0441\u0442\u044b\u0439, \u0433\u043b\u0443\u0431\u043e\u043a\u0438\u0439 \u0432\u043a\u0443\u0441 \u0441 \u043d\u043e\u0442\u0430\u043c\u0438 \u043e\u0440\u0435\u0445\u043e\u0432, \u0434\u0440\u0435\u0432\u0435\u0441\u0438\u043d\u044b \u0438 \u0441\u043b\u0430\u0434\u043a\u043e\u0432\u0430\u0442\u043e\u0433\u043e \u0440\u0438\u0441\u043e\u0432\u043e\u0433\u043e \u043e\u0442\u0442\u0435\u043d\u043a\u0430.<\/p>\n<p>\u0417\u0430\u0432\u0430\u0440\u0438\u0432\u0430\u0442\u044c \u043f\u0440\u0438 \u0442\u0435\u043c\u043f\u0435\u0440\u0430\u0442\u0443\u0440\u0435 \u0432\u043e\u0434\u044b \u043c\u043b 95 &#8211; 97 \u00b0C, \u043d\u0430\u0441\u0442\u043e\u044f\u0442\u044c \u0432 \u0442\u0435\u0447\u0435\u043d\u0438\u0435 3-5 \u043c\u0438\u043d, \u0447\u0442\u043e\u0431\u044b \u043f\u043e\u043b\u0443\u0447\u0438\u0442\u044c \u043d\u0430\u043f\u0438\u0442\u043e\u043a \u0441 \u0434\u0435\u043b\u0438\u043a\u0430\u0442\u043d\u044b\u043c \u0432\u043a\u0443\u0441\u043e\u043c. Aceea\u0219i b\u0103utur\u0103 poate fi turnat\u0103 de p\u00e2n\u0103 la 5-7 ori la r\u00e2nd, de fiecare dat\u0103 prelungind timpul de perfuzie cu aproximativ 1 minut. P\u0103stra\u021bi-l timp de maximum 5 minute, nu pute\u021bi insista mult timp, b\u0103utura va deveni tart\u0103.<\/p>\n","protected":false},"featured_media":13395,"comment_status":"open","ping_status":"closed","template":"","meta":[],"product_brand":[],"product_cat":[336,340],"product_tag":[],"class_list":{"0":"post-14420","1":"product","2":"type-product","3":"status-publish","4":"has-post-thumbnail","6":"product_cat-puer","7":"product_cat-shu-puer","9":"first","10":"instock","11":"shipping-taxable","12":"purchasable","13":"product-type-simple"},"_links":{"self":[{"href":"https:\/\/tea-shop.md\/ro\/wp-json\/wp\/v2\/product\/14420","targetHints":{"allow":["GET"]}}],"collection":[{"href":"https:\/\/tea-shop.md\/ro\/wp-json\/wp\/v2\/product"}],"about":[{"href":"https:\/\/tea-shop.md\/ro\/wp-json\/wp\/v2\/types\/product"}],"replies":[{"embeddable":true,"href":"https:\/\/tea-shop.md\/ro\/wp-json\/wp\/v2\/comments?post=14420"}],"version-history":[{"count":1,"href":"https:\/\/tea-shop.md\/ro\/wp-json\/wp\/v2\/product\/14420\/revisions"}],"predecessor-version":[{"id":14869,"href":"https:\/\/tea-shop.md\/ro\/wp-json\/wp\/v2\/product\/14420\/revisions\/14869"}],"wp:featuredmedia":[{"embeddable":true,"href":"https:\/\/tea-shop.md\/ro\/wp-json\/wp\/v2\/media\/13395"}],"wp:attachment":[{"href":"https:\/\/tea-shop.md\/ro\/wp-json\/wp\/v2\/media?parent=14420"}],"wp:term":[{"taxonomy":"product_brand","embeddable":true,"href":"https:\/\/tea-shop.md\/ro\/wp-json\/wp\/v2\/product_brand?post=14420"},{"taxonomy":"product_cat","embeddable":true,"href":"https:\/\/tea-shop.md\/ro\/wp-json\/wp\/v2\/product_cat?post=14420"},{"taxonomy":"product_tag","embeddable":true,"href":"https:\/\/tea-shop.md\/ro\/wp-json\/wp\/v2\/product_tag?post=14420"}],"curies":[{"name":"wp","href":"https:\/\/api.w.org\/{rel}","templated":true}]}}