{"id":14421,"date":"2025-12-09T22:16:41","date_gmt":"2025-12-09T20:16:41","guid":{"rendered":"https:\/\/tea-shop.md\/product\/shu-puer-chen-pi-cu-mandarina\/"},"modified":"2026-03-31T19:36:57","modified_gmt":"2026-03-31T16:36:57","slug":"shu-puer-chen-pi-cu-mandarina","status":"publish","type":"product","link":"https:\/\/tea-shop.md\/ro\/produs\/shu-puer-chen-pi-cu-mandarina\/","title":{"rendered":"Shu Puer<\/br> &#8222;Chen Pi&#8221; cu mandarin\u0103"},"content":{"rendered":"<p>Acest Shu Pu &#8216; Er este o combina\u021bie rafinat\u0103 de ceai \u00eemb\u0103tr\u00e2nit \u0219i coaj\u0103 natural\u0103 de mandarin\u0103. Materiile prime ale ceaiului au fost recoltate \u00een 2019, presate \u00een 2023 \u0219i prelucrate folosind tehnologia clasic\u0103 de fermentare, iar coaja de mandarin\u0103 adaug\u0103 note de prospe\u021bime citric\u0103 \u0219i dulcea\u021b\u0103 pl\u0103cut\u0103. <\/p>\n<p>Aroma este bogat\u0103, cu note calde de lemn, fructe uscate \u0219i citrice proaspete.<\/p>\n<p>Gustul este armonios, profund \u0219i bl\u00e2nd, cu o dulcea\u021b\u0103 pl\u0103cut\u0103 \u0219i un postgust lung, cu un u\u0219or accent de mandarin\u0103.<\/p>\n<p>\u00cembun\u0103t\u0103\u021be\u0219te digestia \u0219i scade nivelul colesterolului. Are un efect de tonifiere \u0219i \u00eenc\u0103lzire. Mirosul de mandarin\u0103 ajut\u0103 la relaxarea \u0219i ameliorarea stresului.  <\/p>\n<p>Se prepar\u0103 folosind metoda de turnare: rupe\u021bi o bucat\u0103 mic\u0103 (6-8 g) cu un cu\u021bit sau o lingur\u0103, pune\u021bi-o \u00eentr-o cea\u0219c\u0103 sau ceainic, turna\u021bi ap\u0103 clocotit\u0103 \u0219i l\u0103sa\u021bi-o s\u0103 stea timp de 10 p\u00e2n\u0103 la 40 de secunde. Apoi este necesar s\u0103 scurge\u021bi infuzia, turna\u021bi din nou ap\u0103 clocotit\u0103 peste ea. Procedura de preparare a berii poate fi efectuat\u0103 de p\u00e2n\u0103 la 7 ori. Pe str\u00e2mtoarea a 4-a, ceaiul \u00ee\u0219i dezv\u0103luie pe deplin aroma \u0219i propriet\u0103\u021bile aromatice.   <\/p>\n<p>Presa este de 100 de grame.<\/p>\n","protected":false},"excerpt":{"rendered":"<p>Acest Shu Pu &#8216; Er este o combina\u021bie rafinat\u0103 de ceai \u00eemb\u0103tr\u00e2nit \u0219i coaj\u0103 natural\u0103 de mandarin\u0103. Materiile prime ale<\/p>\n","protected":false},"featured_media":13323,"comment_status":"open","ping_status":"closed","template":"","meta":[],"product_brand":[],"product_cat":[336,340],"product_tag":[],"class_list":{"0":"post-14421","1":"product","2":"type-product","3":"status-publish","4":"has-post-thumbnail","6":"product_cat-puer","7":"product_cat-shu-puer","9":"first","10":"instock","11":"shipping-taxable","12":"purchasable","13":"product-type-simple"},"_links":{"self":[{"href":"https:\/\/tea-shop.md\/ro\/wp-json\/wp\/v2\/product\/14421","targetHints":{"allow":["GET"]}}],"collection":[{"href":"https:\/\/tea-shop.md\/ro\/wp-json\/wp\/v2\/product"}],"about":[{"href":"https:\/\/tea-shop.md\/ro\/wp-json\/wp\/v2\/types\/product"}],"replies":[{"embeddable":true,"href":"https:\/\/tea-shop.md\/ro\/wp-json\/wp\/v2\/comments?post=14421"}],"version-history":[{"count":1,"href":"https:\/\/tea-shop.md\/ro\/wp-json\/wp\/v2\/product\/14421\/revisions"}],"predecessor-version":[{"id":14868,"href":"https:\/\/tea-shop.md\/ro\/wp-json\/wp\/v2\/product\/14421\/revisions\/14868"}],"wp:featuredmedia":[{"embeddable":true,"href":"https:\/\/tea-shop.md\/ro\/wp-json\/wp\/v2\/media\/13323"}],"wp:attachment":[{"href":"https:\/\/tea-shop.md\/ro\/wp-json\/wp\/v2\/media?parent=14421"}],"wp:term":[{"taxonomy":"product_brand","embeddable":true,"href":"https:\/\/tea-shop.md\/ro\/wp-json\/wp\/v2\/product_brand?post=14421"},{"taxonomy":"product_cat","embeddable":true,"href":"https:\/\/tea-shop.md\/ro\/wp-json\/wp\/v2\/product_cat?post=14421"},{"taxonomy":"product_tag","embeddable":true,"href":"https:\/\/tea-shop.md\/ro\/wp-json\/wp\/v2\/product_tag?post=14421"}],"curies":[{"name":"wp","href":"https:\/\/api.w.org\/{rel}","templated":true}]}}