{"id":14422,"date":"2025-12-09T22:16:40","date_gmt":"2025-12-09T20:16:40","guid":{"rendered":"https:\/\/tea-shop.md\/product\/shu-puer-cu-un-trandafir\/"},"modified":"2026-03-31T19:36:09","modified_gmt":"2026-03-31T16:36:09","slug":"shu-puer-cu-un-trandafir","status":"publish","type":"product","link":"https:\/\/tea-shop.md\/ro\/produs\/shu-puer-cu-un-trandafir\/","title":{"rendered":"Shu puer cu un trandafir"},"content":{"rendered":"<p>Ad\u0103ugarea petalelor de trandafir la pu-erh este o modalitate antic\u0103 chinez\u0103 de a spori aroma \u0219i gustul acestui ceai. Petalele roz confer\u0103 puerului o nuan\u021b\u0103 floral\u0103 rafinat\u0103 \u0219i o fac mai atractiv\u0103 \u0219i mai parfumat\u0103. \u00cen plus, petalele de trandafir au \u0219i propriile propriet\u0103\u021bi benefice care adaug\u0103 valoare acestui ceai.<\/p>\n<p>Ceaiul Shu Puer cu petale de trandafir are multe propriet\u0103\u021bi benefice pentru s\u0103n\u0103tate. Este bogat \u00een antioxidan\u021bi care ajut\u0103 la protejarea organismului de radicalii liberi \u0219i la reducerea inflama\u021biei. Acest ceai ajut\u0103, de asemenea, la \u00eembun\u0103t\u0103\u021birea digestiei, la sc\u0103derea nivelului de colesterol \u0219i la men\u021binerea microflorei intestinale s\u0103n\u0103toase.  <\/p>\n<p>Se prepar\u0103 folosind metoda de turnare: pune\u021bi tableta \u00eentr-o cea\u0219c\u0103 sau ceainic, turna\u021bi ap\u0103 clocotit\u0103 peste ea \u0219i l\u0103sa\u021bi-o s\u0103 stea timp de 10 p\u00e2n\u0103 la 40 de secunde. Apoi este necesar s\u0103 scurge\u021bi infuzia, turna\u021bi din nou ap\u0103 clocotit\u0103 peste ea. Procedura de preparare a berii poate fi efectuat\u0103 de p\u00e2n\u0103 la 7 ori. Pe str\u00e2mtoarea a 4-a, ceaiul \u00ee\u0219i dezv\u0103luie pe deplin aroma \u0219i propriet\u0103\u021bile aromatice.   <\/p>\n<p>Mini tocha 5-7 grame.<\/p>\n<p>2015 anul.<\/p>\n","protected":false},"excerpt":{"rendered":"<p>\u0414\u043e\u0431\u0430\u0432\u043b\u0435\u043d\u0438\u0435 \u0440\u043e\u0437\u043e\u0432\u044b\u0445 \u043b\u0435\u043f\u0435\u0441\u0442\u043a\u043e\u0432 \u0432 \u043f\u0443\u044d\u0440 \u2013 \u044d\u0442\u043e \u0434\u0440\u0435\u0432\u043d\u0438\u0439 \u043a\u0438\u0442\u0430\u0439\u0441\u043a\u0438\u0439 \u0441\u043f\u043e\u0441\u043e\u0431 \u0443\u043b\u0443\u0447\u0448\u0438\u0442\u044c \u0430\u0440\u043e\u043c\u0430\u0442 \u0438 \u0432\u043a\u0443\u0441 \u044d\u0442\u043e\u0433\u043e \u0447\u0430\u044f. \u0420\u043e\u0437\u043e\u0432\u044b\u0435 \u043b\u0435\u043f\u0435\u0441\u0442\u043a\u0438 \u043f\u0440\u0438\u0434\u0430\u044e\u0442 \u043f\u0443\u044d\u0440\u0443 \u0438\u0437\u044b\u0441\u043a\u0430\u043d\u043d\u044b\u0439 \u0446\u0432\u0435\u0442\u043e\u0447\u043d\u044b\u0439 \u043e\u0442\u0442\u0435\u043d\u043e\u043a \u0438 \u0434\u0435\u043b\u0430\u044e\u0442 \u0435\u0433\u043e \u0431\u043e\u043b\u0435\u0435 \u043f\u0440\u0438\u0432\u043b\u0435\u043a\u0430\u0442\u0435\u043b\u044c\u043d\u044b\u043c \u0438 \u0430\u0440\u043e\u043c\u0430\u0442\u043d\u044b\u043c. \u041a\u0440\u043e\u043c\u0435 \u0442\u043e\u0433\u043e, \u0440\u043e\u0437\u043e\u0432\u044b\u0435 \u043b\u0435\u043f\u0435\u0441\u0442\u043a\u0438 \u0442\u0430\u043a\u0436\u0435 \u043e\u0431\u043b\u0430\u0434\u0430\u044e\u0442 \u0441\u0432\u043e\u0438\u043c\u0438 \u0441\u043e\u0431\u0441\u0442\u0432\u0435\u043d\u043d\u044b\u043c\u0438 \u043f\u043e\u043b\u0435\u0437\u043d\u044b\u043c\u0438 \u0441\u0432\u043e\u0439\u0441\u0442\u0432\u0430\u043c\u0438, \u043a\u043e\u0442\u043e\u0440\u044b\u0435 \u0434\u043e\u0431\u0430\u0432\u043b\u044f\u044e\u0442 \u0446\u0435\u043d\u043d\u043e\u0441\u0442\u044c \u044d\u0442\u043e\u043c\u0443 \u0447\u0430\u044e. \u0420\u0430\u0441\u0444\u0430\u0441\u043e\u0432\u043a\u0430 \u0447\u0430\u044f \u0432 \u043c\u0438\u043d\u0438 \u0442\u043e\u0447\u0438 \u043a\u0441\u0442\u0430\u0442\u0438 \u0435\u0449\u0435 \u0438 \u0434\u0430\u0435\u0442 \u0443\u0434\u043e\u0431\u0441\u0442\u0432\u043e \u0438 \u043f\u0440\u0430\u043a\u0442\u0438\u0447\u043d\u043e\u0441\u0442\u044c \u043f\u0440\u0438 \u0438\u0441\u043f\u043e\u043b\u044c\u0437\u043e\u0432\u0430\u043d\u0438\u0438 \u0447\u0430\u044f. \u041a\u0430\u0436\u0434\u0430\u044f \u0442\u043e\u0447\u0430 \u0441\u043e\u0434\u0435\u0440\u0436\u0438\u0442 \u043e\u043f\u0442\u0438\u043c\u0430\u043b\u044c\u043d\u043e\u0435 \u043a\u043e\u043b\u0438\u0447\u0435\u0441\u0442\u0432\u043e \u0447\u0430\u0439\u043d\u044b\u0445 \u043b\u0438\u0441\u0442\u044c\u0435\u0432 \u043d\u0430 \u043e\u0434\u043d\u043e \u0437\u0430\u0432\u0430\u0440\u0438\u0432\u0430\u043d\u0438\u0435.    <\/p>\n<p>\u0427\u0430\u0439 \u0428\u0443 \u041f\u0443\u044d\u0440 \u041c\u0438\u043d\u0438 \u0422\u043e\u0447\u0430 \u0441 \u043b\u0435\u043f\u0435\u0441\u0442\u043a\u0430\u043c\u0438 \u0440\u043e\u0437\u044b \u0438\u043c\u0435\u0435\u0442 \u043c\u043d\u043e\u0436\u0435\u0441\u0442\u0432\u043e \u0431\u043b\u0430\u0433\u043e\u0442\u0432\u043e\u0440\u043d\u044b\u0445 \u0441\u0432\u043e\u0439\u0441\u0442\u0432 \u0434\u043b\u044f \u0437\u0434\u043e\u0440\u043e\u0432\u044c\u044f. \u041e\u043d \u0431\u043e\u0433\u0430\u0442 \u0430\u043d\u0442\u0438\u043e\u043a\u0441\u0438\u0434\u0430\u043d\u0442\u0430\u043c\u0438, \u043a\u043e\u0442\u043e\u0440\u044b\u0435 \u043f\u043e\u043c\u043e\u0433\u0430\u044e\u0442 \u0437\u0430\u0449\u0438\u0442\u0438\u0442\u044c \u043e\u0440\u0433\u0430\u043d\u0438\u0437\u043c \u043e\u0442 \u0441\u0432\u043e\u0431\u043e\u0434\u043d\u044b\u0445 \u0440\u0430\u0434\u0438\u043a\u0430\u043b\u043e\u0432 \u0438 \u0441\u043d\u0438\u0437\u0438\u0442\u044c \u0432\u043e\u0441\u043f\u0430\u043b\u0435\u043d\u0438\u0435. \u042d\u0442\u043e\u0442 \u0447\u0430\u0439 \u0442\u0430\u043a\u0436\u0435 \u0441\u043f\u043e\u0441\u043e\u0431\u0441\u0442\u0432\u0443\u0435\u0442 \u0443\u043b\u0443\u0447\u0448\u0435\u043d\u0438\u044e \u043f\u0438\u0449\u0435\u0432\u0430\u0440\u0435\u043d\u0438\u044f, \u0441\u043d\u0438\u0436\u0435\u043d\u0438\u044e \u0443\u0440\u043e\u0432\u043d\u044f \u0445\u043e\u043b\u0435\u0441\u0442\u0435\u0440\u0438\u043d\u0430 \u0438 \u043f\u043e\u0434\u0434\u0435\u0440\u0436\u0430\u043d\u0438\u044e \u0437\u0434\u043e\u0440\u043e\u0432\u043e\u0439 \u043c\u0438\u043a\u0440\u043e\u0444\u043b\u043e\u0440\u044b \u0432 \u043a\u0438\u0448\u0435\u0447\u043d\u0438\u043a\u0435.  <\/p>\n<p>\u0417\u0430\u0432\u0430\u0440\u0438\u0432\u0430\u0442\u044c \u043f\u0440\u0438 \u0442\u0435\u043c\u043f\u0435\u0440\u0430\u0442\u0443\u0440\u0435 \u0432\u043e\u0434\u044b \u043c\u043b 95 &#8211; 97 \u00b0C, \u043d\u0430\u0441\u0442\u043e\u044f\u0442\u044c \u0432 \u0442\u0435\u0447\u0435\u043d\u0438\u0435 3-5 \u043c\u0438\u043d, \u0447\u0442\u043e\u0431\u044b \u043f\u043e\u043b\u0443\u0447\u0438\u0442\u044c \u043d\u0430\u043f\u0438\u0442\u043e\u043a \u0441 \u0434\u0435\u043b\u0438\u043a\u0430\u0442\u043d\u044b\u043c \u0432\u043a\u0443\u0441\u043e\u043c. Aceea\u0219i b\u0103utur\u0103 poate fi turnat\u0103 de p\u00e2n\u0103 la 5-7 ori la r\u00e2nd, de fiecare dat\u0103 prelungind timpul de perfuzie cu aproximativ 1 minut. P\u0103stra\u021bi-l timp de maximum 5 minute, nu pute\u021bi insista mult timp, b\u0103utura va deveni tart\u0103.<\/p>\n","protected":false},"featured_media":13361,"comment_status":"open","ping_status":"closed","template":"","meta":[],"product_brand":[],"product_cat":[336,340],"product_tag":[],"class_list":{"0":"post-14422","1":"product","2":"type-product","3":"status-publish","4":"has-post-thumbnail","6":"product_cat-puer","7":"product_cat-shu-puer","9":"first","10":"instock","11":"shipping-taxable","12":"purchasable","13":"product-type-simple"},"_links":{"self":[{"href":"https:\/\/tea-shop.md\/ro\/wp-json\/wp\/v2\/product\/14422","targetHints":{"allow":["GET"]}}],"collection":[{"href":"https:\/\/tea-shop.md\/ro\/wp-json\/wp\/v2\/product"}],"about":[{"href":"https:\/\/tea-shop.md\/ro\/wp-json\/wp\/v2\/types\/product"}],"replies":[{"embeddable":true,"href":"https:\/\/tea-shop.md\/ro\/wp-json\/wp\/v2\/comments?post=14422"}],"version-history":[{"count":1,"href":"https:\/\/tea-shop.md\/ro\/wp-json\/wp\/v2\/product\/14422\/revisions"}],"predecessor-version":[{"id":14867,"href":"https:\/\/tea-shop.md\/ro\/wp-json\/wp\/v2\/product\/14422\/revisions\/14867"}],"wp:featuredmedia":[{"embeddable":true,"href":"https:\/\/tea-shop.md\/ro\/wp-json\/wp\/v2\/media\/13361"}],"wp:attachment":[{"href":"https:\/\/tea-shop.md\/ro\/wp-json\/wp\/v2\/media?parent=14422"}],"wp:term":[{"taxonomy":"product_brand","embeddable":true,"href":"https:\/\/tea-shop.md\/ro\/wp-json\/wp\/v2\/product_brand?post=14422"},{"taxonomy":"product_cat","embeddable":true,"href":"https:\/\/tea-shop.md\/ro\/wp-json\/wp\/v2\/product_cat?post=14422"},{"taxonomy":"product_tag","embeddable":true,"href":"https:\/\/tea-shop.md\/ro\/wp-json\/wp\/v2\/product_tag?post=14422"}],"curies":[{"name":"wp","href":"https:\/\/api.w.org\/{rel}","templated":true}]}}